{"id":1905066,"date":"2025-07-10T11:14:06","date_gmt":"2025-07-10T09:14:06","guid":{"rendered":"https:\/\/liquidmaster.pl\/innovacar-a1-all-in-one-500g-pasta-polerska-aio\/"},"modified":"2026-04-18T04:30:43","modified_gmt":"2026-04-18T02:30:43","slug":"innovacar-a1-all-in-one-500g-pasta-polerska-aio","status":"publish","type":"product","link":"https:\/\/liquidmaster.pl\/en\/innovacar-a1-all-in-one-500g-pasta-polerska-aio\/","title":{"rendered":"Innovacar A1 All In One 500g - AIO polishing paste"},"content":{"rendered":"<p>Innovacar A1 All In One \u2013 is an intermediate car polishing paste that can also be used in the polishing process. Fast and easy to use abrasive paste that combines cutting performance with a high-quality finish, free of silicones.<\/p>\n<p>Main features:<\/p>\n<ul>\n<li>All in One: a paste for correction, polishing and finishing in one product.<\/li>\n<li>Suitable as a balanced polishing agent: it can be used as an intermediate abrasive paste in the second step of the classic polishing process.<\/li>\n<li>Layered grain technology: the paste grain is initially large and sharp. It breaks down by friction and releases the smaller but also sharp inner grain. Stratification progresses gradually and the grains become smaller but still active.<\/li>\n<li>Superior performance: removes scratches and oxidation, leaving an unmatched finish, without marks or holograms.<\/li>\n<li>Suitable for rotary and orbital polishers: it is a paste that can be used for both types of polishers.<\/li>\n<\/ul>\n<p>Summary of technical data:<\/p>\n<ul>\n<li>Removes scratches: YES<\/li>\n<li>High finish: YES<\/li>\n<li>Quick application: YES<\/li>\n<li>Cut: 5\/6<\/li>\n<li>Finish: 5\/6<\/li>\n<\/ul>\n<p>Capacity: 500 g<\/p>","protected":false},"excerpt":{"rendered":"<p>Innovacar A1 All In One \u2013 to po\u015brednia pasta do polerowania samochod\u00f3w, kt\u00f3ra mo\u017ce by\u0107 r\u00f3wnie\u017c stosowana w procesie polerowania. Szybka i \u0142atwa w u\u017cyciu pasta \u015bcierna, kt\u00f3ra \u0142\u0105czy wydajno\u015b\u0107 ci\u0119cia z wysokiej jako\u015bci wyko\u0144czeniem, bez silikon\u00f3w. G\u0142\u00f3wne cechy: All in One: to pasta do korekty, polerowania i wyka\u0144czania lakieru w jednym produkcie. Nadaje si\u0119&hellip;&nbsp;<a href=\"https:\/\/liquidmaster.pl\/en\/innovacar-a1-all-in-one-500g-pasta-polerska-aio\/\" rel=\"bookmark\">Read More \u00bb<span class=\"screen-reader-text\">Innovacar A1 All In One 500g - AIO polishing paste<\/span><\/a><\/p>","protected":false},"featured_media":1847070,"comment_status":"open","ping_status":"open","template":"","meta":{"neve_meta_sidebar":"","neve_meta_container":"","neve_meta_enable_content_width":"","neve_meta_content_width":0,"neve_meta_title_alignment":"","neve_meta_author_avatar":"","neve_post_elements_order":"","neve_meta_disable_header":"","neve_meta_disable_footer":"","neve_meta_disable_title":"","_themeisle_gutenberg_block_has_review":false},"product_brand":[],"product_cat":[845,789,748],"product_tag":[310],"class_list":{"0":"post-1905066","1":"product","2":"type-product","3":"status-publish","4":"has-post-thumbnail","6":"product_cat-pasty-aio","7":"product_cat-pasty-polerskie","8":"product_cat-polerowanie","9":"product_tag-innovacar","11":"first","12":"instock","13":"taxable","14":"shipping-taxable","15":"purchasable","16":"product-type-simple"},"_links":{"self":[{"href":"https:\/\/liquidmaster.pl\/en\/wp-json\/wp\/v2\/product\/1905066","targetHints":{"allow":["GET"]}}],"collection":[{"href":"https:\/\/liquidmaster.pl\/en\/wp-json\/wp\/v2\/product"}],"about":[{"href":"https:\/\/liquidmaster.pl\/en\/wp-json\/wp\/v2\/types\/product"}],"replies":[{"embeddable":true,"href":"https:\/\/liquidmaster.pl\/en\/wp-json\/wp\/v2\/comments?post=1905066"}],"wp:featuredmedia":[{"embeddable":true,"href":"https:\/\/liquidmaster.pl\/en\/wp-json\/wp\/v2\/media\/1847070"}],"wp:attachment":[{"href":"https:\/\/liquidmaster.pl\/en\/wp-json\/wp\/v2\/media?parent=1905066"}],"wp:term":[{"taxonomy":"product_brand","embeddable":true,"href":"https:\/\/liquidmaster.pl\/en\/wp-json\/wp\/v2\/product_brand?post=1905066"},{"taxonomy":"product_cat","embeddable":true,"href":"https:\/\/liquidmaster.pl\/en\/wp-json\/wp\/v2\/product_cat?post=1905066"},{"taxonomy":"product_tag","embeddable":true,"href":"https:\/\/liquidmaster.pl\/en\/wp-json\/wp\/v2\/product_tag?post=1905066"}],"curies":[{"name":"wp","href":"https:\/\/api.w.org\/{rel}","templated":true}]}}