{"id":1905062,"date":"2025-07-10T11:12:07","date_gmt":"2025-07-10T09:12:07","guid":{"rendered":"https:\/\/liquidmaster.pl\/innovacar-det-bowls-wiadro-detailingowe-z-separatorem-i-pokrywa\/"},"modified":"2026-04-18T04:30:42","modified_gmt":"2026-04-18T02:30:42","slug":"innovacar-det-bowls-wiadro-detailingowe-z-separatorem-i-pokrywa","status":"publish","type":"product","link":"https:\/\/liquidmaster.pl\/en\/innovacar-det-bowls-wiadro-detailingowe-z-separatorem-i-pokrywa\/","title":{"rendered":"Innovacar Det Bowls - detailing bucket with separator and lid"},"content":{"rendered":"<p>Innovacar Det Bowls - is a detailing bucket for car washing consisting of several parts. To use the two bucket method, simply purchase two, the product comes with &quot;wash&quot;, &quot;rinse&quot; and &quot;wheels&quot; stickers.<\/p>\n<p>The kit includes:<\/p>\n<ul>\n<li>Separator: Grid on the bottom to keep out the sand to make any residue settle to the bottom and keep the water clean.<\/li>\n<li>Cap Bowl: a special lid to close the bucket.<\/li>\n<li>Det Bowl + Labels: A graduated bucket with three &quot;wash&quot;, &quot;rinse&quot; and &quot;wheels&quot; stickers.<\/li>\n<\/ul>\n<p>Main features:<\/p>\n<ul>\n<li>Strong Plastic: The bucket is made of strong plastic for easy transportation and long service life.<\/li>\n<li>Metal Handle: The bucket has a metal handle for easy carrying and longer life.<\/li>\n<li>Lid: Comes with a lid to close the bucket.<\/li>\n<li>Size: 20 liters.<\/li>\n<li>Black colour.<\/li>\n<\/ul>","protected":false},"excerpt":{"rendered":"<p>Innovacar Det Bowls \u2013 to wiadro detailingowe do mycia samochodu sk\u0142adaj\u0105ce si\u0119 z kilku cz\u0119\u015bci. Aby u\u017cy\u0107 metody na dwa wiadra, wystarczy zakupi\u0107 dwie sztuki, produkt jest dostarczany z naklejkami \u201ewash\u201d, \u201erinse\u201d i \u201ewheels\u201d. W sk\u0142ad zestawu wchodzi: Separator: Kratka na dno chroni\u0105ca przed piaskiem, aby wszelkie pozosta\u0142o\u015bci osiad\u0142y na dnie i utrzyma\u0142y wod\u0119 w&hellip;&nbsp;<a href=\"https:\/\/liquidmaster.pl\/en\/innovacar-det-bowls-wiadro-detailingowe-z-separatorem-i-pokrywa\/\" rel=\"bookmark\">Read More \u00bb<span class=\"screen-reader-text\">Innovacar Det Bowls - detailing bucket with separator and lid<\/span><\/a><\/p>","protected":false},"featured_media":1847066,"comment_status":"open","ping_status":"open","template":"","meta":{"neve_meta_sidebar":"","neve_meta_container":"","neve_meta_enable_content_width":"","neve_meta_content_width":0,"neve_meta_title_alignment":"","neve_meta_author_avatar":"","neve_post_elements_order":"","neve_meta_disable_header":"","neve_meta_disable_footer":"","neve_meta_disable_title":"","_themeisle_gutenberg_block_has_review":false},"product_brand":[],"product_cat":[734,733,782],"product_tag":[310],"class_list":{"0":"post-1905062","1":"product","2":"type-product","3":"status-publish","4":"has-post-thumbnail","6":"product_cat-mycie-i-osuszanie","7":"product_cat-na-zewnatrz","8":"product_cat-wiadra-i-separatory","9":"product_tag-innovacar","11":"first","12":"instock","13":"taxable","14":"shipping-taxable","15":"purchasable","16":"product-type-simple"},"_links":{"self":[{"href":"https:\/\/liquidmaster.pl\/en\/wp-json\/wp\/v2\/product\/1905062","targetHints":{"allow":["GET"]}}],"collection":[{"href":"https:\/\/liquidmaster.pl\/en\/wp-json\/wp\/v2\/product"}],"about":[{"href":"https:\/\/liquidmaster.pl\/en\/wp-json\/wp\/v2\/types\/product"}],"replies":[{"embeddable":true,"href":"https:\/\/liquidmaster.pl\/en\/wp-json\/wp\/v2\/comments?post=1905062"}],"wp:featuredmedia":[{"embeddable":true,"href":"https:\/\/liquidmaster.pl\/en\/wp-json\/wp\/v2\/media\/1847066"}],"wp:attachment":[{"href":"https:\/\/liquidmaster.pl\/en\/wp-json\/wp\/v2\/media?parent=1905062"}],"wp:term":[{"taxonomy":"product_brand","embeddable":true,"href":"https:\/\/liquidmaster.pl\/en\/wp-json\/wp\/v2\/product_brand?post=1905062"},{"taxonomy":"product_cat","embeddable":true,"href":"https:\/\/liquidmaster.pl\/en\/wp-json\/wp\/v2\/product_cat?post=1905062"},{"taxonomy":"product_tag","embeddable":true,"href":"https:\/\/liquidmaster.pl\/en\/wp-json\/wp\/v2\/product_tag?post=1905062"}],"curies":[{"name":"wp","href":"https:\/\/api.w.org\/{rel}","templated":true}]}}