{"id":1905050,"date":"2025-07-10T11:06:05","date_gmt":"2025-07-10T09:06:05","guid":{"rendered":"https:\/\/liquidmaster.pl\/innovacar-clay-mitt-rekawica-do-glinkowania\/"},"modified":"2026-04-18T04:30:39","modified_gmt":"2026-04-18T02:30:39","slug":"innovacar-clay-mitt-rekawica-do-glinkowania","status":"publish","type":"product","link":"https:\/\/liquidmaster.pl\/en\/innovacar-clay-mitt-rekawica-do-glinkowania\/","title":{"rendered":"Innovacar Clay Mitt - a glove for claying"},"content":{"rendered":"<p>Innovacar Clay Mitt \u2013 is a decontamination glove created as an alternative to classic clay. The glove consists of clay on one side and microfiber on the other.<\/p>\n<p>Main features:<\/p>\n<ul>\n<li>Dual use: the glove consists of a polymer material resembling ordinary clay on one side and microfiber on the other. Decontamination should be performed with the clay side using an appropriate lubricant such as DL Lube, and rinsing and drying should be done with the microfiber side.<\/li>\n<li>Easy to use: It is designed for one-handed operation and allows easy and immediate access to hard-to-reach places.<\/li>\n<li>It can be used repeatedly: it is easy to clean, which allows for repeated use.<\/li>\n<li>No label: to guarantee safe use and avoid leaving marks on the car body.<\/li>\n<li>Dimensions: 13\u00d720 cm.<\/li>\n<li>Grey colour.<\/li>\n<\/ul>","protected":false},"excerpt":{"rendered":"<p>Innovacar Clay Mitt \u2013 to r\u0119kawica do dekontaminacji stworzona jako alternatywa dla klasycznej glinki. R\u0119kawica sk\u0142ada si\u0119 z jednej strony z glinki a z drugiej z mikrofibry. G\u0142\u00f3wne cechy: Podw\u00f3jne zastosowanie: r\u0119kawica sk\u0142ada si\u0119 z jednej strony z polimerowego materia\u0142u, przypominaj\u0105cego zwyk\u0142\u0105 glink\u0119, a z drugiej z mikrofibry. Dekontaminacj\u0119 nale\u017cy przeprowadza\u0107 stron\u0105 z glink\u0105, stosuj\u0105c&hellip;&nbsp;<a href=\"https:\/\/liquidmaster.pl\/en\/innovacar-clay-mitt-rekawica-do-glinkowania\/\" rel=\"bookmark\">Read More \u00bb<span class=\"screen-reader-text\">Innovacar Clay Mitt - a glove for claying<\/span><\/a><\/p>","protected":false},"featured_media":1847056,"comment_status":"open","ping_status":"open","template":"","meta":{"neve_meta_sidebar":"","neve_meta_container":"","neve_meta_enable_content_width":"","neve_meta_content_width":0,"neve_meta_title_alignment":"","neve_meta_author_avatar":"","neve_post_elements_order":"","neve_meta_disable_header":"","neve_meta_disable_footer":"","neve_meta_disable_title":"","_themeisle_gutenberg_block_has_review":false},"product_brand":[],"product_cat":[743,763,733],"product_tag":[310],"class_list":{"0":"post-1905050","1":"product","2":"type-product","3":"status-publish","4":"has-post-thumbnail","6":"product_cat-dekontaminacja","7":"product_cat-glinki-i-lubrykanty","8":"product_cat-na-zewnatrz","9":"product_tag-innovacar","11":"first","12":"instock","13":"taxable","14":"shipping-taxable","15":"purchasable","16":"product-type-simple"},"_links":{"self":[{"href":"https:\/\/liquidmaster.pl\/en\/wp-json\/wp\/v2\/product\/1905050","targetHints":{"allow":["GET"]}}],"collection":[{"href":"https:\/\/liquidmaster.pl\/en\/wp-json\/wp\/v2\/product"}],"about":[{"href":"https:\/\/liquidmaster.pl\/en\/wp-json\/wp\/v2\/types\/product"}],"replies":[{"embeddable":true,"href":"https:\/\/liquidmaster.pl\/en\/wp-json\/wp\/v2\/comments?post=1905050"}],"wp:featuredmedia":[{"embeddable":true,"href":"https:\/\/liquidmaster.pl\/en\/wp-json\/wp\/v2\/media\/1847056"}],"wp:attachment":[{"href":"https:\/\/liquidmaster.pl\/en\/wp-json\/wp\/v2\/media?parent=1905050"}],"wp:term":[{"taxonomy":"product_brand","embeddable":true,"href":"https:\/\/liquidmaster.pl\/en\/wp-json\/wp\/v2\/product_brand?post=1905050"},{"taxonomy":"product_cat","embeddable":true,"href":"https:\/\/liquidmaster.pl\/en\/wp-json\/wp\/v2\/product_cat?post=1905050"},{"taxonomy":"product_tag","embeddable":true,"href":"https:\/\/liquidmaster.pl\/en\/wp-json\/wp\/v2\/product_tag?post=1905050"}],"curies":[{"name":"wp","href":"https:\/\/api.w.org\/{rel}","templated":true}]}}