{"id":1905046,"date":"2025-07-10T11:04:06","date_gmt":"2025-07-10T09:04:06","guid":{"rendered":"https:\/\/liquidmaster.pl\/gyeon-q2m-wheel-set-bundle-box-zestaw-do-pielegnacji-kol\/"},"modified":"2026-04-18T04:30:38","modified_gmt":"2026-04-18T02:30:38","slug":"gyeon-q2m-wheel-set-bundle-box-zestaw-do-pielegnacji-kol","status":"publish","type":"product","link":"https:\/\/liquidmaster.pl\/en\/gyeon-q2m-wheel-set-bundle-box-zestaw-do-pielegnacji-kol\/","title":{"rendered":"Gyeon Q2M Wheel Set - Bundle Box wheel care kit"},"content":{"rendered":"<p>Gyeon Q2M Wash Set \u2013 a wheel care set from the Gyeon brand. Everything is packed in a very nice gift box.<\/p>\n<p>Set contains:<\/p>\n<ul>\n<li>Q\u00b2M IronWheel Cleaner 500 ml<\/li>\n<li>Q\u00b2M TireExpress 400 ml<\/li>\n<li>WheelMitt, TireApplicator<\/li>\n<li>Q\u00b2M TireCleaner 80 ml<\/li>\n<\/ul>","protected":false},"excerpt":{"rendered":"<p>Gyeon Q2M Wash Set \u2013 to zestaw do piel\u0119gnacji k\u00f3\u0142 od marki Gyeon. Ca\u0142o\u015b\u0107 zapakowana w bardzo \u0142adne, prezentowe pude\u0142ko. Zestaw zawiera: Q\u00b2M IronWheel Cleaner 500 ml Q\u00b2M TireExpress 400 ml WheelMitt, TireApplicator Q\u00b2M TireCleaner 80 ml<\/p>","protected":false},"featured_media":1847052,"comment_status":"open","ping_status":"open","template":"","meta":{"neve_meta_sidebar":"","neve_meta_container":"","neve_meta_enable_content_width":"","neve_meta_content_width":0,"neve_meta_title_alignment":"","neve_meta_author_avatar":"","neve_post_elements_order":"","neve_meta_disable_header":"","neve_meta_disable_footer":"","neve_meta_disable_title":"","_themeisle_gutenberg_block_has_review":false},"product_brand":[],"product_cat":[733,816,768,829],"product_tag":[302],"class_list":{"0":"post-1905046","1":"product","2":"type-product","3":"status-publish","4":"has-post-thumbnail","6":"product_cat-na-zewnatrz","7":"product_cat-tapicerka-skorzana","8":"product_cat-wnetrze-auta","9":"product_cat-zestawy","10":"product_tag-gyeon","12":"first","13":"outofstock","14":"taxable","15":"shipping-taxable","16":"purchasable","17":"product-type-simple"},"_links":{"self":[{"href":"https:\/\/liquidmaster.pl\/en\/wp-json\/wp\/v2\/product\/1905046","targetHints":{"allow":["GET"]}}],"collection":[{"href":"https:\/\/liquidmaster.pl\/en\/wp-json\/wp\/v2\/product"}],"about":[{"href":"https:\/\/liquidmaster.pl\/en\/wp-json\/wp\/v2\/types\/product"}],"replies":[{"embeddable":true,"href":"https:\/\/liquidmaster.pl\/en\/wp-json\/wp\/v2\/comments?post=1905046"}],"wp:featuredmedia":[{"embeddable":true,"href":"https:\/\/liquidmaster.pl\/en\/wp-json\/wp\/v2\/media\/1847052"}],"wp:attachment":[{"href":"https:\/\/liquidmaster.pl\/en\/wp-json\/wp\/v2\/media?parent=1905046"}],"wp:term":[{"taxonomy":"product_brand","embeddable":true,"href":"https:\/\/liquidmaster.pl\/en\/wp-json\/wp\/v2\/product_brand?post=1905046"},{"taxonomy":"product_cat","embeddable":true,"href":"https:\/\/liquidmaster.pl\/en\/wp-json\/wp\/v2\/product_cat?post=1905046"},{"taxonomy":"product_tag","embeddable":true,"href":"https:\/\/liquidmaster.pl\/en\/wp-json\/wp\/v2\/product_tag?post=1905046"}],"curies":[{"name":"wp","href":"https:\/\/api.w.org\/{rel}","templated":true}]}}