{"id":1905044,"date":"2025-07-10T11:03:00","date_gmt":"2025-07-10T09:03:00","guid":{"rendered":"https:\/\/liquidmaster.pl\/gyeon-q2m-ppf-set-bundle-box-zestaw-do-pielegnacji-folii-ochronnych\/"},"modified":"2026-04-18T04:30:38","modified_gmt":"2026-04-18T02:30:38","slug":"gyeon-q2m-ppf-set-bundle-box-zestaw-do-pielegnacji-folii-ochronnych","status":"publish","type":"product","link":"https:\/\/liquidmaster.pl\/en\/gyeon-q2m-ppf-set-bundle-box-zestaw-do-pielegnacji-folii-ochronnych\/","title":{"rendered":"Gyeon Q2M PPF Set - Bundle Box set for the care of protective films"},"content":{"rendered":"<p>Gyeon Q2M PPF Set - is a set containing everything you need to wash and maintain the paint protection film (PPF). The set comes in a nice box, making it a great choice for a gift.<\/p>\n<p>Set contains:<\/p>\n<ul>\n<li>Q2M PPF Wash 400 ml<\/li>\n<li>Q2M PPF Maintain 400 ml<\/li>\n<li>Q2M Wash Pad<\/li>\n<li>Q2M Silk Dryer 70 x 90 cm<\/li>\n<li>Q2M Polish Wipe 40 x 40 cm<\/li>\n<li>Q2M Wet Coat 80 ml (tester)<\/li>\n<\/ul>","protected":false},"excerpt":{"rendered":"<p>Gyeon Q2M PPF Set \u2013 to zestaw zawieraj\u0105cy wszystko, czego potrzeba do mycia i konserwacji folii do zabezpieczenia lakieru (PPF). Zestaw dostarczany jest w \u0142adnym pude\u0142ku, dzi\u0119ki czemu jest doskona\u0142ym wyborem na prezent. Zestaw zawiera: Q2M PPF Wash 400 ml Q2M PPF Maintain 400 ml Q2M Wash Pad Q2M Silk Dryer 70 x 90 cm&hellip;&nbsp;<a href=\"https:\/\/liquidmaster.pl\/en\/gyeon-q2m-ppf-set-bundle-box-zestaw-do-pielegnacji-folii-ochronnych\/\" rel=\"bookmark\">Read More \u00bb<span class=\"screen-reader-text\">Gyeon Q2M PPF Set - Bundle Box set for the care of protective films<\/span><\/a><\/p>","protected":false},"featured_media":1847051,"comment_status":"open","ping_status":"open","template":"","meta":{"neve_meta_sidebar":"","neve_meta_container":"","neve_meta_enable_content_width":"","neve_meta_content_width":0,"neve_meta_title_alignment":"","neve_meta_author_avatar":"","neve_post_elements_order":"","neve_meta_disable_header":"","neve_meta_disable_footer":"","neve_meta_disable_title":"","_themeisle_gutenberg_block_has_review":false},"product_brand":[],"product_cat":[733,816,768,829],"product_tag":[302],"class_list":{"0":"post-1905044","1":"product","2":"type-product","3":"status-publish","4":"has-post-thumbnail","6":"product_cat-na-zewnatrz","7":"product_cat-tapicerka-skorzana","8":"product_cat-wnetrze-auta","9":"product_cat-zestawy","10":"product_tag-gyeon","12":"first","13":"outofstock","14":"taxable","15":"shipping-taxable","16":"purchasable","17":"product-type-simple"},"_links":{"self":[{"href":"https:\/\/liquidmaster.pl\/en\/wp-json\/wp\/v2\/product\/1905044","targetHints":{"allow":["GET"]}}],"collection":[{"href":"https:\/\/liquidmaster.pl\/en\/wp-json\/wp\/v2\/product"}],"about":[{"href":"https:\/\/liquidmaster.pl\/en\/wp-json\/wp\/v2\/types\/product"}],"replies":[{"embeddable":true,"href":"https:\/\/liquidmaster.pl\/en\/wp-json\/wp\/v2\/comments?post=1905044"}],"wp:featuredmedia":[{"embeddable":true,"href":"https:\/\/liquidmaster.pl\/en\/wp-json\/wp\/v2\/media\/1847051"}],"wp:attachment":[{"href":"https:\/\/liquidmaster.pl\/en\/wp-json\/wp\/v2\/media?parent=1905044"}],"wp:term":[{"taxonomy":"product_brand","embeddable":true,"href":"https:\/\/liquidmaster.pl\/en\/wp-json\/wp\/v2\/product_brand?post=1905044"},{"taxonomy":"product_cat","embeddable":true,"href":"https:\/\/liquidmaster.pl\/en\/wp-json\/wp\/v2\/product_cat?post=1905044"},{"taxonomy":"product_tag","embeddable":true,"href":"https:\/\/liquidmaster.pl\/en\/wp-json\/wp\/v2\/product_tag?post=1905044"}],"curies":[{"name":"wp","href":"https:\/\/api.w.org\/{rel}","templated":true}]}}