{"id":1905032,"date":"2025-07-10T10:57:01","date_gmt":"2025-07-10T08:57:01","guid":{"rendered":"https:\/\/liquidmaster.pl\/innovacar-bag-torba-detailingowa\/"},"modified":"2026-04-18T04:30:35","modified_gmt":"2026-04-18T02:30:35","slug":"innovacar-bag-torba-detailingowa","status":"publish","type":"product","link":"https:\/\/liquidmaster.pl\/en\/innovacar-bag-torba-detailingowa\/","title":{"rendered":"Innovacar Bag - detailing bag"},"content":{"rendered":"<p>Innovacar Bag \u2013 a roomy bag for car detailing products is the perfect way to transport and organize these items. You can use it in the garage, at home, while traveling or in your detailing studio. Try it for transporting Innovacar products in the trunk of your car so that they are always at hand after self-service washing. You can also use it to transport all your essential products when visiting customers, fairs, shows, events or courses.<\/p>\n<p>Main features:<\/p>\n<ul>\n<li>Easy to carry: with shoulder strap and handles for easy transport.<\/li>\n<li>Upper pockets: the upper compartment is separated from the lower part with a handy zipper.<\/li>\n<li>Easy space organization: the lower part contains adjustable dividers with Velcro closure, so you can divide the compartment according to your needs and requirements.<\/li>\n<li>Durability: The bag is made entirely of nylon, making it extremely durable and ideal for carrying a variety of products and accessories.<\/li>\n<li>Lockable: the bag can be closed completely with a handy zipper.<\/li>\n<li>Dimensions: 50x20x26 cm (width x depth x height).<\/li>\n<li>Capacity: can hold up to ten 1 L bottles, or twelve 500 ml bottles, or twenty-one 100 ml bottles.<\/li>\n<li>Black colour<\/li>\n<li>Brand name: Innovacar logo.<\/li>\n<\/ul>","protected":false},"excerpt":{"rendered":"<p>Innovacar Bag \u2013 pojemna torba na produkty do detailingu samochodowego to idealny spos\u00f3b na transport i organizacj\u0119 tych przedmiot\u00f3w. Mo\u017cesz jej u\u017cywa\u0107 w gara\u017cu, w domu, w podr\u00f3\u017cy lub w swoim studiu detailingowym. Wypr\u00f3buj j\u0105 do transportu produkt\u00f3w Innovacar w baga\u017cniku samochodu, aby po myciu samoobs\u0142ugowym by\u0142y zawsze pod r\u0119k\u0105. Mo\u017cesz te\u017c wykorzysta\u0107 j\u0105 do&hellip;&nbsp;<a href=\"https:\/\/liquidmaster.pl\/en\/innovacar-bag-torba-detailingowa\/\" rel=\"bookmark\">Read More \u00bb<span class=\"screen-reader-text\">Innovacar Bag - detailing bag<\/span><\/a><\/p>","protected":false},"featured_media":1847041,"comment_status":"open","ping_status":"open","template":"","meta":{"neve_meta_sidebar":"","neve_meta_container":"","neve_meta_enable_content_width":"","neve_meta_content_width":0,"neve_meta_title_alignment":"","neve_meta_author_avatar":"","neve_post_elements_order":"","neve_meta_disable_header":"","neve_meta_disable_footer":"","neve_meta_disable_title":"","_themeisle_gutenberg_block_has_review":false},"product_brand":[],"product_cat":[757,811,856],"product_tag":[310],"class_list":{"0":"post-1905032","1":"product","2":"type-product","3":"status-publish","4":"has-post-thumbnail","6":"product_cat-akcesoria","7":"product_cat-pozostale-akcesoria","8":"product_cat-torby-i-organizery","9":"product_tag-innovacar","11":"first","12":"instock","13":"taxable","14":"shipping-taxable","15":"purchasable","16":"product-type-simple"},"_links":{"self":[{"href":"https:\/\/liquidmaster.pl\/en\/wp-json\/wp\/v2\/product\/1905032","targetHints":{"allow":["GET"]}}],"collection":[{"href":"https:\/\/liquidmaster.pl\/en\/wp-json\/wp\/v2\/product"}],"about":[{"href":"https:\/\/liquidmaster.pl\/en\/wp-json\/wp\/v2\/types\/product"}],"replies":[{"embeddable":true,"href":"https:\/\/liquidmaster.pl\/en\/wp-json\/wp\/v2\/comments?post=1905032"}],"wp:featuredmedia":[{"embeddable":true,"href":"https:\/\/liquidmaster.pl\/en\/wp-json\/wp\/v2\/media\/1847041"}],"wp:attachment":[{"href":"https:\/\/liquidmaster.pl\/en\/wp-json\/wp\/v2\/media?parent=1905032"}],"wp:term":[{"taxonomy":"product_brand","embeddable":true,"href":"https:\/\/liquidmaster.pl\/en\/wp-json\/wp\/v2\/product_brand?post=1905032"},{"taxonomy":"product_cat","embeddable":true,"href":"https:\/\/liquidmaster.pl\/en\/wp-json\/wp\/v2\/product_cat?post=1905032"},{"taxonomy":"product_tag","embeddable":true,"href":"https:\/\/liquidmaster.pl\/en\/wp-json\/wp\/v2\/product_tag?post=1905032"}],"curies":[{"name":"wp","href":"https:\/\/api.w.org\/{rel}","templated":true}]}}