{"id":1905020,"date":"2025-07-10T10:51:00","date_gmt":"2025-07-10T08:51:00","guid":{"rendered":"https:\/\/liquidmaster.pl\/innovacar-sd1-iron-thixo-rapid-1l-deironizer-do-lakieru-felg-oraz-szampon-deironizujacy\/"},"modified":"2026-04-20T08:09:15","modified_gmt":"2026-04-20T06:09:15","slug":"innovacar-sd1-iron-thixo-rapid-1l-deironizer-do-lakieru-felg-oraz-szampon-deironizujacy","status":"publish","type":"product","link":"https:\/\/liquidmaster.pl\/en\/innovacar-sd1-iron-thixo-rapid-1l-deironizer-do-lakieru-felg-oraz-szampon-deironizujacy\/","title":{"rendered":"Innovacar SD1 Iron Thixo Rapid 1L - deironizer for paintwork, rims and deironizing shampoo"},"content":{"rendered":"<p>Innovacar SD1 Iron Thixo Rapid - a fast-acting agent for removing metal deposits with a cleaning effect, which also allows it to be used as a care shampoo.<\/p>\n<p>Main features:<\/p>\n<ul>\n<li>Removes metallic residues: suitable for cleaning all metallic deposits such as brake pad dust, road film, acid rain residues.<\/li>\n<li>Thixotropic function: this is the effect that allows the product to transform from a gel into a liquid and, once on the surface, thicken and stick. When applied to the surface, it adheres more, so it lasts longer and is suitable for better work on vertical surfaces (sides and edges).<\/li>\n<li>Slow drying: Thanks to its concentration and greater dilution capacity, it dries slower than D1 Iron, making it even more effective.<\/li>\n<li>Care shampoo: this is an ideal solution for use at the car wash and then as a car wash shampoo for use every 4 wash cycles.<\/li>\n<li>Fast decontamination: SD1 is the fastest acting deironizer in the Innovacar range.<\/li>\n<li>Descaling agent: has a secondary effect of removing scale traces, making it particularly suitable for this type of decontamination.<\/li>\n<\/ul>\n<p>Average consumption: 150 ml per vehicle as a deironizer, 20 ml per vehicle as a shampoo.<\/p>\n<p>Summary of technical data:<\/p>\n<ul>\n<li>Cleaning action: 5\/5<\/li>\n<li>De-ironization: 5\/5<\/li>\n<li>Thixotropic formula: YES<\/li>\n<li>Color change: YES<\/li>\n<li>Safe for coatings: YES<\/li>\n<li>Safe for surfaces: YES<\/li>\n<li>pH: 5.50<\/li>\n<\/ul>\n<p>Capacity: 1L<\/p>\n<p>* Depending on the batch of products, the sprinklers may differ in appearance.<\/p>\n<p>\u00a0<\/p>","protected":false},"excerpt":{"rendered":"<p>Innovacar SD1 Iron Thixo Rapid \u2013 to szybko dzia\u0142aj\u0105cy \u015brodek do usuwania osad\u00f3w metalicznych o dzia\u0142aniu czyszcz\u0105cym, kt\u00f3re pozwala na stosowanie go r\u00f3wnie\u017c jako szamponu piel\u0119gnacyjnego. G\u0142\u00f3wne cechy: Usuwa pozosta\u0142o\u015bci metaliczne: nadaje si\u0119 do oczyszczania wszystkich osad\u00f3w metalicznych, takich jak py\u0142 z klock\u00f3w hamulcowych, film drogowy, pozosta\u0142o\u015bci po kwa\u015bnych deszczach. Funkcja tiksotropowa: to efekt, kt\u00f3ry&hellip;&nbsp;<a href=\"https:\/\/liquidmaster.pl\/en\/innovacar-sd1-iron-thixo-rapid-1l-deironizer-do-lakieru-felg-oraz-szampon-deironizujacy\/\" rel=\"bookmark\">Read More \u00bb<span class=\"screen-reader-text\">Innovacar SD1 Iron Thixo Rapid 1L - deironizer for paintwork, rims and deironizing shampoo<\/span><\/a><\/p>","protected":false},"featured_media":1847031,"comment_status":"open","ping_status":"open","template":"","meta":{"neve_meta_sidebar":"","neve_meta_container":"","neve_meta_enable_content_width":"","neve_meta_content_width":0,"neve_meta_title_alignment":"","neve_meta_author_avatar":"","neve_post_elements_order":"","neve_meta_disable_header":"","neve_meta_disable_footer":"","neve_meta_disable_title":"","_themeisle_gutenberg_block_has_review":false},"product_brand":[],"product_cat":[744,743,733],"product_tag":[310],"class_list":{"0":"post-1905020","1":"product","2":"type-product","3":"status-publish","4":"has-post-thumbnail","6":"product_cat-deironizacja","7":"product_cat-dekontaminacja","8":"product_cat-na-zewnatrz","9":"product_tag-innovacar","11":"first","12":"instock","13":"taxable","14":"shipping-taxable","15":"purchasable","16":"product-type-simple"},"_links":{"self":[{"href":"https:\/\/liquidmaster.pl\/en\/wp-json\/wp\/v2\/product\/1905020","targetHints":{"allow":["GET"]}}],"collection":[{"href":"https:\/\/liquidmaster.pl\/en\/wp-json\/wp\/v2\/product"}],"about":[{"href":"https:\/\/liquidmaster.pl\/en\/wp-json\/wp\/v2\/types\/product"}],"replies":[{"embeddable":true,"href":"https:\/\/liquidmaster.pl\/en\/wp-json\/wp\/v2\/comments?post=1905020"}],"wp:featuredmedia":[{"embeddable":true,"href":"https:\/\/liquidmaster.pl\/en\/wp-json\/wp\/v2\/media\/1847031"}],"wp:attachment":[{"href":"https:\/\/liquidmaster.pl\/en\/wp-json\/wp\/v2\/media?parent=1905020"}],"wp:term":[{"taxonomy":"product_brand","embeddable":true,"href":"https:\/\/liquidmaster.pl\/en\/wp-json\/wp\/v2\/product_brand?post=1905020"},{"taxonomy":"product_cat","embeddable":true,"href":"https:\/\/liquidmaster.pl\/en\/wp-json\/wp\/v2\/product_cat?post=1905020"},{"taxonomy":"product_tag","embeddable":true,"href":"https:\/\/liquidmaster.pl\/en\/wp-json\/wp\/v2\/product_tag?post=1905020"}],"curies":[{"name":"wp","href":"https:\/\/api.w.org\/{rel}","templated":true}]}}