{"id":1904846,"date":"2025-07-07T12:27:02","date_gmt":"2025-07-07T10:27:02","guid":{"rendered":"https:\/\/liquidmaster.pl\/ultracoat-iron-500ml-usuwanie-zabrudzen-metalicznych-i-lotnej-rdzy\/"},"modified":"2026-04-01T15:18:24","modified_gmt":"2026-04-01T13:18:24","slug":"ultracoat-iron-500ml-usuwanie-zabrudzen-metalicznych-i-lotnej-rdzy","status":"publish","type":"product","link":"https:\/\/liquidmaster.pl\/en\/ultracoat-iron-500ml-usuwanie-zabrudzen-metalicznych-i-lotnej-rdzy\/","title":{"rendered":"Ultracoat Iron+ 500ml - removal of metallic dirt and volatile rust"},"content":{"rendered":"<p>Ultracoat Iron+ \u2013 a product used to remove metallic dirt and volatile rust. The gel structure of Iron+ ensures a long operation time of the cleaned surface. The product has a neutral pH, which makes it completely safe for the bodywork, rims, chrome, rubber, glass and, above all, for you. It produces the well-known bleeding effect. It penetrates the cleaned surface quickly and deeply, so you can see the results of Iron+ just a moment after application. Particles of rust or brake filings easily come off the cleaned element, leaving it free of any metallic dirt.<\/p>\n<p>Usage:<\/p>\n<li>Apply to the surface from bottom to top.<\/li>\n<li>Wait for the bleeding effect to be visible on the entire surface.<\/li>\n<li>Spread the product using a brush\/applicator.<\/li>\n<li>Rinse the preparation with water under pressure.<\/li>\n<li>Repeat steps 1-4 if necessary.<\/li>\n<p>Capacity: 500 ml<\/p>","protected":false},"excerpt":{"rendered":"<p>Ultracoat Iron+ \u2013 to produkt s\u0142u\u017c\u0105cy do usuwania zabrudze\u0144 metalicznych i lotnej rdzy. \u017belowa struktura Iron+ zapewnia d\u0142ugi czas dzia\u0142ania czyszczonej powierzchni. Produkt posiada neutralne pH, co sprawia, \u017ce jest w pe\u0142ni bezpieczny dla karoserii, felg, chromu, gumy, szk\u0142a a przede wszystkim dla Ciebie. Wywo\u0142uje dobrze znany efekt krwawienia. Szybko i g\u0142\u0119boko penetruje czyszczon\u0105 powierzchni\u0119,&hellip;&nbsp;<a href=\"https:\/\/liquidmaster.pl\/en\/ultracoat-iron-500ml-usuwanie-zabrudzen-metalicznych-i-lotnej-rdzy\/\" rel=\"bookmark\">Read More \u00bb<span class=\"screen-reader-text\">Ultracoat Iron+ 500ml - removal of metallic dirt and volatile rust<\/span><\/a><\/p>","protected":false},"featured_media":1842803,"comment_status":"open","ping_status":"open","template":"","meta":{"neve_meta_sidebar":"","neve_meta_container":"","neve_meta_enable_content_width":"","neve_meta_content_width":0,"neve_meta_title_alignment":"","neve_meta_author_avatar":"","neve_post_elements_order":"","neve_meta_disable_header":"","neve_meta_disable_footer":"","neve_meta_disable_title":"","_themeisle_gutenberg_block_has_review":false},"product_brand":[],"product_cat":[744,743,733],"product_tag":[372],"class_list":{"0":"post-1904846","1":"product","2":"type-product","3":"status-publish","4":"has-post-thumbnail","6":"product_cat-deironizacja","7":"product_cat-dekontaminacja","8":"product_cat-na-zewnatrz","9":"product_tag-ultracoat","11":"first","12":"instock","13":"taxable","14":"shipping-taxable","15":"purchasable","16":"product-type-simple"},"_links":{"self":[{"href":"https:\/\/liquidmaster.pl\/en\/wp-json\/wp\/v2\/product\/1904846","targetHints":{"allow":["GET"]}}],"collection":[{"href":"https:\/\/liquidmaster.pl\/en\/wp-json\/wp\/v2\/product"}],"about":[{"href":"https:\/\/liquidmaster.pl\/en\/wp-json\/wp\/v2\/types\/product"}],"replies":[{"embeddable":true,"href":"https:\/\/liquidmaster.pl\/en\/wp-json\/wp\/v2\/comments?post=1904846"}],"wp:featuredmedia":[{"embeddable":true,"href":"https:\/\/liquidmaster.pl\/en\/wp-json\/wp\/v2\/media\/1842803"}],"wp:attachment":[{"href":"https:\/\/liquidmaster.pl\/en\/wp-json\/wp\/v2\/media?parent=1904846"}],"wp:term":[{"taxonomy":"product_brand","embeddable":true,"href":"https:\/\/liquidmaster.pl\/en\/wp-json\/wp\/v2\/product_brand?post=1904846"},{"taxonomy":"product_cat","embeddable":true,"href":"https:\/\/liquidmaster.pl\/en\/wp-json\/wp\/v2\/product_cat?post=1904846"},{"taxonomy":"product_tag","embeddable":true,"href":"https:\/\/liquidmaster.pl\/en\/wp-json\/wp\/v2\/product_tag?post=1904846"}],"curies":[{"name":"wp","href":"https:\/\/api.w.org\/{rel}","templated":true}]}}