{"id":1904842,"date":"2025-07-07T12:26:06","date_gmt":"2025-07-07T10:26:06","guid":{"rendered":"https:\/\/liquidmaster.pl\/ultracoat-apc-uniwersalny-srodek-czyszczacy-mocno-skoncentrowany-500ml\/"},"modified":"2026-04-18T04:19:50","modified_gmt":"2026-04-18T02:19:50","slug":"ultracoat-apc-uniwersalny-srodek-czyszczacy-mocno-skoncentrowany-500ml","status":"publish","type":"product","link":"https:\/\/liquidmaster.pl\/en\/ultracoat-apc-uniwersalny-srodek-czyszczacy-mocno-skoncentrowany-500ml\/","title":{"rendered":"Ultracoat APC+ - universal cleaner, highly concentrated 500ml"},"content":{"rendered":"<p>Ultracoat APC+ \u2013 is a professional cleaning product with versatile uses. It can be used to clean interior and exterior elements. Perfect for a professional detailing studio and the garage of a detailing enthusiast.<\/p>\n<p>Application: APC+ is perfect for cleaning upholstery, plastic elements, recesses, headliners, wheel arches and the engine.<\/p>\n<p>Dosage:<\/p>\n<ul>\n<li>1:4 heavy dirt<\/li>\n<li>1:10 light dirt<\/li>\n<\/ul>\n<p>Usage:<\/p>\n<li>Prepare the appropriate solution depending on the type of dirt.<\/li>\n<li>Apply the solution to the surface to be cleaned and work it in with a brush, sponge or brush.<\/li>\n<li>Remove dissolved impurities by wiping the surface with a cloth or rinsing with water.<\/li>\n<li>Repeat the previous steps if necessary.<\/li>\n<p>Tips:<\/p>\n<ul>\n<li>Always use protective clothing and gloves.<\/li>\n<li>Test the product on a small, inconspicuous element.<\/li>\n<\/ul>\n<p>Capacity: 500 ml<\/p>","protected":false},"excerpt":{"rendered":"<p>Ultracoat APC+ &#8211; to profesjonalny produkt czyszcz\u0105cy o wszechstronnym zastosowaniu. Mo\u017ce by\u0107 stosowany do czyszczenia element\u00f3w wn\u0119trza i zewn\u0119trznych. Doskonale sprawdzi w profesjonalnym studiu detailingowych i gara\u017cu pasjonata detailingu. Zastosowanie: APC+ jest doskona\u0142y do czyszczenia tapicerek, element\u00f3w plastikowych, wn\u0119k, podsufitek, nadkoli oraz silnika. Dozowanie: 1:4 ci\u0119\u017ckie zabrudzenia 1:10 lekkie zabrudzenia Spos\u00f3b u\u017cycia: Przygotuj odpowiedni roztw\u00f3r&hellip;&nbsp;<a href=\"https:\/\/liquidmaster.pl\/en\/ultracoat-apc-uniwersalny-srodek-czyszczacy-mocno-skoncentrowany-500ml\/\" rel=\"bookmark\">Read More \u00bb<span class=\"screen-reader-text\">Ultracoat APC+ - universal cleaner, highly concentrated 500ml<\/span><\/a><\/p>","protected":false},"featured_media":1842795,"comment_status":"open","ping_status":"open","template":"","meta":{"neve_meta_sidebar":"","neve_meta_container":"","neve_meta_enable_content_width":"","neve_meta_content_width":0,"neve_meta_title_alignment":"","neve_meta_author_avatar":"","neve_post_elements_order":"","neve_meta_disable_header":"","neve_meta_disable_footer":"","neve_meta_disable_title":"","_themeisle_gutenberg_block_has_review":false},"product_brand":[],"product_cat":[742,734,733],"product_tag":[372],"class_list":{"0":"post-1904842","1":"product","2":"type-product","3":"status-publish","4":"has-post-thumbnail","6":"product_cat-apc-mycie-i-osuszanie","7":"product_cat-mycie-i-osuszanie","8":"product_cat-na-zewnatrz","9":"product_tag-ultracoat","11":"first","12":"instock","13":"taxable","14":"shipping-taxable","15":"purchasable","16":"product-type-simple"},"_links":{"self":[{"href":"https:\/\/liquidmaster.pl\/en\/wp-json\/wp\/v2\/product\/1904842","targetHints":{"allow":["GET"]}}],"collection":[{"href":"https:\/\/liquidmaster.pl\/en\/wp-json\/wp\/v2\/product"}],"about":[{"href":"https:\/\/liquidmaster.pl\/en\/wp-json\/wp\/v2\/types\/product"}],"replies":[{"embeddable":true,"href":"https:\/\/liquidmaster.pl\/en\/wp-json\/wp\/v2\/comments?post=1904842"}],"wp:featuredmedia":[{"embeddable":true,"href":"https:\/\/liquidmaster.pl\/en\/wp-json\/wp\/v2\/media\/1842795"}],"wp:attachment":[{"href":"https:\/\/liquidmaster.pl\/en\/wp-json\/wp\/v2\/media?parent=1904842"}],"wp:term":[{"taxonomy":"product_brand","embeddable":true,"href":"https:\/\/liquidmaster.pl\/en\/wp-json\/wp\/v2\/product_brand?post=1904842"},{"taxonomy":"product_cat","embeddable":true,"href":"https:\/\/liquidmaster.pl\/en\/wp-json\/wp\/v2\/product_cat?post=1904842"},{"taxonomy":"product_tag","embeddable":true,"href":"https:\/\/liquidmaster.pl\/en\/wp-json\/wp\/v2\/product_tag?post=1904842"}],"curies":[{"name":"wp","href":"https:\/\/api.w.org\/{rel}","templated":true}]}}