{"id":1904834,"date":"2025-07-07T12:24:07","date_gmt":"2025-07-07T10:24:07","guid":{"rendered":"https:\/\/liquidmaster.pl\/sonax-profiline-pianka-czyszczaca-apc-400ml\/"},"modified":"2026-04-20T07:57:33","modified_gmt":"2026-04-20T05:57:33","slug":"sonax-profiline-pianka-czyszczaca-apc-400ml","status":"publish","type":"product","link":"https:\/\/liquidmaster.pl\/en\/sonax-profiline-pianka-czyszczaca-apc-400ml\/","title":{"rendered":"SONAX Profiline APC Cleaning Foam 400ml"},"content":{"rendered":"<p>APC Foam<\/p>\n<p>Active foam formula for deep cleansing. The particularly stable foam also allows you to work overhead or on vertical surfaces. All dirt, such as oil, grease, silicone, nicotine, insect residues, etc., are removed without leaving streaks. The product has a pleasant scent.<\/p>\n<p>Capacity: 400 ml<\/p>","protected":false},"excerpt":{"rendered":"<p>APC Foam Formu\u0142a aktywnej pianki do g\u0142\u0119bokiego oczyszczania. Szczeg\u00f3lnie stabilna pianka umo\u017cliwia r\u00f3wnie\u017c prac\u0119 nad g\u0142ow\u0105 lub przy powierzchniach pionowych. Wszelkie zabrudzenia, takie jak olej, t\u0142uszcz, silikon, nikotyna czy pozosta\u0142o\u015bci po owadach itp. usuwane s\u0105 bez pozostawiania smug. Produkt posiada przyjemny zapach. Pojemno\u015b\u0107: 400 ml<\/p>","protected":false},"featured_media":1842779,"comment_status":"open","ping_status":"open","template":"","meta":{"neve_meta_sidebar":"","neve_meta_container":"","neve_meta_enable_content_width":"","neve_meta_content_width":0,"neve_meta_title_alignment":"","neve_meta_author_avatar":"","neve_post_elements_order":"","neve_meta_disable_header":"","neve_meta_disable_footer":"","neve_meta_disable_title":"","_themeisle_gutenberg_block_has_review":false},"product_brand":[],"product_cat":[742,734,733],"product_tag":[363],"class_list":{"0":"post-1904834","1":"product","2":"type-product","3":"status-publish","4":"has-post-thumbnail","6":"product_cat-apc-mycie-i-osuszanie","7":"product_cat-mycie-i-osuszanie","8":"product_cat-na-zewnatrz","9":"product_tag-sonax","11":"first","12":"instock","13":"taxable","14":"shipping-taxable","15":"purchasable","16":"product-type-simple"},"_links":{"self":[{"href":"https:\/\/liquidmaster.pl\/en\/wp-json\/wp\/v2\/product\/1904834","targetHints":{"allow":["GET"]}}],"collection":[{"href":"https:\/\/liquidmaster.pl\/en\/wp-json\/wp\/v2\/product"}],"about":[{"href":"https:\/\/liquidmaster.pl\/en\/wp-json\/wp\/v2\/types\/product"}],"replies":[{"embeddable":true,"href":"https:\/\/liquidmaster.pl\/en\/wp-json\/wp\/v2\/comments?post=1904834"}],"wp:featuredmedia":[{"embeddable":true,"href":"https:\/\/liquidmaster.pl\/en\/wp-json\/wp\/v2\/media\/1842779"}],"wp:attachment":[{"href":"https:\/\/liquidmaster.pl\/en\/wp-json\/wp\/v2\/media?parent=1904834"}],"wp:term":[{"taxonomy":"product_brand","embeddable":true,"href":"https:\/\/liquidmaster.pl\/en\/wp-json\/wp\/v2\/product_brand?post=1904834"},{"taxonomy":"product_cat","embeddable":true,"href":"https:\/\/liquidmaster.pl\/en\/wp-json\/wp\/v2\/product_cat?post=1904834"},{"taxonomy":"product_tag","embeddable":true,"href":"https:\/\/liquidmaster.pl\/en\/wp-json\/wp\/v2\/product_tag?post=1904834"}],"curies":[{"name":"wp","href":"https:\/\/api.w.org\/{rel}","templated":true}]}}