{"id":1904760,"date":"2025-07-06T13:54:05","date_gmt":"2025-07-06T11:54:05","guid":{"rendered":"https:\/\/liquidmaster.pl\/marolex-lanca-katowa-60cm-z-raczka-alka-line\/"},"modified":"2026-04-20T08:30:17","modified_gmt":"2026-04-20T06:30:17","slug":"marolex-lanca-katowa-60cm-z-raczka-alka-line","status":"publish","type":"product","link":"https:\/\/liquidmaster.pl\/en\/marolex-lanca-katowa-60cm-z-raczka-alka-line\/","title":{"rendered":"Marolex 60cm angled lance with Alka line handle"},"content":{"rendered":"<p>Lanca wykonana z wysokogatunkowej stali nierdzewnej zako\u0144czona ko\u0144c\u00f3wk\u0105 k\u0105tow\u0105 odgi\u0119t\u0105 o 30\u00b0 co u\u0142atwia oprysk. Dzi\u0119ki zastosowaniu uszczelek odpornych na dzia\u0142anie \u015brodk\u00f3w o odczynie zasadowym idealnie nadaje si\u0119 do nanoszenia \u015brodk\u00f3w myj\u0105cych. Pe\u0142n\u0105 list\u0119 \u015brodk\u00f3w znajdziesz w tabeli odporno\u015bci.<\/p>\n<p>Lanca posiada dysz\u0119 regulowan\u0105 o k\u0105cie oprysku od 90\u00b0 do pojedynczego strumienia oraz r\u0105czk\u0119 z precyzyjnym zaworem dozuj\u0105cym.<\/p>\n<p>Fits:<\/p>\n<ul>\n<li>fx alka<\/li>\n<li>rx alka<\/li>\n<li>vx alka<\/li>\n<li>industry alka<\/li>\n<\/ul>","protected":false},"excerpt":{"rendered":"<p>Lanca wykonana z wysokogatunkowej stali nierdzewnej zako\u0144czona ko\u0144c\u00f3wk\u0105 k\u0105tow\u0105 odgi\u0119t\u0105 o 30\u00b0 co u\u0142atwia oprysk. Dzi\u0119ki zastosowaniu uszczelek odpornych na dzia\u0142anie \u015brodk\u00f3w o odczynie zasadowym idealnie nadaje si\u0119 do nanoszenia \u015brodk\u00f3w myj\u0105cych. Pe\u0142n\u0105 list\u0119 \u015brodk\u00f3w znajdziesz w tabeli odporno\u015bci. Lanca posiada dysz\u0119 regulowan\u0105 o k\u0105cie oprysku od 90\u00b0 do pojedynczego strumienia oraz r\u0105czk\u0119 z precyzyjnym&hellip;&nbsp;<a href=\"https:\/\/liquidmaster.pl\/en\/marolex-lanca-katowa-60cm-z-raczka-alka-line\/\" rel=\"bookmark\">Read More \u00bb<span class=\"screen-reader-text\">Marolex 60cm angled lance with Alka line handle<\/span><\/a><\/p>","protected":false},"featured_media":1904762,"comment_status":"open","ping_status":"open","template":"","meta":{"neve_meta_sidebar":"","neve_meta_container":"","neve_meta_enable_content_width":"","neve_meta_content_width":0,"neve_meta_title_alignment":"","neve_meta_author_avatar":"","neve_post_elements_order":"","neve_meta_disable_header":"","neve_meta_disable_footer":"","neve_meta_disable_title":"","_themeisle_gutenberg_block_has_review":false},"product_brand":[],"product_cat":[757,811],"product_tag":[319],"class_list":{"0":"post-1904760","1":"product","2":"type-product","3":"status-publish","4":"has-post-thumbnail","6":"product_cat-akcesoria","7":"product_cat-pozostale-akcesoria","8":"product_tag-marolex","10":"first","11":"instock","12":"taxable","13":"shipping-taxable","14":"purchasable","15":"product-type-simple"},"_links":{"self":[{"href":"https:\/\/liquidmaster.pl\/en\/wp-json\/wp\/v2\/product\/1904760","targetHints":{"allow":["GET"]}}],"collection":[{"href":"https:\/\/liquidmaster.pl\/en\/wp-json\/wp\/v2\/product"}],"about":[{"href":"https:\/\/liquidmaster.pl\/en\/wp-json\/wp\/v2\/types\/product"}],"replies":[{"embeddable":true,"href":"https:\/\/liquidmaster.pl\/en\/wp-json\/wp\/v2\/comments?post=1904760"}],"wp:featuredmedia":[{"embeddable":true,"href":"https:\/\/liquidmaster.pl\/en\/wp-json\/wp\/v2\/media\/1904762"}],"wp:attachment":[{"href":"https:\/\/liquidmaster.pl\/en\/wp-json\/wp\/v2\/media?parent=1904760"}],"wp:term":[{"taxonomy":"product_brand","embeddable":true,"href":"https:\/\/liquidmaster.pl\/en\/wp-json\/wp\/v2\/product_brand?post=1904760"},{"taxonomy":"product_cat","embeddable":true,"href":"https:\/\/liquidmaster.pl\/en\/wp-json\/wp\/v2\/product_cat?post=1904760"},{"taxonomy":"product_tag","embeddable":true,"href":"https:\/\/liquidmaster.pl\/en\/wp-json\/wp\/v2\/product_tag?post=1904760"}],"curies":[{"name":"wp","href":"https:\/\/api.w.org\/{rel}","templated":true}]}}