{"id":1904754,"date":"2025-07-06T13:52:06","date_gmt":"2025-07-06T11:52:06","guid":{"rendered":"https:\/\/liquidmaster.pl\/marolex-lanca-kompozytowa-bez-raczki-alka-line\/"},"modified":"2026-04-19T03:37:21","modified_gmt":"2026-04-19T01:37:21","slug":"marolex-lanca-kompozytowa-bez-raczki-alka-line","status":"publish","type":"product","link":"https:\/\/liquidmaster.pl\/en\/marolex-lanca-kompozytowa-bez-raczki-alka-line\/","title":{"rendered":"Marolex Composite lance without handle Alka line"},"content":{"rendered":"<p>Lanca teleskopowa z regulacj\u0105 d\u0142ugo\u015bci od 65 do 115 cm, system APS, zapobiegaj\u0105cy brudzeniu si\u0119 mechanizmu teleskopu, dysza z p\u0142ynn\u0105 regulacj\u0105 k\u0105ta strumienia oraz zewn\u0119trzny materia\u0142 lancy, b\u0119d\u0105cy po\u0142\u0105czeniem lekkiego plastiku i wyj\u0105tkowo wytrzyma\u0142ego w\u0142\u00f3kna szklanego.<\/p>\n<p>Uszczelki wykonane z gumy odpornej na dzia\u0142anie \u015brodk\u00f3w o odczynie zasadowym.<\/p>\n<p>Fits:<\/p>\n<ul>\n<li>fx alka<\/li>\n<li>rx alka<\/li>\n<li>vx alka<\/li>\n<li>industry alka<\/li>\n<\/ul>","protected":false},"excerpt":{"rendered":"<p>Lanca teleskopowa z regulacj\u0105 d\u0142ugo\u015bci od 65 do 115 cm, system APS, zapobiegaj\u0105cy brudzeniu si\u0119 mechanizmu teleskopu, dysza z p\u0142ynn\u0105 regulacj\u0105 k\u0105ta strumienia oraz zewn\u0119trzny materia\u0142 lancy, b\u0119d\u0105cy po\u0142\u0105czeniem lekkiego plastiku i wyj\u0105tkowo wytrzyma\u0142ego w\u0142\u00f3kna szklanego. Uszczelki wykonane z gumy odpornej na dzia\u0142anie \u015brodk\u00f3w o odczynie zasadowym. Pasuje do: fx alka rx alka vx alka&hellip;&nbsp;<a href=\"https:\/\/liquidmaster.pl\/en\/marolex-lanca-kompozytowa-bez-raczki-alka-line\/\" rel=\"bookmark\">Read More \u00bb<span class=\"screen-reader-text\">Marolex Composite lance without handle Alka line<\/span><\/a><\/p>","protected":false},"featured_media":1904756,"comment_status":"open","ping_status":"open","template":"","meta":{"neve_meta_sidebar":"","neve_meta_container":"","neve_meta_enable_content_width":"","neve_meta_content_width":0,"neve_meta_title_alignment":"","neve_meta_author_avatar":"","neve_post_elements_order":"","neve_meta_disable_header":"","neve_meta_disable_footer":"","neve_meta_disable_title":"","_themeisle_gutenberg_block_has_review":false},"product_brand":[],"product_cat":[757,811],"product_tag":[319],"class_list":{"0":"post-1904754","1":"product","2":"type-product","3":"status-publish","4":"has-post-thumbnail","6":"product_cat-akcesoria","7":"product_cat-pozostale-akcesoria","8":"product_tag-marolex","10":"first","11":"instock","12":"taxable","13":"shipping-taxable","14":"purchasable","15":"product-type-simple"},"_links":{"self":[{"href":"https:\/\/liquidmaster.pl\/en\/wp-json\/wp\/v2\/product\/1904754","targetHints":{"allow":["GET"]}}],"collection":[{"href":"https:\/\/liquidmaster.pl\/en\/wp-json\/wp\/v2\/product"}],"about":[{"href":"https:\/\/liquidmaster.pl\/en\/wp-json\/wp\/v2\/types\/product"}],"replies":[{"embeddable":true,"href":"https:\/\/liquidmaster.pl\/en\/wp-json\/wp\/v2\/comments?post=1904754"}],"wp:featuredmedia":[{"embeddable":true,"href":"https:\/\/liquidmaster.pl\/en\/wp-json\/wp\/v2\/media\/1904756"}],"wp:attachment":[{"href":"https:\/\/liquidmaster.pl\/en\/wp-json\/wp\/v2\/media?parent=1904754"}],"wp:term":[{"taxonomy":"product_brand","embeddable":true,"href":"https:\/\/liquidmaster.pl\/en\/wp-json\/wp\/v2\/product_brand?post=1904754"},{"taxonomy":"product_cat","embeddable":true,"href":"https:\/\/liquidmaster.pl\/en\/wp-json\/wp\/v2\/product_cat?post=1904754"},{"taxonomy":"product_tag","embeddable":true,"href":"https:\/\/liquidmaster.pl\/en\/wp-json\/wp\/v2\/product_tag?post=1904754"}],"curies":[{"name":"wp","href":"https:\/\/api.w.org\/{rel}","templated":true}]}}