{"id":1904748,"date":"2025-07-06T13:50:07","date_gmt":"2025-07-06T11:50:07","guid":{"rendered":"https:\/\/liquidmaster.pl\/marolex-lanca-kompozytowa-alka-line-15cm\/"},"modified":"2026-04-18T04:49:11","modified_gmt":"2026-04-18T02:49:11","slug":"marolex-lanca-kompozytowa-alka-line-15cm","status":"publish","type":"product","link":"https:\/\/liquidmaster.pl\/en\/marolex-lanca-kompozytowa-alka-line-15cm\/","title":{"rendered":"Marolex Alka line composite lance 15cm"},"content":{"rendered":"<p>Lanca kompozytowa d\u0142. 15 cm, uszczelki epdm<\/p>\n<p>Lanca kompozytowa, modu\u0142owa z dysz\u0105 MR1.5-90\u00b0 (bia\u0142a), d\u0142ugo\u015b\u0107 lancy 15 cm.<br \/>\nPasuje do modeli: industry ergo alka.<\/p>\n<p>Nie pasuje do modeli opryskiwaczy o pojemno\u015bci od 5 l.<\/p>","protected":false},"excerpt":{"rendered":"<p>Lanca kompozytowa d\u0142. 15 cm, uszczelki epdm Lanca kompozytowa, modu\u0142owa z dysz\u0105 MR1.5-90\u00b0 (bia\u0142a), d\u0142ugo\u015b\u0107 lancy 15 cm. Pasuje do modeli: industry ergo alka. Nie pasuje do modeli opryskiwaczy o pojemno\u015bci od 5 l.<\/p>","protected":false},"featured_media":1904750,"comment_status":"open","ping_status":"open","template":"","meta":{"neve_meta_sidebar":"","neve_meta_container":"","neve_meta_enable_content_width":"","neve_meta_content_width":0,"neve_meta_title_alignment":"","neve_meta_author_avatar":"","neve_post_elements_order":"","neve_meta_disable_header":"","neve_meta_disable_footer":"","neve_meta_disable_title":"","_themeisle_gutenberg_block_has_review":false},"product_brand":[],"product_cat":[757,811],"product_tag":[319],"class_list":{"0":"post-1904748","1":"product","2":"type-product","3":"status-publish","4":"has-post-thumbnail","6":"product_cat-akcesoria","7":"product_cat-pozostale-akcesoria","8":"product_tag-marolex","10":"first","11":"instock","12":"taxable","13":"shipping-taxable","14":"purchasable","15":"product-type-simple"},"_links":{"self":[{"href":"https:\/\/liquidmaster.pl\/en\/wp-json\/wp\/v2\/product\/1904748","targetHints":{"allow":["GET"]}}],"collection":[{"href":"https:\/\/liquidmaster.pl\/en\/wp-json\/wp\/v2\/product"}],"about":[{"href":"https:\/\/liquidmaster.pl\/en\/wp-json\/wp\/v2\/types\/product"}],"replies":[{"embeddable":true,"href":"https:\/\/liquidmaster.pl\/en\/wp-json\/wp\/v2\/comments?post=1904748"}],"wp:featuredmedia":[{"embeddable":true,"href":"https:\/\/liquidmaster.pl\/en\/wp-json\/wp\/v2\/media\/1904750"}],"wp:attachment":[{"href":"https:\/\/liquidmaster.pl\/en\/wp-json\/wp\/v2\/media?parent=1904748"}],"wp:term":[{"taxonomy":"product_brand","embeddable":true,"href":"https:\/\/liquidmaster.pl\/en\/wp-json\/wp\/v2\/product_brand?post=1904748"},{"taxonomy":"product_cat","embeddable":true,"href":"https:\/\/liquidmaster.pl\/en\/wp-json\/wp\/v2\/product_cat?post=1904748"},{"taxonomy":"product_tag","embeddable":true,"href":"https:\/\/liquidmaster.pl\/en\/wp-json\/wp\/v2\/product_tag?post=1904748"}],"curies":[{"name":"wp","href":"https:\/\/api.w.org\/{rel}","templated":true}]}}