{"id":1904745,"date":"2025-07-06T13:48:52","date_gmt":"2025-07-06T11:48:52","guid":{"rendered":"https:\/\/liquidmaster.pl\/marolex-lanca-kompozytowa-bez-raczki-acid-line\/"},"modified":"2026-04-20T08:30:14","modified_gmt":"2026-04-20T06:30:14","slug":"marolex-lanca-kompozytowa-bez-raczki-acid-line","status":"publish","type":"product","link":"https:\/\/liquidmaster.pl\/en\/marolex-lanca-kompozytowa-bez-raczki-acid-line\/","title":{"rendered":"Marolex Composite Lance without Handle Acid Line"},"content":{"rendered":"<p>Lanca teleskopowa, kompozytowo-stalowa 65-115 cm. Stal kwasoodporna. Lanca pasuje do wszystkich modeli opryskiwaczy z serii industry acid.<\/p>\n<ul>\n<li>d\u0142ugo\u015b\u0107 regulowana: 65-115 cm<\/li>\n<li>specjalne uszczelnienia viton<\/li>\n<li>materia\u0142: kompozyt i stal kwasoodporna<\/li>\n<li>lanca wyposa\u017cona w dysz\u0119 MR1.5-90\u00b0 (bia\u0142a) o regulowanym k\u0105cie strumienia, wydatek cieczy 0,50 litra\/min<\/li>\n<\/ul>","protected":false},"excerpt":{"rendered":"<p>Lanca teleskopowa, kompozytowo-stalowa 65-115 cm. Stal kwasoodporna. Lanca pasuje do wszystkich modeli opryskiwaczy z serii industry acid. d\u0142ugo\u015b\u0107 regulowana: 65-115 cm specjalne uszczelnienia viton materia\u0142: kompozyt i stal kwasoodporna lanca wyposa\u017cona w dysz\u0119 MR1.5-90\u00b0 (bia\u0142a) o regulowanym k\u0105cie strumienia, wydatek cieczy 0,50 litra\/min<\/p>","protected":false},"featured_media":1904747,"comment_status":"open","ping_status":"open","template":"","meta":{"neve_meta_sidebar":"","neve_meta_container":"","neve_meta_enable_content_width":"","neve_meta_content_width":0,"neve_meta_title_alignment":"","neve_meta_author_avatar":"","neve_post_elements_order":"","neve_meta_disable_header":"","neve_meta_disable_footer":"","neve_meta_disable_title":"","_themeisle_gutenberg_block_has_review":false},"product_brand":[],"product_cat":[757,811],"product_tag":[319],"class_list":{"0":"post-1904745","1":"product","2":"type-product","3":"status-publish","4":"has-post-thumbnail","6":"product_cat-akcesoria","7":"product_cat-pozostale-akcesoria","8":"product_tag-marolex","10":"first","11":"instock","12":"taxable","13":"shipping-taxable","14":"purchasable","15":"product-type-simple"},"_links":{"self":[{"href":"https:\/\/liquidmaster.pl\/en\/wp-json\/wp\/v2\/product\/1904745","targetHints":{"allow":["GET"]}}],"collection":[{"href":"https:\/\/liquidmaster.pl\/en\/wp-json\/wp\/v2\/product"}],"about":[{"href":"https:\/\/liquidmaster.pl\/en\/wp-json\/wp\/v2\/types\/product"}],"replies":[{"embeddable":true,"href":"https:\/\/liquidmaster.pl\/en\/wp-json\/wp\/v2\/comments?post=1904745"}],"wp:featuredmedia":[{"embeddable":true,"href":"https:\/\/liquidmaster.pl\/en\/wp-json\/wp\/v2\/media\/1904747"}],"wp:attachment":[{"href":"https:\/\/liquidmaster.pl\/en\/wp-json\/wp\/v2\/media?parent=1904745"}],"wp:term":[{"taxonomy":"product_brand","embeddable":true,"href":"https:\/\/liquidmaster.pl\/en\/wp-json\/wp\/v2\/product_brand?post=1904745"},{"taxonomy":"product_cat","embeddable":true,"href":"https:\/\/liquidmaster.pl\/en\/wp-json\/wp\/v2\/product_cat?post=1904745"},{"taxonomy":"product_tag","embeddable":true,"href":"https:\/\/liquidmaster.pl\/en\/wp-json\/wp\/v2\/product_tag?post=1904745"}],"curies":[{"name":"wp","href":"https:\/\/api.w.org\/{rel}","templated":true}]}}