{"id":1903540,"date":"2025-07-05T00:32:50","date_gmt":"2025-07-04T22:32:50","guid":{"rendered":"https:\/\/liquidmaster.pl\/seven-interior-qd-pro-350ml-quick-detailer-do-wnetrza\/"},"modified":"2026-02-19T00:53:53","modified_gmt":"2026-02-18T22:53:53","slug":"seven-interior-qd-pro-350ml-quick-detailer-do-wnetrza","status":"publish","type":"product","link":"https:\/\/liquidmaster.pl\/en\/seven-interior-qd-pro-350ml-quick-detailer-do-wnetrza\/","title":{"rendered":"Seven Interior QD Pro 350ml \u2013 quick interior detailer"},"content":{"rendered":"<p>Preparat przeznaczony do czyszczenia i konserwacji element\u00f3w z tworzywa sztucznego. Nie zostawia smug. Tworzy warstw\u0119 ochronn\u0105, spowalnia osadzanie si\u0119 kurzu.<\/p>\n<p>Usage:<\/p>\n<li>Spryskaj produktem mikrofibr\u0119 lub powierzchni\u0119.<\/li>\n<li>Rozprowad\u017a produkt r\u00f3wnomiernie.<\/li>\n<li>Wipe dry.<\/li>\n<p>Interior QD PRO idealnie sprawdzi si\u0119 po u\u017cyciu produktu Interior Cleaner, jako dressing do element\u00f3w z tworzyw sztucznych.<\/p>\n<p>Capacity: 350 ml<\/p>","protected":false},"excerpt":{"rendered":"<p>Preparat przeznaczony do czyszczenia i konserwacji element\u00f3w z tworzywa sztucznego. Nie zostawia smug. Tworzy warstw\u0119 ochronn\u0105, spowalnia osadzanie si\u0119 kurzu. Spos\u00f3b u\u017cycia: Spryskaj produktem mikrofibr\u0119 lub powierzchni\u0119. Rozprowad\u017a produkt r\u00f3wnomiernie. Wytrzyj do sucha. Interior QD PRO idealnie sprawdzi si\u0119 po u\u017cyciu produktu Interior Cleaner, jako dressing do element\u00f3w z tworzyw sztucznych. Pojemno\u015b\u0107: 350 ml<\/p>","protected":false},"featured_media":1848377,"comment_status":"open","ping_status":"open","template":"","meta":{"neve_meta_sidebar":"","neve_meta_container":"","neve_meta_enable_content_width":"","neve_meta_content_width":0,"neve_meta_title_alignment":"","neve_meta_author_avatar":"","neve_post_elements_order":"","neve_meta_disable_header":"","neve_meta_disable_footer":"","neve_meta_disable_title":"","_themeisle_gutenberg_block_has_review":false},"product_brand":[],"product_cat":[803,795,768],"product_tag":[1105],"class_list":{"0":"post-1903540","1":"product","2":"type-product","3":"status-publish","4":"has-post-thumbnail","6":"product_cat-interior-qd","7":"product_cat-plastiki-wewnetrzne","8":"product_cat-wnetrze-auta","9":"product_tag-seven-by-han-budda","10":"pa_promocja-promocje","12":"first","13":"instock","14":"taxable","15":"shipping-taxable","16":"purchasable","17":"product-type-simple"},"_links":{"self":[{"href":"https:\/\/liquidmaster.pl\/en\/wp-json\/wp\/v2\/product\/1903540","targetHints":{"allow":["GET"]}}],"collection":[{"href":"https:\/\/liquidmaster.pl\/en\/wp-json\/wp\/v2\/product"}],"about":[{"href":"https:\/\/liquidmaster.pl\/en\/wp-json\/wp\/v2\/types\/product"}],"replies":[{"embeddable":true,"href":"https:\/\/liquidmaster.pl\/en\/wp-json\/wp\/v2\/comments?post=1903540"}],"wp:featuredmedia":[{"embeddable":true,"href":"https:\/\/liquidmaster.pl\/en\/wp-json\/wp\/v2\/media\/1848377"}],"wp:attachment":[{"href":"https:\/\/liquidmaster.pl\/en\/wp-json\/wp\/v2\/media?parent=1903540"}],"wp:term":[{"taxonomy":"product_brand","embeddable":true,"href":"https:\/\/liquidmaster.pl\/en\/wp-json\/wp\/v2\/product_brand?post=1903540"},{"taxonomy":"product_cat","embeddable":true,"href":"https:\/\/liquidmaster.pl\/en\/wp-json\/wp\/v2\/product_cat?post=1903540"},{"taxonomy":"product_tag","embeddable":true,"href":"https:\/\/liquidmaster.pl\/en\/wp-json\/wp\/v2\/product_tag?post=1903540"}],"curies":[{"name":"wp","href":"https:\/\/api.w.org\/{rel}","templated":true}]}}