{"id":1903538,"date":"2025-07-05T00:32:05","date_gmt":"2025-07-04T22:32:05","guid":{"rendered":"https:\/\/liquidmaster.pl\/turtle-wax-hybrid-solutions-streakfree-glass-mist-591ml-plyn-do-mycia-szyb\/"},"modified":"2026-04-18T04:42:09","modified_gmt":"2026-04-18T02:42:09","slug":"turtle-wax-hybrid-solutions-streakfree-glass-mist-591ml-plyn-do-mycia-szyb","status":"publish","type":"product","link":"https:\/\/liquidmaster.pl\/en\/turtle-wax-hybrid-solutions-streakfree-glass-mist-591ml-plyn-do-mycia-szyb\/","title":{"rendered":"Turtle Wax Hybrid Solutions Streakfree Glass Mist 591ml \u2013 glass cleaner"},"content":{"rendered":"<p>A glass cleaner with an innovative atomizer that distributes the product evenly across all glass surfaces, ensuring quick, streak-free cleaning. This product removes grease, dust, fingerprints, smudges, insect residue, bird droppings, cigarette smoke, sticker residue, and much more. It has a pleasant, fresh scent. Ammonia-free \u2013 safe for tinted windows and LCD screens.<\/p>\n<ul>\n<li>Innovative FLAIROSOL atomizer<\/li>\n<li>Removes dirt, dust, insect remains and bird droppings<\/li>\n<li>Streak-free finish and a clean, fresh scent<\/li>\n<\/ul>\n<p>Usage:<\/p>\n<li>Shake well<\/li>\n<li>Press the sprayer briefly or continuously for a uniform spray. Spray the product directly onto the entire glass surface.<\/li>\n<li>Using a clean, dry microfiber cloth, rub the preparation thoroughly until the surface is clean.<\/li>\n<p>Capacity 591ml<\/p>\n<p>\u00a0<\/p>","protected":false},"excerpt":{"rendered":"<p>Preparat do czyszczenia szyb z innowacyjnym atomizerem, kt\u00f3ry rozprowadza produkt R\u00d3WNOMIERNIE na wszystkich szklanych powierzchniach, zapewniaj\u0105c szybkie czyszczenie bez smug. Preparat usuwa t\u0142usty brud, kurz, odciski palc\u00f3w, smugi, resztki owad\u00f3w, ptasie odchody, dym po papierosach, \u015blady po naklejkach i wiele wi\u0119cej. Preparat posiada przyjemny \u015bwie\u017cy zapach. Bez amoniaku \u2013 bezpieczny dla przyciemnionych szyb i ekran\u00f3w&hellip;&nbsp;<a href=\"https:\/\/liquidmaster.pl\/en\/turtle-wax-hybrid-solutions-streakfree-glass-mist-591ml-plyn-do-mycia-szyb\/\" rel=\"bookmark\">Read More \u00bb<span class=\"screen-reader-text\">Turtle Wax Hybrid Solutions Streakfree Glass Mist 591ml \u2013 glass cleaner<\/span><\/a><\/p>","protected":false},"featured_media":1848376,"comment_status":"open","ping_status":"open","template":"","meta":{"neve_meta_sidebar":"","neve_meta_container":"","neve_meta_enable_content_width":"","neve_meta_content_width":0,"neve_meta_title_alignment":"","neve_meta_author_avatar":"","neve_post_elements_order":"","neve_meta_disable_header":"","neve_meta_disable_footer":"","neve_meta_disable_title":"","_themeisle_gutenberg_block_has_review":false},"product_brand":[],"product_cat":[733,774,773],"product_tag":[1106],"class_list":{"0":"post-1903538","1":"product","2":"type-product","3":"status-publish","4":"has-post-thumbnail","6":"product_cat-na-zewnatrz","7":"product_cat-plyny-do-szyb","8":"product_cat-szyby","9":"product_tag-turtle-wax","11":"first","12":"instock","13":"taxable","14":"shipping-taxable","15":"purchasable","16":"product-type-simple"},"_links":{"self":[{"href":"https:\/\/liquidmaster.pl\/en\/wp-json\/wp\/v2\/product\/1903538","targetHints":{"allow":["GET"]}}],"collection":[{"href":"https:\/\/liquidmaster.pl\/en\/wp-json\/wp\/v2\/product"}],"about":[{"href":"https:\/\/liquidmaster.pl\/en\/wp-json\/wp\/v2\/types\/product"}],"replies":[{"embeddable":true,"href":"https:\/\/liquidmaster.pl\/en\/wp-json\/wp\/v2\/comments?post=1903538"}],"wp:featuredmedia":[{"embeddable":true,"href":"https:\/\/liquidmaster.pl\/en\/wp-json\/wp\/v2\/media\/1848376"}],"wp:attachment":[{"href":"https:\/\/liquidmaster.pl\/en\/wp-json\/wp\/v2\/media?parent=1903538"}],"wp:term":[{"taxonomy":"product_brand","embeddable":true,"href":"https:\/\/liquidmaster.pl\/en\/wp-json\/wp\/v2\/product_brand?post=1903538"},{"taxonomy":"product_cat","embeddable":true,"href":"https:\/\/liquidmaster.pl\/en\/wp-json\/wp\/v2\/product_cat?post=1903538"},{"taxonomy":"product_tag","embeddable":true,"href":"https:\/\/liquidmaster.pl\/en\/wp-json\/wp\/v2\/product_tag?post=1903538"}],"curies":[{"name":"wp","href":"https:\/\/api.w.org\/{rel}","templated":true}]}}