{"id":1903536,"date":"2025-07-05T00:30:52","date_gmt":"2025-07-04T22:30:52","guid":{"rendered":"https:\/\/liquidmaster.pl\/turtle-wax-hybird-solutions-tyre-shine-graphene-acrylic-680ml-dressing-do-opon\/"},"modified":"2026-04-18T04:42:08","modified_gmt":"2026-04-18T02:42:08","slug":"turtle-wax-hybird-solutions-tyre-shine-graphene-acrylic-680ml-dressing-do-opon","status":"publish","type":"product","link":"https:\/\/liquidmaster.pl\/en\/turtle-wax-hybird-solutions-tyre-shine-graphene-acrylic-680ml-dressing-do-opon\/","title":{"rendered":"Turtle Wax Hybird Solutions Tire Shine Graphene Acrylic 680ml \u2013 tire dressing"},"content":{"rendered":"<p>This is a state-of-the-art tire protection coating. The combination of graphene and acrylic polymers delivers incredibly high gloss and a deep, jet-black color to tires. It&#039;s not just about looks; the coating preserves and protects the rubber, providing a waterproof, durable barrier against harmful chemicals and UV radiation. Protected tires look like new long after other products have worn off.<\/p>\n<ul>\n<li>Creates a protective coating and polishes tires, providing months of protection and shine.<\/li>\n<li>Microscopic GRAPHENE particles provide greater durability and chemical resistance<\/li>\n<li>Synthetic polishing polymers provide adjustable shine and prevent tire fading<\/li>\n<\/ul>\n<p>Usage:<\/p>\n<li>Wash and clean the tire thoroughly and allow to dry. SHAKE THE BOTTLE WELL.<\/li>\n<li>Spray evenly onto the tire surface. Allow to absorb thoroughly for 3 to 5 minutes.<\/li>\n<li>Wipe off any excess with a clean, dry microfiber cloth or sponge applicator. For a more intense effect, repeat the application.<\/li>\n<p>Capacity 680ml<\/p>\n<p>\u00a0<\/p>","protected":false},"excerpt":{"rendered":"<p>To najnowocze\u015bniejsza pow\u0142oka do zabezpieczenia opon. Po\u0142\u0105czenie grafenu i polimer\u00f3w akrylowych zapewnia niewiarygodnie wysoki po\u0142ysk i g\u0142\u0119boki, kruczoczarny kolor na oponach. To nie tylko wygl\u0105d, pow\u0142oka konserwuje i chroni gum\u0119 zapewniaj\u0105c wodoodporn\u0105 trwa\u0142\u0105 barier\u0119 przed szkodliwymi chemikaliami, promieniowaniem UV. Zabezpieczona opona wygl\u0105daj\u0105 jak nowa d\u0142ugo po tym, jak inne produkty znikn\u0105. Tworzy pow\u0142ok\u0119 ochronn\u0105 oraz&hellip;&nbsp;<a href=\"https:\/\/liquidmaster.pl\/en\/turtle-wax-hybird-solutions-tyre-shine-graphene-acrylic-680ml-dressing-do-opon\/\" rel=\"bookmark\">Read More \u00bb<span class=\"screen-reader-text\">Turtle Wax Hybird Solutions Tire Shine Graphene Acrylic 680ml \u2013 tire dressing<\/span><\/a><\/p>","protected":false},"featured_media":1848369,"comment_status":"open","ping_status":"open","template":"","meta":{"neve_meta_sidebar":"","neve_meta_container":"","neve_meta_enable_content_width":"","neve_meta_content_width":0,"neve_meta_title_alignment":"","neve_meta_author_avatar":"","neve_post_elements_order":"","neve_meta_disable_header":"","neve_meta_disable_footer":"","neve_meta_disable_title":"","_themeisle_gutenberg_block_has_review":false},"product_brand":[],"product_cat":[765,745,733],"product_tag":[1106],"class_list":{"0":"post-1903536","1":"product","2":"type-product","3":"status-publish","4":"has-post-thumbnail","6":"product_cat-dressingi","7":"product_cat-kola-i-opony","8":"product_cat-na-zewnatrz","9":"product_tag-turtle-wax","11":"first","12":"outofstock","13":"taxable","14":"shipping-taxable","15":"purchasable","16":"product-type-simple"},"_links":{"self":[{"href":"https:\/\/liquidmaster.pl\/en\/wp-json\/wp\/v2\/product\/1903536","targetHints":{"allow":["GET"]}}],"collection":[{"href":"https:\/\/liquidmaster.pl\/en\/wp-json\/wp\/v2\/product"}],"about":[{"href":"https:\/\/liquidmaster.pl\/en\/wp-json\/wp\/v2\/types\/product"}],"replies":[{"embeddable":true,"href":"https:\/\/liquidmaster.pl\/en\/wp-json\/wp\/v2\/comments?post=1903536"}],"wp:featuredmedia":[{"embeddable":true,"href":"https:\/\/liquidmaster.pl\/en\/wp-json\/wp\/v2\/media\/1848369"}],"wp:attachment":[{"href":"https:\/\/liquidmaster.pl\/en\/wp-json\/wp\/v2\/media?parent=1903536"}],"wp:term":[{"taxonomy":"product_brand","embeddable":true,"href":"https:\/\/liquidmaster.pl\/en\/wp-json\/wp\/v2\/product_brand?post=1903536"},{"taxonomy":"product_cat","embeddable":true,"href":"https:\/\/liquidmaster.pl\/en\/wp-json\/wp\/v2\/product_cat?post=1903536"},{"taxonomy":"product_tag","embeddable":true,"href":"https:\/\/liquidmaster.pl\/en\/wp-json\/wp\/v2\/product_tag?post=1903536"}],"curies":[{"name":"wp","href":"https:\/\/api.w.org\/{rel}","templated":true}]}}