{"id":1903534,"date":"2025-07-05T00:30:07","date_gmt":"2025-07-04T22:30:07","guid":{"rendered":"https:\/\/liquidmaster.pl\/turtle-wax-hybrid-solutions-pro-graphene-flex-wax-680ml-wosk-w-sprayu\/"},"modified":"2026-04-20T08:22:30","modified_gmt":"2026-04-20T06:22:30","slug":"turtle-wax-hybrid-solutions-pro-graphene-flex-wax-680ml-wosk-w-sprayu","status":"publish","type":"product","link":"https:\/\/liquidmaster.pl\/en\/turtle-wax-hybrid-solutions-pro-graphene-flex-wax-680ml-wosk-w-sprayu\/","title":{"rendered":"Turtle Wax Hybrid Solutions Pro Graphene Flex Wax 680ml \u2013 spray wax"},"content":{"rendered":"<p>Hybrid Solutions Pro Graphene FLEX WAX\u2122 is a versatile spray wax that delivers an uncompromisingly durable finish. It contains GRAPHENE, which creates a dense protective mesh for incredible shine, smoothness, hydrophobicity, chemical resistance, and enhanced UV protection. It can be applied three different ways \u2013 to dry or wet paintwork and then dispersed with water \u2013 for an incredibly smooth finish.<\/p>\n<ul>\n<li>Professional car wax spray \u2013 wet and dry<\/li>\n<li>Contains GRAPHENE<\/li>\n<li>The coating prevents scratches, swirls, smudges and oxidation on all non-porous exterior surfaces.<\/li>\n<li>Provides exceptional water and chemical resistance, ensuring excellent protection and faster drying time.<\/li>\n<li>Simple application \u2013 spray and wipe<\/li>\n<\/ul>\n<p>Usage:<\/p>\n<li>Shake the container well.<\/li>\n<li>Apply two sprays to a dry panel.<\/li>\n<li>Wipe with a clean, dry microfiber cloth.<\/li>\n<li>Use a damp microfiber cloth to remove streaks and discoloration.<\/li>\n<li>Leave to cure for 24 hours before washing again.<\/li>\n<p>Capacity 680ml<\/p>\n<p>\u00a0<\/p>","protected":false},"excerpt":{"rendered":"<p>Wszechstronny wosk w sprayu Hybrid Solutions Pro Graphene FLEX WAX\u2122, kt\u00f3ry zapewnia bezkompromisowo trwa\u0142\u0105 pow\u0142ok\u0119. Zawiera GRAFEN, kt\u00f3ry tworzy g\u0119st\u0105 siatk\u0119 ochronn\u0105 dla zapewnienia niesamowitego po\u0142ysku, g\u0142adko\u015bci, hydrofobowo\u015bci, odporno\u015bci chemicznej oraz zwi\u0119kszonej ochrony przed promieniowaniem UV. Mo\u017ce by\u0107 nak\u0142adany na 3 r\u00f3\u017cne sposoby &#8211; na suchy lub mokry lakier i rozprowadzony za pomoc\u0105 wody. Zapewnia&hellip;&nbsp;<a href=\"https:\/\/liquidmaster.pl\/en\/turtle-wax-hybrid-solutions-pro-graphene-flex-wax-680ml-wosk-w-sprayu\/\" rel=\"bookmark\">Read More \u00bb<span class=\"screen-reader-text\">Turtle Wax Hybrid Solutions Pro Graphene Flex Wax 680ml \u2013 spray wax<\/span><\/a><\/p>","protected":false},"featured_media":1848366,"comment_status":"open","ping_status":"open","template":"","meta":{"neve_meta_sidebar":"","neve_meta_container":"","neve_meta_enable_content_width":"","neve_meta_content_width":0,"neve_meta_title_alignment":"","neve_meta_author_avatar":"","neve_post_elements_order":"","neve_meta_disable_header":"","neve_meta_disable_footer":"","neve_meta_disable_title":"","_themeisle_gutenberg_block_has_review":false},"product_brand":[],"product_cat":[733,766,788],"product_tag":[1106],"class_list":{"0":"post-1903534","1":"product","2":"type-product","3":"status-publish","4":"has-post-thumbnail","6":"product_cat-na-zewnatrz","7":"product_cat-ochrona-lakieru","8":"product_cat-woski","9":"product_tag-turtle-wax","11":"first","12":"outofstock","13":"taxable","14":"shipping-taxable","15":"purchasable","16":"product-type-simple"},"_links":{"self":[{"href":"https:\/\/liquidmaster.pl\/en\/wp-json\/wp\/v2\/product\/1903534","targetHints":{"allow":["GET"]}}],"collection":[{"href":"https:\/\/liquidmaster.pl\/en\/wp-json\/wp\/v2\/product"}],"about":[{"href":"https:\/\/liquidmaster.pl\/en\/wp-json\/wp\/v2\/types\/product"}],"replies":[{"embeddable":true,"href":"https:\/\/liquidmaster.pl\/en\/wp-json\/wp\/v2\/comments?post=1903534"}],"wp:featuredmedia":[{"embeddable":true,"href":"https:\/\/liquidmaster.pl\/en\/wp-json\/wp\/v2\/media\/1848366"}],"wp:attachment":[{"href":"https:\/\/liquidmaster.pl\/en\/wp-json\/wp\/v2\/media?parent=1903534"}],"wp:term":[{"taxonomy":"product_brand","embeddable":true,"href":"https:\/\/liquidmaster.pl\/en\/wp-json\/wp\/v2\/product_brand?post=1903534"},{"taxonomy":"product_cat","embeddable":true,"href":"https:\/\/liquidmaster.pl\/en\/wp-json\/wp\/v2\/product_cat?post=1903534"},{"taxonomy":"product_tag","embeddable":true,"href":"https:\/\/liquidmaster.pl\/en\/wp-json\/wp\/v2\/product_tag?post=1903534"}],"curies":[{"name":"wp","href":"https:\/\/api.w.org\/{rel}","templated":true}]}}