{"id":1903532,"date":"2025-07-05T00:28:51","date_gmt":"2025-07-04T22:28:51","guid":{"rendered":"https:\/\/liquidmaster.pl\/turtle-wax-hybrid-solutions-pro-1-done-compound-473ml-pasta-polerska-one-step\/"},"modified":"2026-04-18T04:42:07","modified_gmt":"2026-04-18T02:42:07","slug":"turtle-wax-hybrid-solutions-pro-1-done-compound-473ml-pasta-polerska-one-step","status":"publish","type":"product","link":"https:\/\/liquidmaster.pl\/en\/turtle-wax-hybrid-solutions-pro-1-done-compound-473ml-pasta-polerska-one-step\/","title":{"rendered":"Turtle Wax Hybrid Solutions Pro 1 &amp; Done Compound 473ml \u2013 one step polishing paste"},"content":{"rendered":"<p>1 &amp; DONE COMPOUND CORRECT &amp; FINISH\u2122 polishing compound utilizes proprietary Precision Platelet Technology\u2122, containing high-quality abrasives that allow for safe paint correction in less time. Specially developed PRECISION PLATELETS self-align to ensure a smooth cut.<\/p>\n<ul>\n<li>Select the cutting force using the appropriate pad<\/li>\n<li>Saturated with aluminum oxide abrasives<\/li>\n<li>Precision polishing plates ensure safe cutting<\/li>\n<\/ul>\n<p>Usage:<\/p>\n<li>SHAKE WELL.<\/li>\n<li>To remove scratches and paint imperfections, apply 3-4 drops to a polishing pad or hard pad.<\/li>\n<li>Spread evenly on a small area (60cm x 60cm) at low speed.<\/li>\n<li>Begin the correction by applying light to medium pressure, creating a &quot;ladder&quot; pattern. Select the pad and speed appropriate for the type of machine used.<\/li>\n<li>Remove excess product with a dry microfiber cloth.<\/li>\n<p>Capacity 473ml<\/p>","protected":false},"excerpt":{"rendered":"<p>Pasta polerska 1 &#038; DONE COMPOUND CORRECT &#038; FINISH\u2122, wykorzystuje zastrze\u017con\u0105 technologi\u0119 Precision Platelet Technology\u2122, zawieraj\u0105c\u0105 wysokiej jako\u015bci materia\u0142y \u015bcierne, pozwalaj\u0105ce na bezpieczne skorygowanie lakieru w kr\u00f3tszym czasie. Specjalnie opracowane p\u0142ytki PRECISION PLATELETS samoczynnie wyr\u00f3wnuj\u0105 si\u0119 zapewniaj\u0105c r\u00f3wne ciecie. Dobierz si\u0142\u0119 ci\u0119cia za pomoc\u0105 odpowiedniego padu Nasycona materia\u0142ami \u015bciernymi z tlenku glinu Precyzyjne p\u0142ytki polerskie&hellip;&nbsp;<a href=\"https:\/\/liquidmaster.pl\/en\/turtle-wax-hybrid-solutions-pro-1-done-compound-473ml-pasta-polerska-one-step\/\" rel=\"bookmark\">Read More \u00bb<span class=\"screen-reader-text\">Turtle Wax Hybrid Solutions Pro 1 &amp; Done Compound 473ml \u2013 one step polishing paste<\/span><\/a><\/p>","protected":false},"featured_media":1848363,"comment_status":"open","ping_status":"open","template":"","meta":{"neve_meta_sidebar":"","neve_meta_container":"","neve_meta_enable_content_width":"","neve_meta_content_width":0,"neve_meta_title_alignment":"","neve_meta_author_avatar":"","neve_post_elements_order":"","neve_meta_disable_header":"","neve_meta_disable_footer":"","neve_meta_disable_title":"","_themeisle_gutenberg_block_has_review":false},"product_brand":[],"product_cat":[789,791,748],"product_tag":[1106],"class_list":{"0":"post-1903532","1":"product","2":"type-product","3":"status-publish","4":"has-post-thumbnail","6":"product_cat-pasty-polerskie","7":"product_cat-pasty-polishowe","8":"product_cat-polerowanie","9":"product_tag-turtle-wax","11":"first","12":"outofstock","13":"taxable","14":"shipping-taxable","15":"purchasable","16":"product-type-simple"},"_links":{"self":[{"href":"https:\/\/liquidmaster.pl\/en\/wp-json\/wp\/v2\/product\/1903532","targetHints":{"allow":["GET"]}}],"collection":[{"href":"https:\/\/liquidmaster.pl\/en\/wp-json\/wp\/v2\/product"}],"about":[{"href":"https:\/\/liquidmaster.pl\/en\/wp-json\/wp\/v2\/types\/product"}],"replies":[{"embeddable":true,"href":"https:\/\/liquidmaster.pl\/en\/wp-json\/wp\/v2\/comments?post=1903532"}],"wp:featuredmedia":[{"embeddable":true,"href":"https:\/\/liquidmaster.pl\/en\/wp-json\/wp\/v2\/media\/1848363"}],"wp:attachment":[{"href":"https:\/\/liquidmaster.pl\/en\/wp-json\/wp\/v2\/media?parent=1903532"}],"wp:term":[{"taxonomy":"product_brand","embeddable":true,"href":"https:\/\/liquidmaster.pl\/en\/wp-json\/wp\/v2\/product_brand?post=1903532"},{"taxonomy":"product_cat","embeddable":true,"href":"https:\/\/liquidmaster.pl\/en\/wp-json\/wp\/v2\/product_cat?post=1903532"},{"taxonomy":"product_tag","embeddable":true,"href":"https:\/\/liquidmaster.pl\/en\/wp-json\/wp\/v2\/product_tag?post=1903532"}],"curies":[{"name":"wp","href":"https:\/\/api.w.org\/{rel}","templated":true}]}}