{"id":1903530,"date":"2025-07-05T00:28:06","date_gmt":"2025-07-04T22:28:06","guid":{"rendered":"https:\/\/liquidmaster.pl\/turtle-wax-hybrid-solutions-pro-graphene-max-wax-414ml-wosk-w-plynie-z-grafenem\/"},"modified":"2026-04-18T04:42:07","modified_gmt":"2026-04-18T02:42:07","slug":"turtle-wax-hybrid-solutions-pro-graphene-max-wax-414ml-wosk-w-plynie-z-grafenem","status":"publish","type":"product","link":"https:\/\/liquidmaster.pl\/en\/turtle-wax-hybrid-solutions-pro-graphene-max-wax-414ml-wosk-w-plynie-z-grafenem\/","title":{"rendered":"Turtle Wax Hybrid Solutions PRO Graphene Max Wax 414ml &#8211; wosk w p\u0142ynie z grafenem"},"content":{"rendered":"<p>Wosk TO THE MAX WAX\u2122 jest \u0142atwym do nak\u0142adania woskiem w p\u0142ynie. Unikalna mieszanka opatentowanych polimer\u00f3w z domieszk\u0105 grafenu, zapewnia niespotykan\u0105 g\u0142\u0119bi\u0119 po\u0142ysku, g\u0142adko\u015b\u0107, odporno\u015b\u0107 chemiczn\u0105, hydrofobowo\u015b\u0107 i ochron\u0119 przed plamami. Grafen zapewnia zwi\u0119kszon\u0105 g\u0142adko\u015b\u0107 i ochron\u0119 przed promieniowaniem UV, dzi\u0119ki czemu woda i zanieczyszczenia nie przywieraj\u0105 do pojazdu.<\/p>\n<ul>\n<li>Najbardziej trwa\u0142y, profesjonalny p\u0142ynny wosk samochodowy; idealny dla ekspert\u00f3w detailingu i entuzjast\u00f3w samochod\u00f3w<\/li>\n<li>Zawiera GRAFEN, dzi\u0119ki temu tworzy siatk\u0119 ochronn\u0105 odporn\u0105 na chemikalia<\/li>\n<li>\u0141atwy w u\u017cyciu \u2013 rozprowad\u017a i wypoleruj<\/li>\n<li>Zapewnia maksymalny po\u0142ysk i zapobiega plamom<\/li>\n<\/ul>\n<p>\nmanual application<\/p>\n<li>Na\u0142\u00f3\u017c 3 ma\u0142e krople na g\u0105bkowy aplikator.<\/li>\n<li>R\u00f3wnomiernie rozprowad\u017a na fragmencie powierzchni (60cm x 60cm) zachodz\u0105cymi na siebie okr\u0119\u017cnymi ruchami o lekkim nacisku. Odczekaj 2-3 minuty a\u017c do pojawienia si\u0119 delikatnej mgie\u0142ki.<\/li>\n<li>U\u017cyj wilgotnej \u015bciereczki z mikrofibry aby usun\u0105\u0107 nadmiar wosku.<\/li>\n<li>Wypoleruj za pomoc\u0105 suchej \u015bciereczki z mikrofibry a\u017c do uzyskania lustrzanego po\u0142ysku.<\/li>\n<p>Aplikacja maszynowa<\/p>\n<li>Na\u0142\u00f3\u017c 4 r\u00f3wnomierne krople na mi\u0119kkim padzie polerskim.<\/li>\n<li>Rozprowad\u017a na fragmencie lakieru (60cmx60cm) u\u017cywaj\u0105c wolnych obrot\u00f3w. Odczekaj 2-3 minuty a\u017c do pojawienia si\u0119 delikatnej mgie\u0142ki.<\/li>\n<li>U\u017cyj wilgotnej \u015bciereczki z mikrofibry aby usun\u0105\u0107 nadmiar wosku.<\/li>\n<li>Nast\u0119pnie wypoleruj, a\u017c do uzyskania lustrzanego po\u0142ysku.<\/li>\n<p>Pojemno\u015b\u0107 414ml<\/p>\n<p>\u00a0<\/p>","protected":false},"excerpt":{"rendered":"<p>Wosk TO THE MAX WAX\u2122 jest \u0142atwym do nak\u0142adania woskiem w p\u0142ynie. Unikalna mieszanka opatentowanych polimer\u00f3w z domieszk\u0105 grafenu, zapewnia niespotykan\u0105 g\u0142\u0119bi\u0119 po\u0142ysku, g\u0142adko\u015b\u0107, odporno\u015b\u0107 chemiczn\u0105, hydrofobowo\u015b\u0107 i ochron\u0119 przed plamami. Grafen zapewnia zwi\u0119kszon\u0105 g\u0142adko\u015b\u0107 i ochron\u0119 przed promieniowaniem UV, dzi\u0119ki czemu woda i zanieczyszczenia nie przywieraj\u0105 do pojazdu. Najbardziej trwa\u0142y, profesjonalny p\u0142ynny wosk samochodowy;&hellip;&nbsp;<a href=\"https:\/\/liquidmaster.pl\/en\/turtle-wax-hybrid-solutions-pro-graphene-max-wax-414ml-wosk-w-plynie-z-grafenem\/\" rel=\"bookmark\">Read More \u00bb<span class=\"screen-reader-text\">Turtle Wax Hybrid Solutions PRO Graphene Max Wax 414ml &#8211; wosk w p\u0142ynie z grafenem<\/span><\/a><\/p>","protected":false},"featured_media":1848357,"comment_status":"open","ping_status":"open","template":"","meta":{"neve_meta_sidebar":"","neve_meta_container":"","neve_meta_enable_content_width":"","neve_meta_content_width":0,"neve_meta_title_alignment":"","neve_meta_author_avatar":"","neve_post_elements_order":"","neve_meta_disable_header":"","neve_meta_disable_footer":"","neve_meta_disable_title":"","_themeisle_gutenberg_block_has_review":false},"product_brand":[],"product_cat":[733,766,788],"product_tag":[1106],"class_list":{"0":"post-1903530","1":"product","2":"type-product","3":"status-publish","4":"has-post-thumbnail","6":"product_cat-na-zewnatrz","7":"product_cat-ochrona-lakieru","8":"product_cat-woski","9":"product_tag-turtle-wax","11":"first","12":"instock","13":"taxable","14":"shipping-taxable","15":"purchasable","16":"product-type-simple"},"_links":{"self":[{"href":"https:\/\/liquidmaster.pl\/en\/wp-json\/wp\/v2\/product\/1903530","targetHints":{"allow":["GET"]}}],"collection":[{"href":"https:\/\/liquidmaster.pl\/en\/wp-json\/wp\/v2\/product"}],"about":[{"href":"https:\/\/liquidmaster.pl\/en\/wp-json\/wp\/v2\/types\/product"}],"replies":[{"embeddable":true,"href":"https:\/\/liquidmaster.pl\/en\/wp-json\/wp\/v2\/comments?post=1903530"}],"wp:featuredmedia":[{"embeddable":true,"href":"https:\/\/liquidmaster.pl\/en\/wp-json\/wp\/v2\/media\/1848357"}],"wp:attachment":[{"href":"https:\/\/liquidmaster.pl\/en\/wp-json\/wp\/v2\/media?parent=1903530"}],"wp:term":[{"taxonomy":"product_brand","embeddable":true,"href":"https:\/\/liquidmaster.pl\/en\/wp-json\/wp\/v2\/product_brand?post=1903530"},{"taxonomy":"product_cat","embeddable":true,"href":"https:\/\/liquidmaster.pl\/en\/wp-json\/wp\/v2\/product_cat?post=1903530"},{"taxonomy":"product_tag","embeddable":true,"href":"https:\/\/liquidmaster.pl\/en\/wp-json\/wp\/v2\/product_tag?post=1903530"}],"curies":[{"name":"wp","href":"https:\/\/api.w.org\/{rel}","templated":true}]}}