{"id":1903528,"date":"2025-07-05T00:26:53","date_gmt":"2025-07-04T22:26:53","guid":{"rendered":"https:\/\/liquidmaster.pl\/turtle-wax-hybrid-solutions-ceramic-graphene-paste-wax-156ml-wosk-twardy-z-grafenem\/"},"modified":"2026-04-18T04:42:06","modified_gmt":"2026-04-18T02:42:06","slug":"turtle-wax-hybrid-solutions-ceramic-graphene-paste-wax-156ml-wosk-twardy-z-grafenem","status":"publish","type":"product","link":"https:\/\/liquidmaster.pl\/en\/turtle-wax-hybrid-solutions-ceramic-graphene-paste-wax-156ml-wosk-twardy-z-grafenem\/","title":{"rendered":"Turtle Wax Hybrid Solutions Ceramic Graphene Paste Wax 156ml \u2013 hard wax with graphene"},"content":{"rendered":"<p>Hybrid Solutions Ceramic Graphene Paste Wax contains a unique blend of 10 SiO2-infused waxes, ceramic (quartz), and graphene for intense shine, smoothness, durability, and UV protection. This soft paste applies smoothly and is incredibly easy to remove\/polish.<\/p>\n<p>Usage:<\/p>\n<li>Wash and dry your car.<\/li>\n<li>Using the applicator, spread a thin, even layer on one element.<\/li>\n<li>Allow the product to dry until a light haze appears.<\/li>\n<li>Then wipe off with a microfiber cloth.<\/li>\n<li>For a high mirror shine, polish with a soft microfiber cloth.<\/li>\n<p>Capacity 156ml<\/p>","protected":false},"excerpt":{"rendered":"<p>Pasta do woskowania Hybrid Solutions Ceramic Graphene Paste Wax zawiera unikaln\u0105 mieszank\u0119 10 wosk\u00f3w nasyconych SiO2 ceramicznymi (kwarc) i GRAFENEM dla intensywnego po\u0142ysku, g\u0142adko\u015bci, trwa\u0142o\u015bci i ochrony przed promieniowaniem UV. Produkt w formie mi\u0119kkiej pasty nak\u0142ada si\u0119 g\u0142adko i jest niezwykle \u0142atwy do usuni\u0119cia\/wypolerowania. Spos\u00f3b u\u017cycia: Umyj i osusz samoch\u00f3d. Za pomoc\u0105 aplikatora rozprowad\u017a cienk\u0105,&hellip;&nbsp;<a href=\"https:\/\/liquidmaster.pl\/en\/turtle-wax-hybrid-solutions-ceramic-graphene-paste-wax-156ml-wosk-twardy-z-grafenem\/\" rel=\"bookmark\">Read More \u00bb<span class=\"screen-reader-text\">Turtle Wax Hybrid Solutions Ceramic Graphene Paste Wax 156ml \u2013 hard wax with graphene<\/span><\/a><\/p>","protected":false},"featured_media":1848355,"comment_status":"open","ping_status":"open","template":"","meta":{"neve_meta_sidebar":"","neve_meta_container":"","neve_meta_enable_content_width":"","neve_meta_content_width":0,"neve_meta_title_alignment":"","neve_meta_author_avatar":"","neve_post_elements_order":"","neve_meta_disable_header":"","neve_meta_disable_footer":"","neve_meta_disable_title":"","_themeisle_gutenberg_block_has_review":false},"product_brand":[],"product_cat":[733,766,788],"product_tag":[1106],"class_list":{"0":"post-1903528","1":"product","2":"type-product","3":"status-publish","4":"has-post-thumbnail","6":"product_cat-na-zewnatrz","7":"product_cat-ochrona-lakieru","8":"product_cat-woski","9":"product_tag-turtle-wax","11":"first","12":"instock","13":"taxable","14":"shipping-taxable","15":"purchasable","16":"product-type-simple"},"_links":{"self":[{"href":"https:\/\/liquidmaster.pl\/en\/wp-json\/wp\/v2\/product\/1903528","targetHints":{"allow":["GET"]}}],"collection":[{"href":"https:\/\/liquidmaster.pl\/en\/wp-json\/wp\/v2\/product"}],"about":[{"href":"https:\/\/liquidmaster.pl\/en\/wp-json\/wp\/v2\/types\/product"}],"replies":[{"embeddable":true,"href":"https:\/\/liquidmaster.pl\/en\/wp-json\/wp\/v2\/comments?post=1903528"}],"wp:featuredmedia":[{"embeddable":true,"href":"https:\/\/liquidmaster.pl\/en\/wp-json\/wp\/v2\/media\/1848355"}],"wp:attachment":[{"href":"https:\/\/liquidmaster.pl\/en\/wp-json\/wp\/v2\/media?parent=1903528"}],"wp:term":[{"taxonomy":"product_brand","embeddable":true,"href":"https:\/\/liquidmaster.pl\/en\/wp-json\/wp\/v2\/product_brand?post=1903528"},{"taxonomy":"product_cat","embeddable":true,"href":"https:\/\/liquidmaster.pl\/en\/wp-json\/wp\/v2\/product_cat?post=1903528"},{"taxonomy":"product_tag","embeddable":true,"href":"https:\/\/liquidmaster.pl\/en\/wp-json\/wp\/v2\/product_tag?post=1903528"}],"curies":[{"name":"wp","href":"https:\/\/api.w.org\/{rel}","templated":true}]}}