{"id":1903524,"date":"2025-07-05T00:24:51","date_gmt":"2025-07-04T22:24:51","guid":{"rendered":"https:\/\/liquidmaster.pl\/turtle-wax-hybrid-solutions-fabric-protector-500ml-impregnat-do-tapicerki\/"},"modified":"2026-04-20T08:22:27","modified_gmt":"2026-04-20T06:22:27","slug":"turtle-wax-hybrid-solutions-fabric-protector-500ml-impregnat-do-tapicerki","status":"publish","type":"product","link":"https:\/\/liquidmaster.pl\/en\/turtle-wax-hybrid-solutions-fabric-protector-500ml-impregnat-do-tapicerki\/","title":{"rendered":"Turtle Wax Hybrid Solutions Fabric Protector 500ml \u2013 upholstery impregnation"},"content":{"rendered":"<p>TURTLE WAX HYBRID SOLUTIONS FABRIC PROTECTOR IS AN EASY-TO-APPLY, ADVANCED HYDROPHOBIC STAIN PROTECTIVE COATING SUITABLE FOR ALL CAR FABRICS, ESPECIALLY SOFT TOP ROOFS, INTERIOR UPHOLSTERY, CARPETS, MATS, AND DOOR LININGS. &#039;FLEX-COAT&#039; TECHNOLOGY CONTAINS CERAMIC SIO2 INGREDIENTS THAT ARE EASILY ABSORBED BY FABRICS WITHOUT CAUSING ANY CHANGES IN THEIR APPEARANCE OR STRUCTURE.<\/p>\n<ul>\n<li>FLEX-COAT TECHNOLOGY contains SiO2 ceramic ingredients that create a stain-resistant hydrophobic barrier that protects against water- and oil-based contaminants on exterior and interior automotive fabrics.<\/li>\n<li>For car fabrics \u2013 including soft tops, carpets, mats and upholstery<\/li>\n<\/ul>\n<p>Capacity 500ml<\/p>\n<p>\u00a0<\/p>","protected":false},"excerpt":{"rendered":"<p>TURTLE WAX HYBRID SOLUTIONS FABRIC PROTECTOR TO \u0141ATWA W APLIKACJI, ZAAWANSOWANA HYDROFOBOWA POW\u0141OKA CHRONI\u0104CA PRZED PLAMAMI, PRZEZNACZONA DO WSZYSTKICH TKANIN SAMOCHODOWYCH, A W SZCZEG\u00d3LNO\u015aCI DO DACH\u00d3W SOFT TOP, TAPICERKI WEWN\u0118TRZNEJ, DYWAN\u00d3W, MAT I WYK\u0141ADZIN DRZWIOWYCH. TECHNOLOGIA 'FLEX-COAT&#8217; ZAWIERA CERAMICZNE SK\u0141ADNIKI SIO2, KT\u00d3RE S\u0104 \u0141ATWO WCH\u0141ANIANE PRZEZ TKANINY, NIE POWODUJ\u0104C \u017bADNYCH ZMIAN W ICH WYGL\u0104DZIE ANI&hellip;&nbsp;<a href=\"https:\/\/liquidmaster.pl\/en\/turtle-wax-hybrid-solutions-fabric-protector-500ml-impregnat-do-tapicerki\/\" rel=\"bookmark\">Read More \u00bb<span class=\"screen-reader-text\">Turtle Wax Hybrid Solutions Fabric Protector 500ml \u2013 upholstery impregnation<\/span><\/a><\/p>","protected":false},"featured_media":1848344,"comment_status":"open","ping_status":"open","template":"","meta":{"neve_meta_sidebar":"","neve_meta_container":"","neve_meta_enable_content_width":"","neve_meta_content_width":0,"neve_meta_title_alignment":"","neve_meta_author_avatar":"","neve_post_elements_order":"","neve_meta_disable_header":"","neve_meta_disable_footer":"","neve_meta_disable_title":"","_themeisle_gutenberg_block_has_review":false},"product_brand":[],"product_cat":[832,769,768],"product_tag":[1106],"class_list":{"0":"post-1903524","1":"product","2":"type-product","3":"status-publish","4":"has-post-thumbnail","6":"product_cat-impregnaty","7":"product_cat-tapicerka-i-dywaniki","8":"product_cat-wnetrze-auta","9":"product_tag-turtle-wax","11":"first","12":"outofstock","13":"taxable","14":"shipping-taxable","15":"purchasable","16":"product-type-simple"},"_links":{"self":[{"href":"https:\/\/liquidmaster.pl\/en\/wp-json\/wp\/v2\/product\/1903524","targetHints":{"allow":["GET"]}}],"collection":[{"href":"https:\/\/liquidmaster.pl\/en\/wp-json\/wp\/v2\/product"}],"about":[{"href":"https:\/\/liquidmaster.pl\/en\/wp-json\/wp\/v2\/types\/product"}],"replies":[{"embeddable":true,"href":"https:\/\/liquidmaster.pl\/en\/wp-json\/wp\/v2\/comments?post=1903524"}],"wp:featuredmedia":[{"embeddable":true,"href":"https:\/\/liquidmaster.pl\/en\/wp-json\/wp\/v2\/media\/1848344"}],"wp:attachment":[{"href":"https:\/\/liquidmaster.pl\/en\/wp-json\/wp\/v2\/media?parent=1903524"}],"wp:term":[{"taxonomy":"product_brand","embeddable":true,"href":"https:\/\/liquidmaster.pl\/en\/wp-json\/wp\/v2\/product_brand?post=1903524"},{"taxonomy":"product_cat","embeddable":true,"href":"https:\/\/liquidmaster.pl\/en\/wp-json\/wp\/v2\/product_cat?post=1903524"},{"taxonomy":"product_tag","embeddable":true,"href":"https:\/\/liquidmaster.pl\/en\/wp-json\/wp\/v2\/product_tag?post=1903524"}],"curies":[{"name":"wp","href":"https:\/\/api.w.org\/{rel}","templated":true}]}}