{"id":1903522,"date":"2025-07-05T00:24:05","date_gmt":"2025-07-04T22:24:05","guid":{"rendered":"https:\/\/liquidmaster.pl\/turtle-wax-hybrid-solutions-fabric-surface-cleaner-500ml-preparat-do-czyszczenia-tapicerki\/"},"modified":"2026-04-19T03:29:37","modified_gmt":"2026-04-19T01:29:37","slug":"turtle-wax-hybrid-solutions-fabric-surface-cleaner-500ml-preparat-do-czyszczenia-tapicerki","status":"publish","type":"product","link":"https:\/\/liquidmaster.pl\/en\/turtle-wax-hybrid-solutions-fabric-surface-cleaner-500ml-preparat-do-czyszczenia-tapicerki\/","title":{"rendered":"Turtle Wax Hybrid Solutions Fabric Surface Cleaner 500ml \u2013 upholstery cleaner"},"content":{"rendered":"<p>TURTLE WAX HYBRID SOLUTIONS FABRIC SURFACE CLEANER IS A HIGHLY EFFICIENT CLEANER FOR CAR FABRICS, INSIDE AND OUT.<\/p>\n<ul>\n<li>Cationic purification technology<\/li>\n<li>For all your fabric cleaning tasks<\/li>\n<\/ul>\n<p>Capacity 500ml<\/p>","protected":false},"excerpt":{"rendered":"<p>PREPARAT DO CZYSZCZENIA POWIERZCHNI TEKSTYLNYCH W \u015aRODKU I NA ZEWN\u0104TRZ. TURTLE WAX HYBRID SOLUTIONS FABRIC SURFACE CLEANER TO WYSOKOWYDAJNY \u015aRODEK DO CZYSZCZENIA TKANIN SAMOCHODOWYCH WEWN\u0104TRZ I NA ZEWN\u0104TRZ POJAZDU. Kationowa technologia oczyszczenia Do wszystkich zada\u0144 zwi\u0105zanych z czyszczeniem tkanin Pojemno\u015b\u0107 500ml<\/p>","protected":false},"featured_media":1848342,"comment_status":"open","ping_status":"open","template":"","meta":{"neve_meta_sidebar":"","neve_meta_container":"","neve_meta_enable_content_width":"","neve_meta_content_width":0,"neve_meta_title_alignment":"","neve_meta_author_avatar":"","neve_post_elements_order":"","neve_meta_disable_header":"","neve_meta_disable_footer":"","neve_meta_disable_title":"","_themeisle_gutenberg_block_has_review":false},"product_brand":[],"product_cat":[771,769,768],"product_tag":[1106],"class_list":{"0":"post-1903522","1":"product","2":"type-product","3":"status-publish","4":"has-post-thumbnail","6":"product_cat-czyszczenie","7":"product_cat-tapicerka-i-dywaniki","8":"product_cat-wnetrze-auta","9":"product_tag-turtle-wax","10":"pa_promocja-promocje","12":"first","13":"instock","14":"taxable","15":"shipping-taxable","16":"purchasable","17":"product-type-simple"},"_links":{"self":[{"href":"https:\/\/liquidmaster.pl\/en\/wp-json\/wp\/v2\/product\/1903522","targetHints":{"allow":["GET"]}}],"collection":[{"href":"https:\/\/liquidmaster.pl\/en\/wp-json\/wp\/v2\/product"}],"about":[{"href":"https:\/\/liquidmaster.pl\/en\/wp-json\/wp\/v2\/types\/product"}],"replies":[{"embeddable":true,"href":"https:\/\/liquidmaster.pl\/en\/wp-json\/wp\/v2\/comments?post=1903522"}],"wp:featuredmedia":[{"embeddable":true,"href":"https:\/\/liquidmaster.pl\/en\/wp-json\/wp\/v2\/media\/1848342"}],"wp:attachment":[{"href":"https:\/\/liquidmaster.pl\/en\/wp-json\/wp\/v2\/media?parent=1903522"}],"wp:term":[{"taxonomy":"product_brand","embeddable":true,"href":"https:\/\/liquidmaster.pl\/en\/wp-json\/wp\/v2\/product_brand?post=1903522"},{"taxonomy":"product_cat","embeddable":true,"href":"https:\/\/liquidmaster.pl\/en\/wp-json\/wp\/v2\/product_cat?post=1903522"},{"taxonomy":"product_tag","embeddable":true,"href":"https:\/\/liquidmaster.pl\/en\/wp-json\/wp\/v2\/product_tag?post=1903522"}],"curies":[{"name":"wp","href":"https:\/\/api.w.org\/{rel}","templated":true}]}}