{"id":1903520,"date":"2025-07-05T00:22:52","date_gmt":"2025-07-04T22:22:52","guid":{"rendered":"https:\/\/liquidmaster.pl\/turtle-wax-hybrid-solutions-pro-pure-wash-142l-szampon-do-mycia\/"},"modified":"2026-04-19T03:29:36","modified_gmt":"2026-04-19T01:29:36","slug":"turtle-wax-hybrid-solutions-pro-pure-wash-142l-szampon-do-mycia","status":"publish","type":"product","link":"https:\/\/liquidmaster.pl\/en\/turtle-wax-hybrid-solutions-pro-pure-wash-142l-szampon-do-mycia\/","title":{"rendered":"Turtle Wax Hybrid Solutions PRO Pure Wash 1.42L \u2013 washing shampoo"},"content":{"rendered":"<p>A pH-neutral shampoo that&#039;s super slippery and protects against scratching while washing. It creates a thick, clinging lather that thoroughly cleans and rinses off easily, without stripping applied protective coatings or wax. Its amazing fragrance enhances the cleaning experience.<\/p>\n<ul>\n<li>The high-foaming formula with Slick &amp; Slide polymers prevents scratching while washing<\/li>\n<li>Neutral pH \u2013 gentle on applied coatings and waxes<\/li>\n<li>Can be used in 3 ways \u2013 two-bucket washing, foaming and decontamination<\/li>\n<li>Tropical scent<\/li>\n<\/ul>\n<p>Capacity 1.42L<\/p>","protected":false},"excerpt":{"rendered":"<p>Szampon o neutralnym pH, super \u015bliski i chroni\u0105cy przed zarysowaniami podczas mycia. Tworzy g\u0119st\u0105, dobrze przylegaj\u0105c\u0105 do powierzchni pian\u0119, kt\u00f3ra dok\u0142adnie czy\u015bci i \u0142atwo si\u0119 sp\u0142ukuje, nie usuwaj\u0105c przy tym na\u0142o\u017conych pow\u0142ok ochronnych lub wosku. Czyszczenie uprzyjemnia niesamowity zapach. Mocno pieni\u0105ca formu\u0142a z polimerami Slick &#038; Slide zapobiega zarysowaniom podczas mycia Neutralne pH \u2013 delikatny&hellip;&nbsp;<a href=\"https:\/\/liquidmaster.pl\/en\/turtle-wax-hybrid-solutions-pro-pure-wash-142l-szampon-do-mycia\/\" rel=\"bookmark\">Read More \u00bb<span class=\"screen-reader-text\">Turtle Wax Hybrid Solutions PRO Pure Wash 1.42L \u2013 washing shampoo<\/span><\/a><\/p>","protected":false},"featured_media":1848339,"comment_status":"open","ping_status":"open","template":"","meta":{"neve_meta_sidebar":"","neve_meta_container":"","neve_meta_enable_content_width":"","neve_meta_content_width":0,"neve_meta_title_alignment":"","neve_meta_author_avatar":"","neve_post_elements_order":"","neve_meta_disable_header":"","neve_meta_disable_footer":"","neve_meta_disable_title":"","_themeisle_gutenberg_block_has_review":false},"product_brand":[],"product_cat":[734,733,753],"product_tag":[1106],"class_list":{"0":"post-1903520","1":"product","2":"type-product","3":"status-publish","4":"has-post-thumbnail","6":"product_cat-mycie-i-osuszanie","7":"product_cat-na-zewnatrz","8":"product_cat-piany-aktywne-i-pianownice","9":"product_tag-turtle-wax","11":"first","12":"instock","13":"taxable","14":"shipping-taxable","15":"purchasable","16":"product-type-simple"},"_links":{"self":[{"href":"https:\/\/liquidmaster.pl\/en\/wp-json\/wp\/v2\/product\/1903520","targetHints":{"allow":["GET"]}}],"collection":[{"href":"https:\/\/liquidmaster.pl\/en\/wp-json\/wp\/v2\/product"}],"about":[{"href":"https:\/\/liquidmaster.pl\/en\/wp-json\/wp\/v2\/types\/product"}],"replies":[{"embeddable":true,"href":"https:\/\/liquidmaster.pl\/en\/wp-json\/wp\/v2\/comments?post=1903520"}],"wp:featuredmedia":[{"embeddable":true,"href":"https:\/\/liquidmaster.pl\/en\/wp-json\/wp\/v2\/media\/1848339"}],"wp:attachment":[{"href":"https:\/\/liquidmaster.pl\/en\/wp-json\/wp\/v2\/media?parent=1903520"}],"wp:term":[{"taxonomy":"product_brand","embeddable":true,"href":"https:\/\/liquidmaster.pl\/en\/wp-json\/wp\/v2\/product_brand?post=1903520"},{"taxonomy":"product_cat","embeddable":true,"href":"https:\/\/liquidmaster.pl\/en\/wp-json\/wp\/v2\/product_cat?post=1903520"},{"taxonomy":"product_tag","embeddable":true,"href":"https:\/\/liquidmaster.pl\/en\/wp-json\/wp\/v2\/product_tag?post=1903520"}],"curies":[{"name":"wp","href":"https:\/\/api.w.org\/{rel}","templated":true}]}}