{"id":1903516,"date":"2025-07-05T00:20:56","date_gmt":"2025-07-04T22:20:56","guid":{"rendered":"https:\/\/liquidmaster.pl\/turtle-wax-hybrid-solutions-ceramic-wet-wax-500ml-wosk-na-mokro\/"},"modified":"2026-04-18T04:42:03","modified_gmt":"2026-04-18T02:42:03","slug":"turtle-wax-hybrid-solutions-ceramic-wet-wax-500ml-wosk-na-mokro","status":"publish","type":"product","link":"https:\/\/liquidmaster.pl\/en\/turtle-wax-hybrid-solutions-ceramic-wet-wax-500ml-wosk-na-mokro\/","title":{"rendered":"Turtle Wax Hybrid Solutions Ceramic Wet Wax 500ml \u2013 wet wax"},"content":{"rendered":"<p>NAJNOWSZY TECHNOLOGICZNIE WOSK APLIKOWANY NA MOKRY LAKIER. W PRZECIWIE\u0143STWIE DO TRADYCYJNEGO WOSKU POWIERZCHNIA NIE WYMAGA PE\u0141NEGO POKRYCIA ELEMENTU, PONIEWA\u017b WODA ROZPROWADZI WOSK ZA CIEBIE. ZAPEWNIANIA MAKSYMALN\u0104 OCHRON\u0118 I NADAJE LAKIEROWI G\u0141\u0118BOKI KOLOR I PO\u0141YSK.<\/p>\n<ul>\n<li>Po prostu umyj pojazd, spryskaj go i osusz.<\/li>\n<li>Zaawansowana formu\u0142a pomo\u017ce chroni\u0107 samoch\u00f3d przed szkodliwymi warunkami atmosferycznymi.<\/li>\n<li>Produkt przyspieszy proces suszenia i zapobiegnie powstawaniu osad\u00f3w wapiennych na karoserii tzw. water spot\u00f3w.<\/li>\n<\/ul>\n<p>Usage:<\/p>\n<li>Umyj i op\u0142ucz auto. Pozostaw je nieosuszone. DOBRZE WSTRZ\u0104\u015aNIJ POJEMNIKIEM.<\/li>\n<li>Rozpyl na wilgotn\u0105 powierzchni\u0119, wystarcz\u0105 dwa rozpylenia na fragment powierzchni.<\/li>\n<li>Wytrzyj i od razu wypoleruj \u015bciereczk\u0105 z mikrofibry.<\/li>\n<p>Capacity 500ml<\/p>","protected":false},"excerpt":{"rendered":"<p>NAJNOWSZY TECHNOLOGICZNIE WOSK APLIKOWANY NA MOKRY LAKIER. W PRZECIWIE\u0143STWIE DO TRADYCYJNEGO WOSKU POWIERZCHNIA NIE WYMAGA PE\u0141NEGO POKRYCIA ELEMENTU, PONIEWA\u017b WODA ROZPROWADZI WOSK ZA CIEBIE. ZAPEWNIANIA MAKSYMALN\u0104 OCHRON\u0118 I NADAJE LAKIEROWI G\u0141\u0118BOKI KOLOR I PO\u0141YSK. Po prostu umyj pojazd, spryskaj go i osusz. Zaawansowana formu\u0142a pomo\u017ce chroni\u0107 samoch\u00f3d przed szkodliwymi warunkami atmosferycznymi. Produkt przyspieszy proces suszenia&hellip;&nbsp;<a href=\"https:\/\/liquidmaster.pl\/en\/turtle-wax-hybrid-solutions-ceramic-wet-wax-500ml-wosk-na-mokro\/\" rel=\"bookmark\">Read More \u00bb<span class=\"screen-reader-text\">Turtle Wax Hybrid Solutions Ceramic Wet Wax 500ml \u2013 wet wax<\/span><\/a><\/p>","protected":false},"featured_media":1848332,"comment_status":"open","ping_status":"open","template":"","meta":{"neve_meta_sidebar":"","neve_meta_container":"","neve_meta_enable_content_width":"","neve_meta_content_width":0,"neve_meta_title_alignment":"","neve_meta_author_avatar":"","neve_post_elements_order":"","neve_meta_disable_header":"","neve_meta_disable_footer":"","neve_meta_disable_title":"","_themeisle_gutenberg_block_has_review":false},"product_brand":[],"product_cat":[733,766,788],"product_tag":[1106],"class_list":{"0":"post-1903516","1":"product","2":"type-product","3":"status-publish","4":"has-post-thumbnail","6":"product_cat-na-zewnatrz","7":"product_cat-ochrona-lakieru","8":"product_cat-woski","9":"product_tag-turtle-wax","11":"first","12":"instock","13":"taxable","14":"shipping-taxable","15":"purchasable","16":"product-type-simple"},"_links":{"self":[{"href":"https:\/\/liquidmaster.pl\/en\/wp-json\/wp\/v2\/product\/1903516","targetHints":{"allow":["GET"]}}],"collection":[{"href":"https:\/\/liquidmaster.pl\/en\/wp-json\/wp\/v2\/product"}],"about":[{"href":"https:\/\/liquidmaster.pl\/en\/wp-json\/wp\/v2\/types\/product"}],"replies":[{"embeddable":true,"href":"https:\/\/liquidmaster.pl\/en\/wp-json\/wp\/v2\/comments?post=1903516"}],"wp:featuredmedia":[{"embeddable":true,"href":"https:\/\/liquidmaster.pl\/en\/wp-json\/wp\/v2\/media\/1848332"}],"wp:attachment":[{"href":"https:\/\/liquidmaster.pl\/en\/wp-json\/wp\/v2\/media?parent=1903516"}],"wp:term":[{"taxonomy":"product_brand","embeddable":true,"href":"https:\/\/liquidmaster.pl\/en\/wp-json\/wp\/v2\/product_brand?post=1903516"},{"taxonomy":"product_cat","embeddable":true,"href":"https:\/\/liquidmaster.pl\/en\/wp-json\/wp\/v2\/product_cat?post=1903516"},{"taxonomy":"product_tag","embeddable":true,"href":"https:\/\/liquidmaster.pl\/en\/wp-json\/wp\/v2\/product_tag?post=1903516"}],"curies":[{"name":"wp","href":"https:\/\/api.w.org\/{rel}","templated":true}]}}