{"id":1901762,"date":"2025-07-03T00:48:05","date_gmt":"2025-07-02T22:48:05","guid":{"rendered":"https:\/\/liquidmaster.pl\/innovacar-sc3-glass-sealant-100ml-niewidzialna-wycieraczka\/"},"modified":"2026-04-18T04:30:31","modified_gmt":"2026-04-18T02:30:31","slug":"innovacar-sc3-glass-sealant-100ml-niewidzialna-wycieraczka","status":"publish","type":"product","link":"https:\/\/liquidmaster.pl\/en\/innovacar-sc3-glass-sealant-100ml-niewidzialna-wycieraczka\/","title":{"rendered":"Innovacar SC3 Glass Sealant 100ml - invisible wiper"},"content":{"rendered":"<p>Innovacar SC3 Glass Sealant \u2013 the latest generation of window protection against rain, which creates a barrier to liquids. It improves visibility even in heavy rain and facilitates window cleaning.<\/p>\n<p>Main features:<\/p>\n<ul>\n<li>Hydrophobic, water-repellent effect: creates an oil and water-repellent coating that enhances the invisible wiper effect.<\/li>\n<li>Resistant to windshield washer fluids: its composition has been designed to be resistant to alcohol and detergents found in windshield cleaning fluids and car washes.<\/li>\n<li>Does not cause friction with wipers: the barrier created at the molecular level does not cause friction when using wipers - on the contrary, it protects the glass more against mechanical effects.<\/li>\n<li>Improves visibility in case of rain: thanks to its formula, even at low speeds such as 50 km\/h you can notice rain sliding off the windshield while driving; Moreover, as the speed increases, the effect will be even greater, thus improving visibility.<\/li>\n<\/ul>\n<p>Average consumption: 30 ml per vehicle.<\/p>\n<p>Summary of technical data:<\/p>\n<p>\u00a0\u00a0\u00a0 Self-cleaning ability: 5\/5<br \/>\n\u00a0\u00a0\u00a0 Dripping: 5\/5<br \/>\n\u00a0\u00a0\u00a0 Alcohol resistance: 5\/5<br \/>\n\u00a0\u00a0\u00a0 Initial speed: 50 km\/h<br \/>\n\u00a0\u00a0\u00a0 Durability: 5\/5<br \/>\n\u00a0\u00a0\u00a0 Drying time: 20 minutes.<br \/>\n\u00a0\u00a0\u00a0 Curing time: after 7 hours<\/p>\n<p>Capacity: 100 ml<\/p>\n<p>\u00a0<\/p>","protected":false},"excerpt":{"rendered":"<p>Innovacar SC3 Glass Sealant \u2013 to najnowszej generacji ochrona szyb przed deszczem, kt\u00f3ra tworzy barier\u0119 dla p\u0142yn\u00f3w. Poprawia widoczno\u015b\u0107 nawet w przypadku ulewnego deszczu i u\u0142atwia mycie szyb. G\u0142\u00f3wne cechy: Efekt hydrofobowy, odpychaj\u0105cy wod\u0119: tworzy pow\u0142ok\u0119 odpychaj\u0105c\u0105 olej i wod\u0119, kt\u00f3ra zwi\u0119ksza efekt niewidzialnej wycieraczki. Odporny na p\u0142yny do spryskiwaczy: jego sk\u0142ad zosta\u0142 zaprojektowany tak,&hellip;&nbsp;<a href=\"https:\/\/liquidmaster.pl\/en\/innovacar-sc3-glass-sealant-100ml-niewidzialna-wycieraczka\/\" rel=\"bookmark\">Read More \u00bb<span class=\"screen-reader-text\">Innovacar SC3 Glass Sealant 100ml - invisible wiper<\/span><\/a><\/p>","protected":false},"featured_media":1847025,"comment_status":"open","ping_status":"open","template":"","meta":{"neve_meta_sidebar":"","neve_meta_container":"","neve_meta_enable_content_width":"","neve_meta_content_width":0,"neve_meta_title_alignment":"","neve_meta_author_avatar":"","neve_post_elements_order":"","neve_meta_disable_header":"","neve_meta_disable_footer":"","neve_meta_disable_title":"","_themeisle_gutenberg_block_has_review":false},"product_brand":[],"product_cat":[733,794,773],"product_tag":[310],"class_list":{"0":"post-1901762","1":"product","2":"type-product","3":"status-publish","4":"has-post-thumbnail","6":"product_cat-na-zewnatrz","7":"product_cat-niewidzialna-wycieraczka","8":"product_cat-szyby","9":"product_tag-innovacar","11":"first","12":"instock","13":"taxable","14":"shipping-taxable","15":"purchasable","16":"product-type-simple"},"_links":{"self":[{"href":"https:\/\/liquidmaster.pl\/en\/wp-json\/wp\/v2\/product\/1901762","targetHints":{"allow":["GET"]}}],"collection":[{"href":"https:\/\/liquidmaster.pl\/en\/wp-json\/wp\/v2\/product"}],"about":[{"href":"https:\/\/liquidmaster.pl\/en\/wp-json\/wp\/v2\/types\/product"}],"replies":[{"embeddable":true,"href":"https:\/\/liquidmaster.pl\/en\/wp-json\/wp\/v2\/comments?post=1901762"}],"wp:featuredmedia":[{"embeddable":true,"href":"https:\/\/liquidmaster.pl\/en\/wp-json\/wp\/v2\/media\/1847025"}],"wp:attachment":[{"href":"https:\/\/liquidmaster.pl\/en\/wp-json\/wp\/v2\/media?parent=1901762"}],"wp:term":[{"taxonomy":"product_brand","embeddable":true,"href":"https:\/\/liquidmaster.pl\/en\/wp-json\/wp\/v2\/product_brand?post=1901762"},{"taxonomy":"product_cat","embeddable":true,"href":"https:\/\/liquidmaster.pl\/en\/wp-json\/wp\/v2\/product_cat?post=1901762"},{"taxonomy":"product_tag","embeddable":true,"href":"https:\/\/liquidmaster.pl\/en\/wp-json\/wp\/v2\/product_tag?post=1901762"}],"curies":[{"name":"wp","href":"https:\/\/api.w.org\/{rel}","templated":true}]}}