{"id":1898831,"date":"2025-06-29T14:14:06","date_gmt":"2025-06-29T12:14:06","guid":{"rendered":"https:\/\/liquidmaster.pl\/adbl-one-cut-pro-1l-pasta-polerska\/"},"modified":"2026-04-18T04:49:03","modified_gmt":"2026-04-18T02:49:03","slug":"adbl-one-cut-pro-1l-pasta-polerska","status":"publish","type":"product","link":"https:\/\/liquidmaster.pl\/en\/adbl-one-cut-pro-1l-pasta-polerska\/","title":{"rendered":"ADBL One Cut Pro 1L \u2013 polishing paste"},"content":{"rendered":"<p>One Cut Pro is a high-quality cut &amp; polish compound designed for effective paint correction and a perfect finish. With its balanced cutting and finishing power, it&#039;s ideal for removing moderate scratches, holograms, and oxidation marks. It leaves a smooth, streak-free, and dust-free surface.<\/p>\n<p>This water-based, polymer-free paste ensures safe and more environmentally friendly work. Its low dusting, long working time, and easy removal enhance work comfort for both professionals and detailing enthusiasts. Recommended for all types of paints, especially soft and medium-hard ones.<\/p>\n<p>Capacity: 1 L<\/p>","protected":false},"excerpt":{"rendered":"<p>One Cut Pro to wysokiej jako\u015bci pasta polerska typu cut &#038; polish, stworzona z my\u015bl\u0105 o skutecznej korekcie i perfekcyjnym wyko\u0144czeniu lakieru. Dzi\u0119ki zr\u00f3wnowa\u017conej sile ci\u0119cia i wyka\u0144czania idealnie sprawdzi si\u0119 do usuwania \u015brednich zarysowa\u0144, hologram\u00f3w oraz \u015blad\u00f3w oksydacji. Pozostawia g\u0142adk\u0105 powierzchni\u0119 bez smug i py\u0142u. Pasta oparta jest na wodnej bazie, wolna od polimer\u00f3w,&hellip;&nbsp;<a href=\"https:\/\/liquidmaster.pl\/en\/adbl-one-cut-pro-1l-pasta-polerska\/\" rel=\"bookmark\">Read More \u00bb<span class=\"screen-reader-text\">ADBL One Cut Pro 1L \u2013 polishing paste<\/span><\/a><\/p>","protected":false},"featured_media":1898833,"comment_status":"open","ping_status":"open","template":"","meta":{"neve_meta_sidebar":"","neve_meta_container":"","neve_meta_enable_content_width":"","neve_meta_content_width":0,"neve_meta_title_alignment":"","neve_meta_author_avatar":"","neve_post_elements_order":"","neve_meta_disable_header":"","neve_meta_disable_footer":"","neve_meta_disable_title":"","_themeisle_gutenberg_block_has_review":false},"product_brand":[],"product_cat":[790,789,748],"product_tag":[258],"class_list":{"0":"post-1898831","1":"product","2":"type-product","3":"status-publish","4":"has-post-thumbnail","6":"product_cat-pasty-cuttingowe","7":"product_cat-pasty-polerskie","8":"product_cat-polerowanie","9":"product_tag-adbl","11":"first","12":"instock","13":"taxable","14":"shipping-taxable","15":"purchasable","16":"product-type-simple"},"_links":{"self":[{"href":"https:\/\/liquidmaster.pl\/en\/wp-json\/wp\/v2\/product\/1898831","targetHints":{"allow":["GET"]}}],"collection":[{"href":"https:\/\/liquidmaster.pl\/en\/wp-json\/wp\/v2\/product"}],"about":[{"href":"https:\/\/liquidmaster.pl\/en\/wp-json\/wp\/v2\/types\/product"}],"replies":[{"embeddable":true,"href":"https:\/\/liquidmaster.pl\/en\/wp-json\/wp\/v2\/comments?post=1898831"}],"wp:featuredmedia":[{"embeddable":true,"href":"https:\/\/liquidmaster.pl\/en\/wp-json\/wp\/v2\/media\/1898833"}],"wp:attachment":[{"href":"https:\/\/liquidmaster.pl\/en\/wp-json\/wp\/v2\/media?parent=1898831"}],"wp:term":[{"taxonomy":"product_brand","embeddable":true,"href":"https:\/\/liquidmaster.pl\/en\/wp-json\/wp\/v2\/product_brand?post=1898831"},{"taxonomy":"product_cat","embeddable":true,"href":"https:\/\/liquidmaster.pl\/en\/wp-json\/wp\/v2\/product_cat?post=1898831"},{"taxonomy":"product_tag","embeddable":true,"href":"https:\/\/liquidmaster.pl\/en\/wp-json\/wp\/v2\/product_tag?post=1898831"}],"curies":[{"name":"wp","href":"https:\/\/api.w.org\/{rel}","templated":true}]}}