{"id":1898825,"date":"2025-06-29T14:12:06","date_gmt":"2025-06-29T12:12:06","guid":{"rendered":"https:\/\/liquidmaster.pl\/adbl-finish-pro-1l-uniwersalna-pasta-polerska-do-wykonczenia-lakieru\/"},"modified":"2026-04-18T04:49:02","modified_gmt":"2026-04-18T02:49:02","slug":"adbl-finish-pro-1l-uniwersalna-pasta-polerska-do-wykonczenia-lakieru","status":"publish","type":"product","link":"https:\/\/liquidmaster.pl\/en\/adbl-finish-pro-1l-uniwersalna-pasta-polerska-do-wykonczenia-lakieru\/","title":{"rendered":"ADBL Finish Pro 1L \u2013 universal polishing paste for paintwork finishing"},"content":{"rendered":"<p>Finish Pro is a high-quality polishing compound designed for precise paintwork finishing. It effectively removes holograms and minor imperfections left by previous correction steps, leaving the surface perfectly smooth and ready for the application of protective coatings. The compound is compatible with all types of paints, including difficult-to-treat surfaces like sticky paint.<\/p>\n<ul>\n<li>For every color and type of paint<\/li>\n<li>Reduces holograms and micro-scratches<\/li>\n<li>Prepares the surface for the application of ceramic coatings or waxes<\/li>\n<\/ul>\n<p>Capacity: 1 L<\/p>","protected":false},"excerpt":{"rendered":"<p>Finish Pro to wysokiej jako\u015bci pasta polerska stworzona do precyzyjnego wyka\u0144czania lakieru. Skutecznie usuwa hologramy i drobne niedoskona\u0142o\u015bci powsta\u0142e po wcze\u015bniejszych etapach korekty, pozostawiaj\u0105c powierzchni\u0119 idealnie g\u0142adk\u0105 i gotow\u0105 do aplikacji pow\u0142ok ochronnych. Pasta jest kompatybilna ze wszystkimi rodzajami lakier\u00f3w \u2013 tak\u017ce z trudnymi w obr\u00f3bce powierzchniami typu sticky paint. Do ka\u017cdego koloru i typu&hellip;&nbsp;<a href=\"https:\/\/liquidmaster.pl\/en\/adbl-finish-pro-1l-uniwersalna-pasta-polerska-do-wykonczenia-lakieru\/\" rel=\"bookmark\">Read More \u00bb<span class=\"screen-reader-text\">ADBL Finish Pro 1L \u2013 universal polishing paste for paintwork finishing<\/span><\/a><\/p>","protected":false},"featured_media":1898827,"comment_status":"open","ping_status":"open","template":"","meta":{"neve_meta_sidebar":"","neve_meta_container":"","neve_meta_enable_content_width":"","neve_meta_content_width":0,"neve_meta_title_alignment":"","neve_meta_author_avatar":"","neve_post_elements_order":"","neve_meta_disable_header":"","neve_meta_disable_footer":"","neve_meta_disable_title":"","_themeisle_gutenberg_block_has_review":false},"product_brand":[],"product_cat":[792,789,748],"product_tag":[258],"class_list":{"0":"post-1898825","1":"product","2":"type-product","3":"status-publish","4":"has-post-thumbnail","6":"product_cat-pasty-finishowe","7":"product_cat-pasty-polerskie","8":"product_cat-polerowanie","9":"product_tag-adbl","11":"first","12":"instock","13":"taxable","14":"shipping-taxable","15":"purchasable","16":"product-type-simple"},"_links":{"self":[{"href":"https:\/\/liquidmaster.pl\/en\/wp-json\/wp\/v2\/product\/1898825","targetHints":{"allow":["GET"]}}],"collection":[{"href":"https:\/\/liquidmaster.pl\/en\/wp-json\/wp\/v2\/product"}],"about":[{"href":"https:\/\/liquidmaster.pl\/en\/wp-json\/wp\/v2\/types\/product"}],"replies":[{"embeddable":true,"href":"https:\/\/liquidmaster.pl\/en\/wp-json\/wp\/v2\/comments?post=1898825"}],"wp:featuredmedia":[{"embeddable":true,"href":"https:\/\/liquidmaster.pl\/en\/wp-json\/wp\/v2\/media\/1898827"}],"wp:attachment":[{"href":"https:\/\/liquidmaster.pl\/en\/wp-json\/wp\/v2\/media?parent=1898825"}],"wp:term":[{"taxonomy":"product_brand","embeddable":true,"href":"https:\/\/liquidmaster.pl\/en\/wp-json\/wp\/v2\/product_brand?post=1898825"},{"taxonomy":"product_cat","embeddable":true,"href":"https:\/\/liquidmaster.pl\/en\/wp-json\/wp\/v2\/product_cat?post=1898825"},{"taxonomy":"product_tag","embeddable":true,"href":"https:\/\/liquidmaster.pl\/en\/wp-json\/wp\/v2\/product_tag?post=1898825"}],"curies":[{"name":"wp","href":"https:\/\/api.w.org\/{rel}","templated":true}]}}