{"id":1898819,"date":"2025-06-29T14:10:07","date_gmt":"2025-06-29T12:10:07","guid":{"rendered":"https:\/\/liquidmaster.pl\/adbl-cut-pro-1l-mocna-pasta-polerska-do-twardych-lakierow\/"},"modified":"2026-04-20T08:30:02","modified_gmt":"2026-04-20T06:30:02","slug":"adbl-cut-pro-1l-mocna-pasta-polerska-do-twardych-lakierow","status":"publish","type":"product","link":"https:\/\/liquidmaster.pl\/en\/adbl-cut-pro-1l-mocna-pasta-polerska-do-twardych-lakierow\/","title":{"rendered":"ADBL Cut Pro 1L \u2013 strong polishing paste for hard paints"},"content":{"rendered":"<p>ADBL Cut Pro is a powerful cutting polishing compound designed to effectively remove deep scratches and P1000 abrasive marks. Ideal for use on hard paintwork, both as a first step in corrections and as a single-step product. Its water-based, polymer-free formula ensures low dust, long working time, and easy blending.<\/p>\n<p>Capacity: 1 L<\/p>","protected":false},"excerpt":{"rendered":"<p>ADBL Cut Pro to silnie tn\u0105ca pasta polerska przeznaczona do efektywnego usuwania g\u0142\u0119bokich zarysowa\u0144 i \u015blad\u00f3w po papierze P1000. Idealna do pracy na twardych lakierach, zar\u00f3wno jako pierwszy etap korekty, jak i produkt jednoetapowy. Jej wodna formu\u0142a, pozbawiona polimer\u00f3w, zapewnia niski poziom pylenia, d\u0142ugi czas wypracowywania i \u0142atwe docieranie. Pojemno\u015b\u0107:\u00a01 L<\/p>","protected":false},"featured_media":1898821,"comment_status":"open","ping_status":"open","template":"","meta":{"neve_meta_sidebar":"","neve_meta_container":"","neve_meta_enable_content_width":"","neve_meta_content_width":0,"neve_meta_title_alignment":"","neve_meta_author_avatar":"","neve_post_elements_order":"","neve_meta_disable_header":"","neve_meta_disable_footer":"","neve_meta_disable_title":"","_themeisle_gutenberg_block_has_review":false},"product_brand":[],"product_cat":[790,789,748],"product_tag":[258],"class_list":{"0":"post-1898819","1":"product","2":"type-product","3":"status-publish","4":"has-post-thumbnail","6":"product_cat-pasty-cuttingowe","7":"product_cat-pasty-polerskie","8":"product_cat-polerowanie","9":"product_tag-adbl","11":"first","12":"instock","13":"taxable","14":"shipping-taxable","15":"purchasable","16":"product-type-simple"},"_links":{"self":[{"href":"https:\/\/liquidmaster.pl\/en\/wp-json\/wp\/v2\/product\/1898819","targetHints":{"allow":["GET"]}}],"collection":[{"href":"https:\/\/liquidmaster.pl\/en\/wp-json\/wp\/v2\/product"}],"about":[{"href":"https:\/\/liquidmaster.pl\/en\/wp-json\/wp\/v2\/types\/product"}],"replies":[{"embeddable":true,"href":"https:\/\/liquidmaster.pl\/en\/wp-json\/wp\/v2\/comments?post=1898819"}],"wp:featuredmedia":[{"embeddable":true,"href":"https:\/\/liquidmaster.pl\/en\/wp-json\/wp\/v2\/media\/1898821"}],"wp:attachment":[{"href":"https:\/\/liquidmaster.pl\/en\/wp-json\/wp\/v2\/media?parent=1898819"}],"wp:term":[{"taxonomy":"product_brand","embeddable":true,"href":"https:\/\/liquidmaster.pl\/en\/wp-json\/wp\/v2\/product_brand?post=1898819"},{"taxonomy":"product_cat","embeddable":true,"href":"https:\/\/liquidmaster.pl\/en\/wp-json\/wp\/v2\/product_cat?post=1898819"},{"taxonomy":"product_tag","embeddable":true,"href":"https:\/\/liquidmaster.pl\/en\/wp-json\/wp\/v2\/product_tag?post=1898819"}],"curies":[{"name":"wp","href":"https:\/\/api.w.org\/{rel}","templated":true}]}}