{"id":1898816,"date":"2025-06-29T14:08:51","date_gmt":"2025-06-29T12:08:51","guid":{"rendered":"https:\/\/liquidmaster.pl\/vinove-refil-blister-warsaw-wklad-do-zapachu\/"},"modified":"2026-04-21T08:31:39","modified_gmt":"2026-04-21T06:31:39","slug":"vinove-refil-blister-warsaw-wklad-do-zapachu","status":"publish","type":"product","link":"https:\/\/liquidmaster.pl\/en\/vinove-refil-blister-warsaw-wklad-do-zapachu\/","title":{"rendered":"Vinove Refil Blister Warsaw &#8211; wk\u0142ad do zapachu"},"content":{"rendered":"<p>Wk\u0142ad do produkt\u00f3w Vinove o zapachu Warsaw<\/p>\n<p>Vinove Warsaw \u2013 ekskluzywny zapach samochodowy, kt\u00f3ry przywo\u0142uje obraz silnej, stanowczej kobiety, pewnie st\u0105paj\u0105cej po ziemi. Bez ogranicze\u0144! Intensywnie i szybko!<\/p>\n<p>Po\u0142\u0105czenie \u015bwie\u017co\u015bci cytrus\u00f3w z prowokacyjnym imbirem oraz ekskluzywn\u0105 nut\u0105 oud sprawia, \u017ce ka\u017cdy sukces smakuje wyj\u0105tkowo. Wyj\u0105tkowo dobrze.<\/p>\n<p>Nuta g\u0142owy: ananas, imbir, szafran<\/p>\n<p>Nuta serca: r\u00f3\u017ca, cytrus, zamsz<\/p>\n<p>Nuta bazowa: paczula, drzewo sanda\u0142owe, oud<\/p>","protected":false},"excerpt":{"rendered":"<p>Wk\u0142ad do produkt\u00f3w Vinove o zapachu Warsaw Vinove Warsaw \u2013 ekskluzywny zapach samochodowy, kt\u00f3ry przywo\u0142uje obraz silnej, stanowczej kobiety, pewnie st\u0105paj\u0105cej po ziemi. Bez ogranicze\u0144! Intensywnie i szybko! Po\u0142\u0105czenie \u015bwie\u017co\u015bci cytrus\u00f3w z prowokacyjnym imbirem oraz ekskluzywn\u0105 nut\u0105 oud sprawia, \u017ce ka\u017cdy sukces smakuje wyj\u0105tkowo. Wyj\u0105tkowo dobrze. Nuta g\u0142owy: ananas, imbir, szafran Nuta serca: r\u00f3\u017ca, cytrus,&hellip;&nbsp;<a href=\"https:\/\/liquidmaster.pl\/en\/vinove-refil-blister-warsaw-wklad-do-zapachu\/\" rel=\"bookmark\">Read More \u00bb<span class=\"screen-reader-text\">Vinove Refil Blister Warsaw &#8211; wk\u0142ad do zapachu<\/span><\/a><\/p>","protected":false},"featured_media":1898818,"comment_status":"open","ping_status":"open","template":"","meta":{"neve_meta_sidebar":"","neve_meta_container":"","neve_meta_enable_content_width":"","neve_meta_content_width":0,"neve_meta_title_alignment":"","neve_meta_author_avatar":"","neve_post_elements_order":"","neve_meta_disable_header":"","neve_meta_disable_footer":"","neve_meta_disable_title":"","_themeisle_gutenberg_block_has_review":false},"product_brand":[],"product_cat":[888,801,768],"product_tag":[],"class_list":{"0":"post-1898816","1":"product","2":"type-product","3":"status-publish","4":"has-post-thumbnail","6":"product_cat-dyfuzory-i-zawieszki","7":"product_cat-odswiezacze-powietrza","8":"product_cat-wnetrze-auta","10":"first","11":"instock","12":"taxable","13":"shipping-taxable","14":"purchasable","15":"product-type-simple"},"_links":{"self":[{"href":"https:\/\/liquidmaster.pl\/en\/wp-json\/wp\/v2\/product\/1898816","targetHints":{"allow":["GET"]}}],"collection":[{"href":"https:\/\/liquidmaster.pl\/en\/wp-json\/wp\/v2\/product"}],"about":[{"href":"https:\/\/liquidmaster.pl\/en\/wp-json\/wp\/v2\/types\/product"}],"replies":[{"embeddable":true,"href":"https:\/\/liquidmaster.pl\/en\/wp-json\/wp\/v2\/comments?post=1898816"}],"wp:featuredmedia":[{"embeddable":true,"href":"https:\/\/liquidmaster.pl\/en\/wp-json\/wp\/v2\/media\/1898818"}],"wp:attachment":[{"href":"https:\/\/liquidmaster.pl\/en\/wp-json\/wp\/v2\/media?parent=1898816"}],"wp:term":[{"taxonomy":"product_brand","embeddable":true,"href":"https:\/\/liquidmaster.pl\/en\/wp-json\/wp\/v2\/product_brand?post=1898816"},{"taxonomy":"product_cat","embeddable":true,"href":"https:\/\/liquidmaster.pl\/en\/wp-json\/wp\/v2\/product_cat?post=1898816"},{"taxonomy":"product_tag","embeddable":true,"href":"https:\/\/liquidmaster.pl\/en\/wp-json\/wp\/v2\/product_tag?post=1898816"}],"curies":[{"name":"wp","href":"https:\/\/api.w.org\/{rel}","templated":true}]}}