{"id":1897272,"date":"2025-06-28T00:48:50","date_gmt":"2025-06-27T22:48:50","guid":{"rendered":"https:\/\/liquidmaster.pl\/turtle-wax-hybrid-solutions-ceramic-spray-coating-500ml-quick-detailer-do-lakieru\/"},"modified":"2026-04-21T08:23:47","modified_gmt":"2026-04-21T06:23:47","slug":"turtle-wax-hybrid-solutions-ceramic-spray-coating-500ml-quick-detailer-do-lakieru","status":"publish","type":"product","link":"https:\/\/liquidmaster.pl\/en\/turtle-wax-hybrid-solutions-ceramic-spray-coating-500ml-quick-detailer-do-lakieru\/","title":{"rendered":"Turtle Wax Hybrid Solutions Ceramic Spray Coating 500ml \u2013 quick paint detailer"},"content":{"rendered":"<p>A SPECIALLY DESIGNED FORMULA FOR LONG-LASTING CERAMIC PROTECTION ON YOUR VEHICLE&#039;S SURFACE. THIS EASY-TO-USE PRODUCT SPRAYS AND WIPE OFF WITH VERY LITTLE EFFORT. WHILE PROVIDING EXCELLENT SHINE AND PROTECTION.<\/p>\n<ul>\n<li>Protects paintwork by providing unparalleled hydrophobicity and a ceramic coating that will last at least 6 months.<\/li>\n<li>Prevents dirt from re-depositing on the paint surface.<\/li>\n<li>Easy to use, the product sprays on and wipes off with very little effort.<\/li>\n<li>Tropical scent.<\/li>\n<\/ul>\n<p>Usage<\/p>\n<li>Wash and dry the car.<\/li>\n<li>SHAKE THE CANISTER WELL. Spray 3-4 times per section of surface. Spread and dry with a clean, folded microfiber cloth.<\/li>\n<li>Polish with a separate cloth.<\/li>\n<p>Capacity 500ml<\/p>","protected":false},"excerpt":{"rendered":"<p>SPECJALNA OPRACOWANA FORMU\u0141A DO D\u0141UGOTRWA\u0141EJ CERAMICZNEJ OCHRONY NA POWIERZCHNI POJAZDU. TEN \u0141ATWY W U\u017bYCIU PRODUKT ROZPYLA SI\u0118 I \u015aCIERA PRZY BARDZO NIEWIELKIM WYSI\u0141KU. JEDNOCZE\u015aNIE POZWALA NA UZYSKANIE DOSKONA\u0141EGO PO\u0141YSKU I OCHRONY. Chroni lakier dzi\u0119ki zapewnieniu niezr\u00f3wnanej hydrofobowo\u015bci i pow\u0142oce ceramicznej, kt\u00f3ra b\u0119dzie trwa\u0142a co najmniej 6 miesi\u0119cy. Zapobiega ponownemu osadzaniu si\u0119 brudu na powierzchni lakieru.&hellip;&nbsp;<a href=\"https:\/\/liquidmaster.pl\/en\/turtle-wax-hybrid-solutions-ceramic-spray-coating-500ml-quick-detailer-do-lakieru\/\" rel=\"bookmark\">Read More \u00bb<span class=\"screen-reader-text\">Turtle Wax Hybrid Solutions Ceramic Spray Coating 500ml \u2013 quick paint detailer<\/span><\/a><\/p>","protected":false},"featured_media":1848329,"comment_status":"open","ping_status":"open","template":"","meta":{"neve_meta_sidebar":"","neve_meta_container":"","neve_meta_enable_content_width":"","neve_meta_content_width":0,"neve_meta_title_alignment":"","neve_meta_author_avatar":"","neve_post_elements_order":"","neve_meta_disable_header":"","neve_meta_disable_footer":"","neve_meta_disable_title":"","_themeisle_gutenberg_block_has_review":false},"product_brand":[],"product_cat":[733,766,767],"product_tag":[1106],"class_list":{"0":"post-1897272","1":"product","2":"type-product","3":"status-publish","4":"has-post-thumbnail","6":"product_cat-na-zewnatrz","7":"product_cat-ochrona-lakieru","8":"product_cat-quick-detailery","9":"product_tag-turtle-wax","11":"first","12":"instock","13":"taxable","14":"shipping-taxable","15":"purchasable","16":"product-type-simple"},"_links":{"self":[{"href":"https:\/\/liquidmaster.pl\/en\/wp-json\/wp\/v2\/product\/1897272","targetHints":{"allow":["GET"]}}],"collection":[{"href":"https:\/\/liquidmaster.pl\/en\/wp-json\/wp\/v2\/product"}],"about":[{"href":"https:\/\/liquidmaster.pl\/en\/wp-json\/wp\/v2\/types\/product"}],"replies":[{"embeddable":true,"href":"https:\/\/liquidmaster.pl\/en\/wp-json\/wp\/v2\/comments?post=1897272"}],"wp:featuredmedia":[{"embeddable":true,"href":"https:\/\/liquidmaster.pl\/en\/wp-json\/wp\/v2\/media\/1848329"}],"wp:attachment":[{"href":"https:\/\/liquidmaster.pl\/en\/wp-json\/wp\/v2\/media?parent=1897272"}],"wp:term":[{"taxonomy":"product_brand","embeddable":true,"href":"https:\/\/liquidmaster.pl\/en\/wp-json\/wp\/v2\/product_brand?post=1897272"},{"taxonomy":"product_cat","embeddable":true,"href":"https:\/\/liquidmaster.pl\/en\/wp-json\/wp\/v2\/product_cat?post=1897272"},{"taxonomy":"product_tag","embeddable":true,"href":"https:\/\/liquidmaster.pl\/en\/wp-json\/wp\/v2\/product_tag?post=1897272"}],"curies":[{"name":"wp","href":"https:\/\/api.w.org\/{rel}","templated":true}]}}