{"id":1897270,"date":"2025-06-28T00:48:06","date_gmt":"2025-06-27T22:48:06","guid":{"rendered":"https:\/\/liquidmaster.pl\/turtle-wax-hybrid-solutions-ceramic-polish-wax-500ml-pasta-all-in-one\/"},"modified":"2026-04-19T03:29:34","modified_gmt":"2026-04-19T01:29:34","slug":"turtle-wax-hybrid-solutions-ceramic-polish-wax-500ml-pasta-all-in-one","status":"publish","type":"product","link":"https:\/\/liquidmaster.pl\/en\/turtle-wax-hybrid-solutions-ceramic-polish-wax-500ml-pasta-all-in-one\/","title":{"rendered":"Turtle Wax Hybrid Solutions Ceramic Polish &amp; Wax 500ml \u2013 all in one paste"},"content":{"rendered":"<p>TURTLE WAX HYBRID SOLUTIONS CERAMIC POLISH &amp; WAX IS A PROFESSIONAL AND MODERN ONE-STEP PAINT CORRECTION. THIS NEW AND INNOVATIVE FORMULA COMBINES 3 PRODUCTS IN ONE. A SPECIAL COMBINATION OF SYNTHETIC WAX WITH SUPERHYDROPHOBIC SIO2 QUARTZ POLYMERS FOR LONG-LASTING PROTECTION, COLOR DEPTH, AND AN INCREDIBLE MIRROR-LIKE SHINE.<\/p>\n<ul>\n<li>Paint correction, polishing, waxing and protection all in one step.<\/li>\n<li>Cleans, removes paint imperfections and protects against external factors.<\/li>\n<li>For both manual and machine use.<\/li>\n<\/ul>\n<p>Usage:<\/p>\n<li>Wash and dry your car. Shake well. Do not apply to hot paint or in direct sunlight.<\/li>\n<li>Place 3-4 drops of wax on the applicator and spread evenly over the surface (60 cm x 60 cm) in overlapping circular motions. Wipe off any excess with a microfiber cloth, flip it over to the clean side, and buff. Use a damp microfiber cloth to remove streaks and stains. Finally, buff with a dry microfiber cloth as needed.<\/li>\n<li>Place 3-4 small drops evenly on a medium-hard polishing pad. Polish in successive sections (60 cm x 60 cm). Start with a low speed, gradually increasing the speed, and polish with light pressure in straight, crisscross motions. Finally, dry with a clean microfiber cloth. Use a damp microfiber cloth to remove streaks and stains. Finally, buff with a clean, dry microfiber cloth as needed.<\/li>\n<p>Capacity 500ml<\/p>","protected":false},"excerpt":{"rendered":"<p>TURTLE WAX HYBRID SOLUTIONS CERAMIC POLISH &#038; WAX TO PROFESJONALNY I NOWOCZESNY PREPARAT DO JEDNOSTOPNIOWEJ KOREKTY LAKIERU. NOWA I INNOWACYJNA FORMU\u0141A \u0141\u0104CZY W SOBIE A\u017b 3 PRODUKTY W JEDNYM. SPECJALNIE PO\u0141\u0104CZENIE SYNTETYCZNEGO WOSKU Z SUPERHYDROFOBOWYM POLIMERAMI Z KWARCEM SIO2 DLA UZYSKANIA D\u0141UGOTRWA\u0141EJ OCHRONY, G\u0141\u0118BI KOLORU ORAZ NIESAMOWITEGO LUSTRZANEGO PO\u0141YSKU. Korekta lakieru, polerowanie, woskowanie i ochrona&hellip;&nbsp;<a href=\"https:\/\/liquidmaster.pl\/en\/turtle-wax-hybrid-solutions-ceramic-polish-wax-500ml-pasta-all-in-one\/\" rel=\"bookmark\">Read More \u00bb<span class=\"screen-reader-text\">Turtle Wax Hybrid Solutions Ceramic Polish &amp; Wax 500ml \u2013 all in one paste<\/span><\/a><\/p>","protected":false},"featured_media":1848320,"comment_status":"open","ping_status":"open","template":"","meta":{"neve_meta_sidebar":"","neve_meta_container":"","neve_meta_enable_content_width":"","neve_meta_content_width":0,"neve_meta_title_alignment":"","neve_meta_author_avatar":"","neve_post_elements_order":"","neve_meta_disable_header":"","neve_meta_disable_footer":"","neve_meta_disable_title":"","_themeisle_gutenberg_block_has_review":false},"product_brand":[],"product_cat":[845,789,748],"product_tag":[1106],"class_list":{"0":"post-1897270","1":"product","2":"type-product","3":"status-publish","4":"has-post-thumbnail","6":"product_cat-pasty-aio","7":"product_cat-pasty-polerskie","8":"product_cat-polerowanie","9":"product_tag-turtle-wax","11":"first","12":"instock","13":"taxable","14":"shipping-taxable","15":"purchasable","16":"product-type-simple"},"_links":{"self":[{"href":"https:\/\/liquidmaster.pl\/en\/wp-json\/wp\/v2\/product\/1897270","targetHints":{"allow":["GET"]}}],"collection":[{"href":"https:\/\/liquidmaster.pl\/en\/wp-json\/wp\/v2\/product"}],"about":[{"href":"https:\/\/liquidmaster.pl\/en\/wp-json\/wp\/v2\/types\/product"}],"replies":[{"embeddable":true,"href":"https:\/\/liquidmaster.pl\/en\/wp-json\/wp\/v2\/comments?post=1897270"}],"wp:featuredmedia":[{"embeddable":true,"href":"https:\/\/liquidmaster.pl\/en\/wp-json\/wp\/v2\/media\/1848320"}],"wp:attachment":[{"href":"https:\/\/liquidmaster.pl\/en\/wp-json\/wp\/v2\/media?parent=1897270"}],"wp:term":[{"taxonomy":"product_brand","embeddable":true,"href":"https:\/\/liquidmaster.pl\/en\/wp-json\/wp\/v2\/product_brand?post=1897270"},{"taxonomy":"product_cat","embeddable":true,"href":"https:\/\/liquidmaster.pl\/en\/wp-json\/wp\/v2\/product_cat?post=1897270"},{"taxonomy":"product_tag","embeddable":true,"href":"https:\/\/liquidmaster.pl\/en\/wp-json\/wp\/v2\/product_tag?post=1897270"}],"curies":[{"name":"wp","href":"https:\/\/api.w.org\/{rel}","templated":true}]}}