{"id":1897266,"date":"2025-06-28T00:46:06","date_gmt":"2025-06-27T22:46:06","guid":{"rendered":"https:\/\/liquidmaster.pl\/turtle-wax-hybrid-solutions-ceramic-3in1-detailer-500ml-produkt-do-bezwodnego-mycia\/"},"modified":"2026-04-18T04:42:01","modified_gmt":"2026-04-18T02:42:01","slug":"turtle-wax-hybrid-solutions-ceramic-3in1-detailer-500ml-produkt-do-bezwodnego-mycia","status":"publish","type":"product","link":"https:\/\/liquidmaster.pl\/en\/turtle-wax-hybrid-solutions-ceramic-3in1-detailer-500ml-produkt-do-bezwodnego-mycia\/","title":{"rendered":"Turtle Wax Hybrid Solutions Ceramic 3in1 Detailer 500ml \u2013 product for waterless cleaning"},"content":{"rendered":"<p>TURTLE WAX HYBRID SOLUTIONS CERAMIC 3-W-1 DETAILER TO NOWOCZESNY I BEZPIECZNY PREPARAT DO BEZWODNEGO CZYSZCZENIA I DLA NAJD\u0141U\u017bSZEJ OCHRONY KIEDYKOLWIEK! ! U\u017bYWAJ TEGO PRODUKTU REGULARNIE MI\u0118DZY MYCIAMI, ABY CA\u0141Y CZAS UTRZYMYWA\u0106 SAMOCH\u00d3D L\u015aNI\u0104CY, JEDNOCZE\u015aNIE ZAPEWNIAJ\u0104C OCHRON\u0118 DZI\u0118KI SUPERHYDROFOBOWYM POLIMEROM Z KWARCEM SIO2 NA POWIERZCHNI POJAZDU.<\/p>\n<ul>\n<li>Zawiera specjalne polimery Hydro-Glide do bezwodnego mycia i czyszczenia bez zarysowa\u0144 i ochrony na wszystkich powierzchniach<\/li>\n<li>Specjalnie opracowana formu\u0142\u0105 sprawi, \u017ce samoch\u00f3d b\u0119dzie wygl\u0105da\u0142 jak nowy, i dodatkowo d\u0142u\u017cej pozostanie czystszym dzi\u0119ki superhydrofobowej barierze, kt\u00f3ra pomaga zapobiega\u0107 ponownemu osadzaniu si\u0119 kurzu na zewn\u0119trznych powierzchniach<\/li>\n<\/ul>\n<p>Usage:<\/p>\n<li>Nie aplikuj na gor\u0105cy lakier i w bezpo\u015brednim s\u0142o\u0144cu. Przed u\u017cyciem wstrz\u0105\u015bnij. Woskuj jeden element na raz.<\/li>\n<li>Spryskaj czyszczony elementem za pomoc\u0105 preparatu. Rozprowad\u017a za pomoc\u0105 czystej i suchej mikrofibry.<\/li>\n<li>Przetrzyj such\u0105 mikrofibr\u0105 do uzyskania wysokiego po\u0142ysku. Mo\u017ce by\u0107 stosowany na ka\u017cdej nieporowatej powierzchni, w tym szkle. Nie u\u017cywa\u0107 na dachach kabriolet\u00f3w wykonanych z materia\u0142u.<\/li>\n<p>Capacity 500ml<\/p>","protected":false},"excerpt":{"rendered":"<p>TURTLE WAX HYBRID SOLUTIONS CERAMIC 3-W-1 DETAILER TO NOWOCZESNY I BEZPIECZNY PREPARAT DO BEZWODNEGO CZYSZCZENIA I DLA NAJD\u0141U\u017bSZEJ OCHRONY KIEDYKOLWIEK! ! U\u017bYWAJ TEGO PRODUKTU REGULARNIE MI\u0118DZY MYCIAMI, ABY CA\u0141Y CZAS UTRZYMYWA\u0106 SAMOCH\u00d3D L\u015aNI\u0104CY, JEDNOCZE\u015aNIE ZAPEWNIAJ\u0104C OCHRON\u0118 DZI\u0118KI SUPERHYDROFOBOWYM POLIMEROM Z KWARCEM SIO2 NA POWIERZCHNI POJAZDU. Zawiera specjalne polimery Hydro-Glide do bezwodnego mycia i czyszczenia bez&hellip;&nbsp;<a href=\"https:\/\/liquidmaster.pl\/en\/turtle-wax-hybrid-solutions-ceramic-3in1-detailer-500ml-produkt-do-bezwodnego-mycia\/\" rel=\"bookmark\">Read More \u00bb<span class=\"screen-reader-text\">Turtle Wax Hybrid Solutions Ceramic 3in1 Detailer 500ml \u2013 product for waterless cleaning<\/span><\/a><\/p>","protected":false},"featured_media":1848315,"comment_status":"open","ping_status":"open","template":"","meta":{"neve_meta_sidebar":"","neve_meta_container":"","neve_meta_enable_content_width":"","neve_meta_content_width":0,"neve_meta_title_alignment":"","neve_meta_author_avatar":"","neve_post_elements_order":"","neve_meta_disable_header":"","neve_meta_disable_footer":"","neve_meta_disable_title":"","_themeisle_gutenberg_block_has_review":false},"product_brand":[],"product_cat":[734,733,907],"product_tag":[1106],"class_list":{"0":"post-1897266","1":"product","2":"type-product","3":"status-publish","4":"has-post-thumbnail","6":"product_cat-mycie-i-osuszanie","7":"product_cat-na-zewnatrz","8":"product_cat-szampon-do-bezwodnego-mycia","9":"product_tag-turtle-wax","11":"first","12":"instock","13":"taxable","14":"shipping-taxable","15":"purchasable","16":"product-type-simple"},"_links":{"self":[{"href":"https:\/\/liquidmaster.pl\/en\/wp-json\/wp\/v2\/product\/1897266","targetHints":{"allow":["GET"]}}],"collection":[{"href":"https:\/\/liquidmaster.pl\/en\/wp-json\/wp\/v2\/product"}],"about":[{"href":"https:\/\/liquidmaster.pl\/en\/wp-json\/wp\/v2\/types\/product"}],"replies":[{"embeddable":true,"href":"https:\/\/liquidmaster.pl\/en\/wp-json\/wp\/v2\/comments?post=1897266"}],"wp:featuredmedia":[{"embeddable":true,"href":"https:\/\/liquidmaster.pl\/en\/wp-json\/wp\/v2\/media\/1848315"}],"wp:attachment":[{"href":"https:\/\/liquidmaster.pl\/en\/wp-json\/wp\/v2\/media?parent=1897266"}],"wp:term":[{"taxonomy":"product_brand","embeddable":true,"href":"https:\/\/liquidmaster.pl\/en\/wp-json\/wp\/v2\/product_brand?post=1897266"},{"taxonomy":"product_cat","embeddable":true,"href":"https:\/\/liquidmaster.pl\/en\/wp-json\/wp\/v2\/product_cat?post=1897266"},{"taxonomy":"product_tag","embeddable":true,"href":"https:\/\/liquidmaster.pl\/en\/wp-json\/wp\/v2\/product_tag?post=1897266"}],"curies":[{"name":"wp","href":"https:\/\/api.w.org\/{rel}","templated":true}]}}