{"id":1897264,"date":"2025-06-28T00:44:50","date_gmt":"2025-06-27T22:44:50","guid":{"rendered":"https:\/\/liquidmaster.pl\/seven-soft-shampoo-777ml-szampon-do-mycia-samochodu\/"},"modified":"2026-02-19T00:19:56","modified_gmt":"2026-02-18T22:19:56","slug":"seven-soft-shampoo-777ml-szampon-do-mycia-samochodu","status":"publish","type":"product","link":"https:\/\/liquidmaster.pl\/en\/seven-soft-shampoo-777ml-szampon-do-mycia-samochodu\/","title":{"rendered":"Seven Soft Shampoo 777ml \u2013 car wash shampoo"},"content":{"rendered":"<p>Szampon do mycia samochodu, o neutralnym pH. Bezpieczny dla wszelkiego rodzaju pow\u0142ok ceramicznych, kwarcowych oraz twardego wosku.<\/p>\n<p>Usage:<\/p>\n<li>Sp\u0142ucz samoch\u00f3d wod\u0105 pod ci\u015bnieniem.<\/li>\n<li>Wlej do wiadra ok. 30 \u2013 40 ml produktu na ka\u017cde 10l wody.<\/li>\n<li>Umyj samoch\u00f3d za pomoc\u0105 r\u0119kawicy lub g\u0105bki, od g\u00f3ry do do\u0142u.<\/li>\n<li>Sp\u0142ucz samoch\u00f3d wod\u0105 pod ci\u015bnieniem.<\/li>\n<li>Osusz karoseri\u0119.<\/li>\n<p>Soft Shampoo jest produktem, kt\u00f3ry nadaje si\u0119 zar\u00f3wno do mycia samochod\u00f3w, jak i wszelkiego rodzaju pojazd\u00f3w mechanicznych.<\/p>\n<p>Capacity: 777 ml<\/p>","protected":false},"excerpt":{"rendered":"<p>Szampon do mycia samochodu, o neutralnym pH. Bezpieczny dla wszelkiego rodzaju pow\u0142ok ceramicznych, kwarcowych oraz twardego wosku. Spos\u00f3b u\u017cycia: Sp\u0142ucz samoch\u00f3d wod\u0105 pod ci\u015bnieniem. Wlej do wiadra ok. 30 \u2013 40 ml produktu na ka\u017cde 10l wody. Umyj samoch\u00f3d za pomoc\u0105 r\u0119kawicy lub g\u0105bki, od g\u00f3ry do do\u0142u. Sp\u0142ucz samoch\u00f3d wod\u0105 pod ci\u015bnieniem. Osusz karoseri\u0119.&hellip;&nbsp;<a href=\"https:\/\/liquidmaster.pl\/en\/seven-soft-shampoo-777ml-szampon-do-mycia-samochodu\/\" rel=\"bookmark\">Read More \u00bb<span class=\"screen-reader-text\">Seven Soft Shampoo 777ml \u2013 car wash shampoo<\/span><\/a><\/p>","protected":false},"featured_media":1848310,"comment_status":"open","ping_status":"open","template":"","meta":{"neve_meta_sidebar":"","neve_meta_container":"","neve_meta_enable_content_width":"","neve_meta_content_width":0,"neve_meta_title_alignment":"","neve_meta_author_avatar":"","neve_post_elements_order":"","neve_meta_disable_header":"","neve_meta_disable_footer":"","neve_meta_disable_title":"","_themeisle_gutenberg_block_has_review":false},"product_brand":[],"product_cat":[734,733,740],"product_tag":[1105],"class_list":{"0":"post-1897264","1":"product","2":"type-product","3":"status-publish","4":"has-post-thumbnail","6":"product_cat-mycie-i-osuszanie","7":"product_cat-na-zewnatrz","8":"product_cat-szampony-mycie-i-osuszanie","9":"product_tag-seven-by-han-budda","10":"pa_promocja-promocje","12":"first","13":"instock","14":"taxable","15":"shipping-taxable","16":"purchasable","17":"product-type-simple"},"_links":{"self":[{"href":"https:\/\/liquidmaster.pl\/en\/wp-json\/wp\/v2\/product\/1897264","targetHints":{"allow":["GET"]}}],"collection":[{"href":"https:\/\/liquidmaster.pl\/en\/wp-json\/wp\/v2\/product"}],"about":[{"href":"https:\/\/liquidmaster.pl\/en\/wp-json\/wp\/v2\/types\/product"}],"replies":[{"embeddable":true,"href":"https:\/\/liquidmaster.pl\/en\/wp-json\/wp\/v2\/comments?post=1897264"}],"wp:featuredmedia":[{"embeddable":true,"href":"https:\/\/liquidmaster.pl\/en\/wp-json\/wp\/v2\/media\/1848310"}],"wp:attachment":[{"href":"https:\/\/liquidmaster.pl\/en\/wp-json\/wp\/v2\/media?parent=1897264"}],"wp:term":[{"taxonomy":"product_brand","embeddable":true,"href":"https:\/\/liquidmaster.pl\/en\/wp-json\/wp\/v2\/product_brand?post=1897264"},{"taxonomy":"product_cat","embeddable":true,"href":"https:\/\/liquidmaster.pl\/en\/wp-json\/wp\/v2\/product_cat?post=1897264"},{"taxonomy":"product_tag","embeddable":true,"href":"https:\/\/liquidmaster.pl\/en\/wp-json\/wp\/v2\/product_tag?post=1897264"}],"curies":[{"name":"wp","href":"https:\/\/api.w.org\/{rel}","templated":true}]}}