{"id":1895523,"date":"2025-06-26T00:58:06","date_gmt":"2025-06-25T22:58:06","guid":{"rendered":"https:\/\/liquidmaster.pl\/innovacar-soft-brush-miekki-pedzelek-detailingowy-do-wnetrza\/"},"modified":"2026-04-18T04:30:28","modified_gmt":"2026-04-18T02:30:28","slug":"innovacar-soft-brush-miekki-pedzelek-detailingowy-do-wnetrza","status":"publish","type":"product","link":"https:\/\/liquidmaster.pl\/en\/innovacar-soft-brush-miekki-pedzelek-detailingowy-do-wnetrza\/","title":{"rendered":"Innovacar Soft Brush - a soft interior detailing brush"},"content":{"rendered":"<p>Innovacar Soft Brush \u2013 is a detailing brush with soft bristles designed for delicate leather, fabric, velvet, Alcantara, artificial leather surfaces and plastic interior and exterior elements. Also often used to remove dust from ventilation grilles or grooves.<\/p>\n<p>Main features:<\/p>\n<ul>\n<li>Soft bristles: The bristles are soft and delicate, especially for delicate surfaces.<\/li>\n<li>Suitable for delicate materials: thanks to its soft bristles, it is suitable for processing delicate and expensive materials such as leather, alcantara, upholstered velvet, suede, silk, carbon fiber and many others.<\/li>\n<li>Easy to use: due to its shape, it is able to reach any part with high precision.<\/li>\n<li>Multi-tasking: suitable for thoroughly distributing detergents and is ideal for vacuuming delicate items such as polished interior moldings, screens and clear plastic dashboard components.<\/li>\n<li>Drying: Thanks to the hole in the handle, it can be hung on a hook for easy drying.<\/li>\n<li>Anti-slip handle: has a handle that provides a secure grip that prevents it from slipping from your hand, even when used in certain positions or with wet substances.<\/li>\n<li>Total length: 16.3 cm.<\/li>\n<li>Bristle length: 4.5 cm.<\/li>\n<li>Net weight: 43.2 g.<\/li>\n<li>Bristle material: nylon 612.<\/li>\n<li>Handle material: PP.<\/li>\n<li>No label: to guarantee safe use and avoid leaving marks on the car body.<\/li>\n<li>Resealable Packaging: Sold in a zip-lock packaging, so the item can be reused and stored away from dirt and dust, preventing soiling.<\/li>\n<li>Black colour.<\/li>\n<\/ul>","protected":false},"excerpt":{"rendered":"<p>Innovacar Soft Brush \u2013 to p\u0119dzel detailingowy z mi\u0119kkim w\u0142osiem zaprojektowany z my\u015bl\u0105 o delikatnej sk\u00f3rze, tkaninie, aksamicie, alcantarze, powierzchniach ze sztucznej sk\u00f3ry oraz plastikowych elementach wewn\u0119trznych i zewn\u0119trznych. Cz\u0119sto u\u017cywany r\u00f3wnie\u017c do usuwania kurzu z kratek wentylacyjnych lub rowk\u00f3w. G\u0142\u00f3wne cechy: Mi\u0119kkie w\u0142osie: w\u0142osie jest mi\u0119kkie i delikatne, specjalnie do delikatnych powierzchni. Nadaje si\u0119&hellip;&nbsp;<a href=\"https:\/\/liquidmaster.pl\/en\/innovacar-soft-brush-miekki-pedzelek-detailingowy-do-wnetrza\/\" rel=\"bookmark\">Read More \u00bb<span class=\"screen-reader-text\">Innovacar Soft Brush - a soft interior detailing brush<\/span><\/a><\/p>","protected":false},"featured_media":1847015,"comment_status":"open","ping_status":"open","template":"","meta":{"neve_meta_sidebar":"","neve_meta_container":"","neve_meta_enable_content_width":"","neve_meta_content_width":0,"neve_meta_title_alignment":"","neve_meta_author_avatar":"","neve_post_elements_order":"","neve_meta_disable_header":"","neve_meta_disable_footer":"","neve_meta_disable_title":"","_themeisle_gutenberg_block_has_review":false},"product_brand":[],"product_cat":[757,778,777],"product_tag":[310],"class_list":{"0":"post-1895523","1":"product","2":"type-product","3":"status-publish","4":"has-post-thumbnail","6":"product_cat-akcesoria","7":"product_cat-do-plastikow-wewnetrznych","8":"product_cat-szczotki-i-pedzelki","9":"product_tag-innovacar","11":"first","12":"instock","13":"taxable","14":"shipping-taxable","15":"purchasable","16":"product-type-simple"},"_links":{"self":[{"href":"https:\/\/liquidmaster.pl\/en\/wp-json\/wp\/v2\/product\/1895523","targetHints":{"allow":["GET"]}}],"collection":[{"href":"https:\/\/liquidmaster.pl\/en\/wp-json\/wp\/v2\/product"}],"about":[{"href":"https:\/\/liquidmaster.pl\/en\/wp-json\/wp\/v2\/types\/product"}],"replies":[{"embeddable":true,"href":"https:\/\/liquidmaster.pl\/en\/wp-json\/wp\/v2\/comments?post=1895523"}],"wp:featuredmedia":[{"embeddable":true,"href":"https:\/\/liquidmaster.pl\/en\/wp-json\/wp\/v2\/media\/1847015"}],"wp:attachment":[{"href":"https:\/\/liquidmaster.pl\/en\/wp-json\/wp\/v2\/media?parent=1895523"}],"wp:term":[{"taxonomy":"product_brand","embeddable":true,"href":"https:\/\/liquidmaster.pl\/en\/wp-json\/wp\/v2\/product_brand?post=1895523"},{"taxonomy":"product_cat","embeddable":true,"href":"https:\/\/liquidmaster.pl\/en\/wp-json\/wp\/v2\/product_cat?post=1895523"},{"taxonomy":"product_tag","embeddable":true,"href":"https:\/\/liquidmaster.pl\/en\/wp-json\/wp\/v2\/product_tag?post=1895523"}],"curies":[{"name":"wp","href":"https:\/\/api.w.org\/{rel}","templated":true}]}}