{"id":1895513,"date":"2025-06-26T00:56:06","date_gmt":"2025-06-25T22:56:06","guid":{"rendered":"https:\/\/liquidmaster.pl\/innovacar-microfibre-cloth-uniwersalna-zamszowa-sciereczka-z-mikrofibry\/"},"modified":"2026-04-21T07:14:46","modified_gmt":"2026-04-21T05:14:46","slug":"innovacar-microfibre-cloth-uniwersalna-zamszowa-sciereczka-z-mikrofibry","status":"publish","type":"product","link":"https:\/\/liquidmaster.pl\/en\/innovacar-microfibre-cloth-uniwersalna-zamszowa-sciereczka-z-mikrofibry\/","title":{"rendered":"Innovacar Microfibre Cloth - universal, suede microfiber cloth"},"content":{"rendered":"<p>Innovacar Microfibre Cloth \u2013 universal, suede microfiber cloth:<\/p>\n<ul>\n<li>Absorbs water quickly.<\/li>\n<li>Quick-drying.<\/li>\n<li>Leaves no traces or residues.<\/li>\n<li>Glides easily on the surface.<\/li>\n<li>Thickness: 0.8 mm.<\/li>\n<\/ul>\n<p>Dimensions: 80 x 60 cm<\/p>","protected":false},"excerpt":{"rendered":"<p>Innovacar Microfibre Cloth \u2013 uniwersalna, zamszowa \u015bciereczka z mikrofibry: Szybko wch\u0142aniania wod\u0119. Szybkoschn\u0105ca. Nie pozostawia \u015blad\u00f3w ani pozosta\u0142o\u015bci. \u0141atwo \u015blizga si\u0119 po powierzchni. Grubo\u015b\u0107: 0,8 mm. Wymiary: 80 x 60 cm<\/p>","protected":false},"featured_media":1847013,"comment_status":"open","ping_status":"open","template":"","meta":{"neve_meta_sidebar":"","neve_meta_container":"","neve_meta_enable_content_width":"","neve_meta_content_width":0,"neve_meta_title_alignment":"","neve_meta_author_avatar":"","neve_post_elements_order":"","neve_meta_disable_header":"","neve_meta_disable_footer":"","neve_meta_disable_title":"","_themeisle_gutenberg_block_has_review":false},"product_brand":[],"product_cat":[757,758,798],"product_tag":[310],"class_list":{"0":"post-1895513","1":"product","2":"type-product","3":"status-publish","4":"has-post-thumbnail","6":"product_cat-akcesoria","7":"product_cat-mikrofibry-i-reczniki","8":"product_cat-uniwersalne","9":"product_tag-innovacar","11":"first","12":"instock","13":"taxable","14":"shipping-taxable","15":"purchasable","16":"product-type-simple"},"_links":{"self":[{"href":"https:\/\/liquidmaster.pl\/en\/wp-json\/wp\/v2\/product\/1895513","targetHints":{"allow":["GET"]}}],"collection":[{"href":"https:\/\/liquidmaster.pl\/en\/wp-json\/wp\/v2\/product"}],"about":[{"href":"https:\/\/liquidmaster.pl\/en\/wp-json\/wp\/v2\/types\/product"}],"replies":[{"embeddable":true,"href":"https:\/\/liquidmaster.pl\/en\/wp-json\/wp\/v2\/comments?post=1895513"}],"wp:featuredmedia":[{"embeddable":true,"href":"https:\/\/liquidmaster.pl\/en\/wp-json\/wp\/v2\/media\/1847013"}],"wp:attachment":[{"href":"https:\/\/liquidmaster.pl\/en\/wp-json\/wp\/v2\/media?parent=1895513"}],"wp:term":[{"taxonomy":"product_brand","embeddable":true,"href":"https:\/\/liquidmaster.pl\/en\/wp-json\/wp\/v2\/product_brand?post=1895513"},{"taxonomy":"product_cat","embeddable":true,"href":"https:\/\/liquidmaster.pl\/en\/wp-json\/wp\/v2\/product_cat?post=1895513"},{"taxonomy":"product_tag","embeddable":true,"href":"https:\/\/liquidmaster.pl\/en\/wp-json\/wp\/v2\/product_tag?post=1895513"}],"curies":[{"name":"wp","href":"https:\/\/api.w.org\/{rel}","templated":true}]}}