{"id":1893602,"date":"2025-06-23T15:50:55","date_gmt":"2025-06-23T13:50:55","guid":{"rendered":"https:\/\/liquidmaster.pl\/sonax-profiline-multistar-1l-uniwersalny-preparat-do-mycia-wstepnego\/"},"modified":"2026-04-18T04:19:47","modified_gmt":"2026-04-18T02:19:47","slug":"sonax-profiline-multistar-1l-uniwersalny-preparat-do-mycia-wstepnego","status":"publish","type":"product","link":"https:\/\/liquidmaster.pl\/en\/sonax-profiline-multistar-1l-uniwersalny-preparat-do-mycia-wstepnego\/","title":{"rendered":"Sonax Profiline Multistar 1L \u2013 universal pre-wash preparation"},"content":{"rendered":"<p>A highly active, universal cleaning preparation also recommended for pre-washing. Micro-active surfactants provide maximum cleaning power. For cleaning both internal (e.g. upholstery, plastics and others) and external parts of the car.<\/p>\n<p>Recommended concentration depending on the degree of contamination:<\/p>\n<ul>\n<li>external elements 1:5 to 1:30,<\/li>\n<li>internal elements 1:10 to 1:50<\/li>\n<\/ul>\n<p>Capacity: 1L<\/p>","protected":false},"excerpt":{"rendered":"<p>Wysoce aktywny, uniwersalny preparat czyszcz\u0105cy zalecany r\u00f3wnie\u017c do mycia wst\u0119pnego. Mikro aktywne \u015brodki powierzchniowo czynne zapewniaj\u0105 maksymaln\u0105 si\u0142\u0119 czyszcz\u0105c\u0105. Do czyszczenia zar\u00f3wno wewn\u0119trznych (np. tapicerka, plastiki i inne) jak i zewn\u0119trznych cz\u0119\u015bci auta. Zalecane st\u0119\u017cenie w zale\u017cno\u015bci od stopnia zabrudzenia: elementy zewn\u0119trzne 1:5 do 1:30, elementy wewn\u0119trzne 1:10 do 1:50 Pojemno\u015b\u0107: 1 L<\/p>","protected":false},"featured_media":1842767,"comment_status":"open","ping_status":"open","template":"","meta":{"neve_meta_sidebar":"","neve_meta_container":"","neve_meta_enable_content_width":"","neve_meta_content_width":0,"neve_meta_title_alignment":"","neve_meta_author_avatar":"","neve_post_elements_order":"","neve_meta_disable_header":"","neve_meta_disable_footer":"","neve_meta_disable_title":"","_themeisle_gutenberg_block_has_review":false},"product_brand":[],"product_cat":[742,734,733],"product_tag":[363],"class_list":{"0":"post-1893602","1":"product","2":"type-product","3":"status-publish","4":"has-post-thumbnail","6":"product_cat-apc-mycie-i-osuszanie","7":"product_cat-mycie-i-osuszanie","8":"product_cat-na-zewnatrz","9":"product_tag-sonax","11":"first","12":"instock","13":"taxable","14":"shipping-taxable","15":"purchasable","16":"product-type-simple"},"_links":{"self":[{"href":"https:\/\/liquidmaster.pl\/en\/wp-json\/wp\/v2\/product\/1893602","targetHints":{"allow":["GET"]}}],"collection":[{"href":"https:\/\/liquidmaster.pl\/en\/wp-json\/wp\/v2\/product"}],"about":[{"href":"https:\/\/liquidmaster.pl\/en\/wp-json\/wp\/v2\/types\/product"}],"replies":[{"embeddable":true,"href":"https:\/\/liquidmaster.pl\/en\/wp-json\/wp\/v2\/comments?post=1893602"}],"wp:featuredmedia":[{"embeddable":true,"href":"https:\/\/liquidmaster.pl\/en\/wp-json\/wp\/v2\/media\/1842767"}],"wp:attachment":[{"href":"https:\/\/liquidmaster.pl\/en\/wp-json\/wp\/v2\/media?parent=1893602"}],"wp:term":[{"taxonomy":"product_brand","embeddable":true,"href":"https:\/\/liquidmaster.pl\/en\/wp-json\/wp\/v2\/product_brand?post=1893602"},{"taxonomy":"product_cat","embeddable":true,"href":"https:\/\/liquidmaster.pl\/en\/wp-json\/wp\/v2\/product_cat?post=1893602"},{"taxonomy":"product_tag","embeddable":true,"href":"https:\/\/liquidmaster.pl\/en\/wp-json\/wp\/v2\/product_tag?post=1893602"}],"curies":[{"name":"wp","href":"https:\/\/api.w.org\/{rel}","templated":true}]}}