{"id":1893594,"date":"2025-06-23T15:48:55","date_gmt":"2025-06-23T13:48:55","guid":{"rendered":"https:\/\/liquidmaster.pl\/plak-air-clim-200ml-plyn-do-dezynfekcji-czyszczenie-odgrzybianie-klimatyzacji-samochodowej\/"},"modified":"2026-04-18T04:19:44","modified_gmt":"2026-04-18T02:19:44","slug":"plak-air-clim-200ml-plyn-do-dezynfekcji-czyszczenie-odgrzybianie-klimatyzacji-samochodowej","status":"publish","type":"product","link":"https:\/\/liquidmaster.pl\/en\/plak-air-clim-200ml-plyn-do-dezynfekcji-czyszczenie-odgrzybianie-klimatyzacji-samochodowej\/","title":{"rendered":"Plak Air Clim 200ml \u2013 disinfectant liquid for cleaning and removing fungi from car air conditioning"},"content":{"rendered":"<p>Atas Air Clim Antibatterico \u2013 disinfects air conditioning and air vents 200 ml<\/p>\n<p>Plak Airclim Antibatterico is a preparation intended for bactericidal and fungicidal disinfection of air conditioning, vents and air in cars. The product is extremely easy to use and allows you to disinfect the air conditioning system yourself within 15 minutes.<\/p>\n<p>Biocidal preparation \u2013 permit number 4730\/12<\/p>\n<p>Properties:<\/p>\n<ul>\n<li>has antibacterial properties<\/li>\n<li>eliminates unpleasant odors of mold, tobacco smoke and animal origin<\/li>\n<li>intended for all types of air conditioning: manual, automatic, as well as single and multi-zone<\/li>\n<li>simple to use and extremely effective<\/li>\n<li>leaves a fresh scent<\/li>\n<\/ul>\n<p>Usage:<\/p>\n<p> \u00a0<\/p>\n<li>Start the engine and set the air conditioning to maximum efficiency.<\/li>\n<li>Open all air vents as much as possible and make sure all car windows are closed.<\/li>\n<li>Tilt the backrest and move the driver&#039;s seat as far forward as possible. Shake the container and place it with the valve up on the floor behind the moved seat.<\/li>\n<li>Firmly press the aerosol valve button until it locks. Do not allow contact with eyes. Close all doors. You are not allowed to stay in the car during the procedure.<\/li>\n<li>After 15 minutes, remove the used container and air the car.<\/li>\n<p>Manufacturer&#039;s recommendations:<\/p>\n<ul>\n<li>You should disinfect the air conditioning system regularly, at least twice a year<\/li>\n<li>use appropriate preparations for this purpose (e.g. Plak Airclim Antibatterico), which will eliminate the multiplying harmful microorganisms<\/li>\n<li>turn on the air conditioning at least once a week, also in winter, because in winter car air conditioning dries the air, which solves the problem of fogged windows<\/li>\n<li>systematically check the efficiency of the air conditioning system<\/li>\n<li>follow the vehicle&#039;s operating instructions<\/li>\n<\/ul>\n<p>Capacity: 200 ml<\/p>","protected":false},"excerpt":{"rendered":"<p>Atas Air Clim Antibatterico &#8211; dezynfekuje klimatyzacj\u0119 i nawiewy 200 ml Plak Airclim Antibatterico jest preparatem przeznaczonym do bakterio i grzybob\u00f3jczej dezynfekcji klimatyzacji, nawiew\u00f3w i powietrza w samochodach. Produkt jest niezwykle \u0142atwy w u\u017cyciu i pozwala na samodzielne odka\u017cenie uk\u0142adu klimatyzacji w ci\u0105gu 15 min. Preparat biob\u00f3jczy &#8211; nr pozwolenia 4730\/12 W\u0142a\u015bciwo\u015bci: dzia\u0142a antybakteryjnie likwiduje&hellip;&nbsp;<a href=\"https:\/\/liquidmaster.pl\/en\/plak-air-clim-200ml-plyn-do-dezynfekcji-czyszczenie-odgrzybianie-klimatyzacji-samochodowej\/\" rel=\"bookmark\">Read More \u00bb<span class=\"screen-reader-text\">Plak Air Clim 200ml \u2013 disinfectant liquid for cleaning and removing fungi from car air conditioning<\/span><\/a><\/p>","protected":false},"featured_media":1846991,"comment_status":"open","ping_status":"open","template":"","meta":{"neve_meta_sidebar":"","neve_meta_container":"","neve_meta_enable_content_width":"","neve_meta_content_width":0,"neve_meta_title_alignment":"","neve_meta_author_avatar":"","neve_post_elements_order":"","neve_meta_disable_header":"","neve_meta_disable_footer":"","neve_meta_disable_title":"","_themeisle_gutenberg_block_has_review":false},"product_brand":[],"product_cat":[902,801,768],"product_tag":[345],"class_list":{"0":"post-1893594","1":"product","2":"type-product","3":"status-publish","4":"has-post-thumbnail","6":"product_cat-odgrzybianie-klimatyzacji","7":"product_cat-odswiezacze-powietrza","8":"product_cat-wnetrze-auta","9":"product_tag-pozostali","11":"first","12":"outofstock","13":"taxable","14":"shipping-taxable","15":"purchasable","16":"product-type-simple"},"_links":{"self":[{"href":"https:\/\/liquidmaster.pl\/en\/wp-json\/wp\/v2\/product\/1893594","targetHints":{"allow":["GET"]}}],"collection":[{"href":"https:\/\/liquidmaster.pl\/en\/wp-json\/wp\/v2\/product"}],"about":[{"href":"https:\/\/liquidmaster.pl\/en\/wp-json\/wp\/v2\/types\/product"}],"replies":[{"embeddable":true,"href":"https:\/\/liquidmaster.pl\/en\/wp-json\/wp\/v2\/comments?post=1893594"}],"wp:featuredmedia":[{"embeddable":true,"href":"https:\/\/liquidmaster.pl\/en\/wp-json\/wp\/v2\/media\/1846991"}],"wp:attachment":[{"href":"https:\/\/liquidmaster.pl\/en\/wp-json\/wp\/v2\/media?parent=1893594"}],"wp:term":[{"taxonomy":"product_brand","embeddable":true,"href":"https:\/\/liquidmaster.pl\/en\/wp-json\/wp\/v2\/product_brand?post=1893594"},{"taxonomy":"product_cat","embeddable":true,"href":"https:\/\/liquidmaster.pl\/en\/wp-json\/wp\/v2\/product_cat?post=1893594"},{"taxonomy":"product_tag","embeddable":true,"href":"https:\/\/liquidmaster.pl\/en\/wp-json\/wp\/v2\/product_tag?post=1893594"}],"curies":[{"name":"wp","href":"https:\/\/api.w.org\/{rel}","templated":true}]}}