{"id":1892169,"date":"2025-06-22T14:00:51","date_gmt":"2025-06-22T12:00:51","guid":{"rendered":"https:\/\/liquidmaster.pl\/detailing-house-t-shirt-dont-rush-xl-koszulka\/"},"modified":"2026-04-20T08:29:52","modified_gmt":"2026-04-20T06:29:52","slug":"detailing-house-t-shirt-dont-rush-xl-koszulka","status":"publish","type":"product","link":"https:\/\/liquidmaster.pl\/en\/detailing-house-t-shirt-dont-rush-xl-koszulka\/","title":{"rendered":"Detailing House T-Shirt Don&#039;t Rush XL \u2013 t-shirt"},"content":{"rendered":"<p>There&#039;s no rush in detailing. Every brushstroke counts \u2013 precision is key.\u00a0<\/p>\n<p>The T-shirt with the slogan &quot;Don&#039;t rush when you brush&quot; perfectly highlights your approach to work: precise, calm and perfect.<\/p>\n<p>\nWash at: 40\u00b0C, turning inside out recommended, do not iron\u00a0<br \/>\nWeight: 160 g\/m\u00b2<br \/>\nSingle Jersey, 100% cotton, silicone finish<br \/>\nwithout side seams<br \/>\nreinforcing tape on the shoulders<\/p>\n<p>Size M<\/p>\n<p>The shirt&#039;s sleeves feature the logos of Detailing House and the Pomeranian Auto Cosmetics Fair.<\/p>","protected":false},"excerpt":{"rendered":"<p>W detailingu po\u015bpiech nie pop\u0142aca. Ka\u017cde poci\u0105gni\u0119cie p\u0119dzlem &#8211; tu liczy si\u0119 precyzja.\u00a0 Koszulka z has\u0142em &#8222;Don&#8217;t rush when you brush&#8221; idealnie podkre\u015bla Twoje podej\u015bcie do pracy: dok\u0142adne, spokojne i perfekcyjne. Pra\u0107 w: 40\u00b0C, zalecane przewracanie na drug\u0105 stron\u0119, nie prasowa\u0107\u00a0 Gramatura: 160 g\/m\u00b2 Single Jersey, 100% bawe\u0142na, wyko\u0144czenie silikonowe bez szw\u00f3w bocznych ta\u015bma wzmacniaj\u0105ca&hellip;&nbsp;<a href=\"https:\/\/liquidmaster.pl\/en\/detailing-house-t-shirt-dont-rush-xl-koszulka\/\" rel=\"bookmark\">Read More \u00bb<span class=\"screen-reader-text\">Detailing House T-Shirt Don&#039;t Rush XL \u2013 t-shirt<\/span><\/a><\/p>","protected":false},"featured_media":1892171,"comment_status":"open","ping_status":"open","template":"","meta":{"neve_meta_sidebar":"","neve_meta_container":"","neve_meta_enable_content_width":"","neve_meta_content_width":0,"neve_meta_title_alignment":"","neve_meta_author_avatar":"","neve_post_elements_order":"","neve_meta_disable_header":"","neve_meta_disable_footer":"","neve_meta_disable_title":"","_themeisle_gutenberg_block_has_review":false},"product_brand":[],"product_cat":[757,862,811],"product_tag":[286],"class_list":{"0":"post-1892169","1":"product","2":"type-product","3":"status-publish","4":"has-post-thumbnail","6":"product_cat-akcesoria","7":"product_cat-gadzety","8":"product_cat-pozostale-akcesoria","9":"product_tag-detailing-house","11":"first","12":"instock","13":"taxable","14":"shipping-taxable","15":"purchasable","16":"product-type-simple"},"_links":{"self":[{"href":"https:\/\/liquidmaster.pl\/en\/wp-json\/wp\/v2\/product\/1892169","targetHints":{"allow":["GET"]}}],"collection":[{"href":"https:\/\/liquidmaster.pl\/en\/wp-json\/wp\/v2\/product"}],"about":[{"href":"https:\/\/liquidmaster.pl\/en\/wp-json\/wp\/v2\/types\/product"}],"replies":[{"embeddable":true,"href":"https:\/\/liquidmaster.pl\/en\/wp-json\/wp\/v2\/comments?post=1892169"}],"wp:featuredmedia":[{"embeddable":true,"href":"https:\/\/liquidmaster.pl\/en\/wp-json\/wp\/v2\/media\/1892171"}],"wp:attachment":[{"href":"https:\/\/liquidmaster.pl\/en\/wp-json\/wp\/v2\/media?parent=1892169"}],"wp:term":[{"taxonomy":"product_brand","embeddable":true,"href":"https:\/\/liquidmaster.pl\/en\/wp-json\/wp\/v2\/product_brand?post=1892169"},{"taxonomy":"product_cat","embeddable":true,"href":"https:\/\/liquidmaster.pl\/en\/wp-json\/wp\/v2\/product_cat?post=1892169"},{"taxonomy":"product_tag","embeddable":true,"href":"https:\/\/liquidmaster.pl\/en\/wp-json\/wp\/v2\/product_tag?post=1892169"}],"curies":[{"name":"wp","href":"https:\/\/api.w.org\/{rel}","templated":true}]}}