{"id":1892157,"date":"2025-06-22T13:56:49","date_gmt":"2025-06-22T11:56:49","guid":{"rendered":"https:\/\/liquidmaster.pl\/detailing-house-t-shirt-i-speak-polish-m-koszulka\/"},"modified":"2026-04-18T04:48:50","modified_gmt":"2026-04-18T02:48:50","slug":"detailing-house-t-shirt-i-speak-polish-m-koszulka","status":"publish","type":"product","link":"https:\/\/liquidmaster.pl\/en\/detailing-house-t-shirt-i-speak-polish-m-koszulka\/","title":{"rendered":"Detailing House T-Shirt I Speak Polish M &#8211; koszulka"},"content":{"rendered":"<p>Koszulka &#8222;I speak polish&#8221;.<\/p>\n<p>Wyra\u017a swoj\u0105 pasj\u0119 i poka\u017c, \u017ce j\u0119zyk polerowania nie ma przed Tob\u0105 tajemnic!<\/p>\n<p>\nWash at: 40\u00b0C, turning inside out recommended, do not iron\u00a0<br \/>\nWeight: 160 g\/m\u00b2<br \/>\nSingle Jersey, 100% cotton, silicone finish<br \/>\nwithout side seams<br \/>\nreinforcing tape on the shoulders<\/p>\n<p>Size M<\/p>\n<p>The shirt&#039;s sleeves feature the logos of Detailing House and the Pomeranian Auto Cosmetics Fair.<\/p>","protected":false},"excerpt":{"rendered":"<p>Koszulka &#8222;I speak polish&#8221;. Wyra\u017a swoj\u0105 pasj\u0119 i poka\u017c, \u017ce j\u0119zyk polerowania nie ma przed Tob\u0105 tajemnic! Pra\u0107 w: 40\u00b0C, zalecane przewracanie na drug\u0105 stron\u0119, nie prasowa\u0107\u00a0 Gramatura: 160 g\/m\u00b2 Single Jersey, 100% bawe\u0142na, wyko\u0144czenie silikonowe bez szw\u00f3w bocznych ta\u015bma wzmacniaj\u0105ca na ramionach Rozmiar M Na r\u0119kawach koszulki widniej\u0105 loga Detailing House oraz Pomorskich Targ\u00f3w&hellip;&nbsp;<a href=\"https:\/\/liquidmaster.pl\/en\/detailing-house-t-shirt-i-speak-polish-m-koszulka\/\" rel=\"bookmark\">Read More \u00bb<span class=\"screen-reader-text\">Detailing House T-Shirt I Speak Polish M &#8211; koszulka<\/span><\/a><\/p>","protected":false},"featured_media":1892159,"comment_status":"open","ping_status":"open","template":"","meta":{"neve_meta_sidebar":"","neve_meta_container":"","neve_meta_enable_content_width":"","neve_meta_content_width":0,"neve_meta_title_alignment":"","neve_meta_author_avatar":"","neve_post_elements_order":"","neve_meta_disable_header":"","neve_meta_disable_footer":"","neve_meta_disable_title":"","_themeisle_gutenberg_block_has_review":false},"product_brand":[],"product_cat":[757,862,811],"product_tag":[286],"class_list":{"0":"post-1892157","1":"product","2":"type-product","3":"status-publish","4":"has-post-thumbnail","6":"product_cat-akcesoria","7":"product_cat-gadzety","8":"product_cat-pozostale-akcesoria","9":"product_tag-detailing-house","11":"first","12":"outofstock","13":"taxable","14":"shipping-taxable","15":"purchasable","16":"product-type-simple"},"_links":{"self":[{"href":"https:\/\/liquidmaster.pl\/en\/wp-json\/wp\/v2\/product\/1892157","targetHints":{"allow":["GET"]}}],"collection":[{"href":"https:\/\/liquidmaster.pl\/en\/wp-json\/wp\/v2\/product"}],"about":[{"href":"https:\/\/liquidmaster.pl\/en\/wp-json\/wp\/v2\/types\/product"}],"replies":[{"embeddable":true,"href":"https:\/\/liquidmaster.pl\/en\/wp-json\/wp\/v2\/comments?post=1892157"}],"wp:featuredmedia":[{"embeddable":true,"href":"https:\/\/liquidmaster.pl\/en\/wp-json\/wp\/v2\/media\/1892159"}],"wp:attachment":[{"href":"https:\/\/liquidmaster.pl\/en\/wp-json\/wp\/v2\/media?parent=1892157"}],"wp:term":[{"taxonomy":"product_brand","embeddable":true,"href":"https:\/\/liquidmaster.pl\/en\/wp-json\/wp\/v2\/product_brand?post=1892157"},{"taxonomy":"product_cat","embeddable":true,"href":"https:\/\/liquidmaster.pl\/en\/wp-json\/wp\/v2\/product_cat?post=1892157"},{"taxonomy":"product_tag","embeddable":true,"href":"https:\/\/liquidmaster.pl\/en\/wp-json\/wp\/v2\/product_tag?post=1892157"}],"curies":[{"name":"wp","href":"https:\/\/api.w.org\/{rel}","templated":true}]}}