{"id":1891565,"date":"2025-06-21T04:16:06","date_gmt":"2025-06-21T02:16:06","guid":{"rendered":"https:\/\/liquidmaster.pl\/seven-glass-surface-cleaner-350ml-plyn-do-mycia-szyb\/"},"modified":"2026-04-21T08:23:43","modified_gmt":"2026-04-21T06:23:43","slug":"seven-glass-surface-cleaner-350ml-plyn-do-mycia-szyb","status":"publish","type":"product","link":"https:\/\/liquidmaster.pl\/en\/seven-glass-surface-cleaner-350ml-plyn-do-mycia-szyb\/","title":{"rendered":"Seven Glass Surface Cleaner 350ml \u2013 glass cleaning fluid"},"content":{"rendered":"<p>Glass Cleaner to p\u0142yn do mycia powierzchni szklanych, o bardzo dobrych w\u0142a\u015bciwo\u015bciach czyszcz\u0105cych. Skutecznie usuwa zabrudzenia, oraz nie pozostawia smug na powierzchni. Nie zawiera amoniaku oraz metanolu.<\/p>\n<p>Usage:<\/p>\n<li>Spryska\u0107 powierzchni\u0119 szklan\u0105 lub mikrofibr\u0119 niewielk\u0105 ilo\u015bci\u0105 produktu.<\/li>\n<li>Rozprowadzi\u0107 p\u0142yn po czyszczonej powierzchni.<\/li>\n<li>Wypolerowa\u0107 drug\u0105 stron\u0105 mikrofibry.<\/li>\n<p>Glass Cleaner mo\u017cna stosowa\u0107 r\u00f3wnie\u017c na powierzchnie ekran\u00f3w LCD we wn\u0119trzu pojazdu.<\/p>\n<p>Capacity: 350 ml<\/p>","protected":false},"excerpt":{"rendered":"<p>Glass Cleaner to p\u0142yn do mycia powierzchni szklanych, o bardzo dobrych w\u0142a\u015bciwo\u015bciach czyszcz\u0105cych. Skutecznie usuwa zabrudzenia, oraz nie pozostawia smug na powierzchni. Nie zawiera amoniaku oraz metanolu. Spos\u00f3b u\u017cycia: Spryska\u0107 powierzchni\u0119 szklan\u0105 lub mikrofibr\u0119 niewielk\u0105 ilo\u015bci\u0105 produktu. Rozprowadzi\u0107 p\u0142yn po czyszczonej powierzchni. Wypolerowa\u0107 drug\u0105 stron\u0105 mikrofibry. Glass Cleaner mo\u017cna stosowa\u0107 r\u00f3wnie\u017c na powierzchnie ekran\u00f3w LCD&hellip;&nbsp;<a href=\"https:\/\/liquidmaster.pl\/en\/seven-glass-surface-cleaner-350ml-plyn-do-mycia-szyb\/\" rel=\"bookmark\">Read More \u00bb<span class=\"screen-reader-text\">Seven Glass Surface Cleaner 350ml \u2013 glass cleaning fluid<\/span><\/a><\/p>","protected":false},"featured_media":1848292,"comment_status":"open","ping_status":"open","template":"","meta":{"neve_meta_sidebar":"","neve_meta_container":"","neve_meta_enable_content_width":"","neve_meta_content_width":0,"neve_meta_title_alignment":"","neve_meta_author_avatar":"","neve_post_elements_order":"","neve_meta_disable_header":"","neve_meta_disable_footer":"","neve_meta_disable_title":"","_themeisle_gutenberg_block_has_review":false},"product_brand":[],"product_cat":[733,774,773],"product_tag":[1105],"class_list":{"0":"post-1891565","1":"product","2":"type-product","3":"status-publish","4":"has-post-thumbnail","6":"product_cat-na-zewnatrz","7":"product_cat-plyny-do-szyb","8":"product_cat-szyby","9":"product_tag-seven-by-han-budda","10":"pa_promocja-promocje","12":"first","13":"outofstock","14":"sale","15":"taxable","16":"shipping-taxable","17":"purchasable","18":"product-type-simple"},"_links":{"self":[{"href":"https:\/\/liquidmaster.pl\/en\/wp-json\/wp\/v2\/product\/1891565","targetHints":{"allow":["GET"]}}],"collection":[{"href":"https:\/\/liquidmaster.pl\/en\/wp-json\/wp\/v2\/product"}],"about":[{"href":"https:\/\/liquidmaster.pl\/en\/wp-json\/wp\/v2\/types\/product"}],"replies":[{"embeddable":true,"href":"https:\/\/liquidmaster.pl\/en\/wp-json\/wp\/v2\/comments?post=1891565"}],"wp:featuredmedia":[{"embeddable":true,"href":"https:\/\/liquidmaster.pl\/en\/wp-json\/wp\/v2\/media\/1848292"}],"wp:attachment":[{"href":"https:\/\/liquidmaster.pl\/en\/wp-json\/wp\/v2\/media?parent=1891565"}],"wp:term":[{"taxonomy":"product_brand","embeddable":true,"href":"https:\/\/liquidmaster.pl\/en\/wp-json\/wp\/v2\/product_brand?post=1891565"},{"taxonomy":"product_cat","embeddable":true,"href":"https:\/\/liquidmaster.pl\/en\/wp-json\/wp\/v2\/product_cat?post=1891565"},{"taxonomy":"product_tag","embeddable":true,"href":"https:\/\/liquidmaster.pl\/en\/wp-json\/wp\/v2\/product_tag?post=1891565"}],"curies":[{"name":"wp","href":"https:\/\/api.w.org\/{rel}","templated":true}]}}