{"id":1891561,"date":"2025-06-21T04:14:06","date_gmt":"2025-06-21T02:14:06","guid":{"rendered":"https:\/\/liquidmaster.pl\/seven-bloody-wheel-350ml-deironizer-do-lakieru-i-felg\/"},"modified":"2026-04-21T08:23:43","modified_gmt":"2026-04-21T06:23:43","slug":"seven-bloody-wheel-350ml-deironizer-do-lakieru-i-felg","status":"publish","type":"product","link":"https:\/\/liquidmaster.pl\/en\/seven-bloody-wheel-350ml-deironizer-do-lakieru-i-felg\/","title":{"rendered":"Seven Bloody Wheel 350ml \u2013 deironizer for paint and rims"},"content":{"rendered":"<p>A product for removing metallic deposits from rims and bodywork. It stains the metallic deposits red, creating a &quot;bleeding&quot; effect. Its neutral pH makes it safe for cleaned surfaces.<\/p>\n<p>Application:<\/p>\n<p>Bloody Wheel can be used both as a rim cleaner and for paint decontamination (removing metallic deposits from the bodywork).<\/p>\n<p>How to use (decontamination):<\/p>\n<li>Rinse the car with pressurized water.<\/li>\n<li>Wash the car body thoroughly using a mitt or sponge.<\/li>\n<li>Spray the bodywork elements with Bloody Wheel<\/li>\n<li>Wait 3 \u2013 5 minutes.<\/li>\n<li>Rinse the bodywork thoroughly with pressurized water.<\/li>\n<p>How to use (cleaning rims):<\/p>\n<li>Rinse the rims with pressurized water.<\/li>\n<li>Apply the product to the rims.<\/li>\n<li>Wait 3 \u2013 5 minutes.<\/li>\n<li>Rinse thoroughly with pressurized water.<\/li>\n<p>Capacity: 350 ml<\/p>","protected":false},"excerpt":{"rendered":"<p>\u015arodek do usuwania metalicznych osad\u00f3w z felg, oraz karoserii. Zabarwia metaliczny osad na czerwono, przez co tworzy efekt \u201ekrwawienia\u201d. Posiada neutralne pH, dzi\u0119ki czemu jest bezpieczny dla czyszczonych powierzchni. Zastosowanie: Bloody Wheel mo\u017cemy u\u017cywa\u0107 zar\u00f3wno jako \u015brodka do czyszczenia felg, jak i do dekontaminacji lakieru (usuwanie metalicznych osad\u00f3w z karoserii). Spos\u00f3b u\u017cycia (dekontaminacja): Sp\u0142uka\u0107 auto&hellip;&nbsp;<a href=\"https:\/\/liquidmaster.pl\/en\/seven-bloody-wheel-350ml-deironizer-do-lakieru-i-felg\/\" rel=\"bookmark\">Read More \u00bb<span class=\"screen-reader-text\">Seven Bloody Wheel 350ml \u2013 deironizer for paint and rims<\/span><\/a><\/p>","protected":false},"featured_media":1848290,"comment_status":"open","ping_status":"open","template":"","meta":{"neve_meta_sidebar":"","neve_meta_container":"","neve_meta_enable_content_width":"","neve_meta_content_width":0,"neve_meta_title_alignment":"","neve_meta_author_avatar":"","neve_post_elements_order":"","neve_meta_disable_header":"","neve_meta_disable_footer":"","neve_meta_disable_title":"","_themeisle_gutenberg_block_has_review":false},"product_brand":[],"product_cat":[744,743,733],"product_tag":[1105],"class_list":{"0":"post-1891561","1":"product","2":"type-product","3":"status-publish","4":"has-post-thumbnail","6":"product_cat-deironizacja","7":"product_cat-dekontaminacja","8":"product_cat-na-zewnatrz","9":"product_tag-seven-by-han-budda","10":"pa_promocja-promocje","12":"first","13":"instock","14":"sale","15":"taxable","16":"shipping-taxable","17":"purchasable","18":"product-type-simple"},"_links":{"self":[{"href":"https:\/\/liquidmaster.pl\/en\/wp-json\/wp\/v2\/product\/1891561","targetHints":{"allow":["GET"]}}],"collection":[{"href":"https:\/\/liquidmaster.pl\/en\/wp-json\/wp\/v2\/product"}],"about":[{"href":"https:\/\/liquidmaster.pl\/en\/wp-json\/wp\/v2\/types\/product"}],"replies":[{"embeddable":true,"href":"https:\/\/liquidmaster.pl\/en\/wp-json\/wp\/v2\/comments?post=1891561"}],"wp:featuredmedia":[{"embeddable":true,"href":"https:\/\/liquidmaster.pl\/en\/wp-json\/wp\/v2\/media\/1848290"}],"wp:attachment":[{"href":"https:\/\/liquidmaster.pl\/en\/wp-json\/wp\/v2\/media?parent=1891561"}],"wp:term":[{"taxonomy":"product_brand","embeddable":true,"href":"https:\/\/liquidmaster.pl\/en\/wp-json\/wp\/v2\/product_brand?post=1891561"},{"taxonomy":"product_cat","embeddable":true,"href":"https:\/\/liquidmaster.pl\/en\/wp-json\/wp\/v2\/product_cat?post=1891561"},{"taxonomy":"product_tag","embeddable":true,"href":"https:\/\/liquidmaster.pl\/en\/wp-json\/wp\/v2\/product_tag?post=1891561"}],"curies":[{"name":"wp","href":"https:\/\/api.w.org\/{rel}","templated":true}]}}