{"id":1891559,"date":"2025-06-21T04:12:48","date_gmt":"2025-06-21T02:12:48","guid":{"rendered":"https:\/\/liquidmaster.pl\/seven-black-tire-777ml-czernidlo-do-opon-i-plastiku\/"},"modified":"2026-04-19T03:29:30","modified_gmt":"2026-04-19T01:29:30","slug":"seven-black-tire-777ml-czernidlo-do-opon-i-plastiku","status":"publish","type":"product","link":"https:\/\/liquidmaster.pl\/en\/seven-black-tire-777ml-czernidlo-do-opon-i-plastiku\/","title":{"rendered":"Seven Black Tire 777ml \u2013 blackening agent for tires and plastic"},"content":{"rendered":"<p>A tire dressing that gives your car&#039;s tires a natural, shiny appearance. It has preservative and hydrophobic properties, maintaining the &quot;wet tire&quot; effect for approximately 30 days.<\/p>\n<p>How to use (we recommend applying the product to a clean tire):<\/p>\n<li>Spread the product over the tire surface using the applicator.<\/li>\n<li>Leave to dry.<\/li>\n<li>Excess product can be safely removed with a microfiber cloth.<\/li>\n<p>Black Tire also works great as a blackening agent for plastics, which will restore shine to moldings, bumpers, or the outer rubber on bumpers.<\/p>\n<p>Capacity: 777 ml<\/p>","protected":false},"excerpt":{"rendered":"<p>Dressing do opon, dzi\u0119ki kt\u00f3remu opony w Twoim aucie zyskaj\u0105 naturalny, b\u0142yszcz\u0105cy wygl\u0105d. Posiada w\u0142a\u015bciwo\u015bci konserwuj\u0105ce, oraz hydrofobowe. Utrzymuje efekt \u201emokrej opony\u201d przez ok. 30 dni. Spos\u00f3b u\u017cycia (zalecamy stosowa\u0107 produkt na czyst\u0105 opon\u0119): Rozprowad\u017a produkt za pomoc\u0105 aplikatora po powierzchni opony. Pozostaw do wyschni\u0119cia. Nadmiar produktu, mo\u017cna bezpiecznie usun\u0105\u0107 za pomoc\u0105 mikrofibry. Black Tire&hellip;&nbsp;<a href=\"https:\/\/liquidmaster.pl\/en\/seven-black-tire-777ml-czernidlo-do-opon-i-plastiku\/\" rel=\"bookmark\">Read More \u00bb<span class=\"screen-reader-text\">Seven Black Tire 777ml \u2013 blackening agent for tires and plastic<\/span><\/a><\/p>","protected":false},"featured_media":1850883,"comment_status":"open","ping_status":"open","template":"","meta":{"neve_meta_sidebar":"","neve_meta_container":"","neve_meta_enable_content_width":"","neve_meta_content_width":0,"neve_meta_title_alignment":"","neve_meta_author_avatar":"","neve_post_elements_order":"","neve_meta_disable_header":"","neve_meta_disable_footer":"","neve_meta_disable_title":"","_themeisle_gutenberg_block_has_review":false},"product_brand":[],"product_cat":[765,745,733],"product_tag":[1105],"class_list":{"0":"post-1891559","1":"product","2":"type-product","3":"status-publish","4":"has-post-thumbnail","6":"product_cat-dressingi","7":"product_cat-kola-i-opony","8":"product_cat-na-zewnatrz","9":"product_tag-seven-by-han-budda","10":"pa_promocja-promocje","12":"first","13":"instock","14":"sale","15":"taxable","16":"shipping-taxable","17":"purchasable","18":"product-type-simple"},"_links":{"self":[{"href":"https:\/\/liquidmaster.pl\/en\/wp-json\/wp\/v2\/product\/1891559","targetHints":{"allow":["GET"]}}],"collection":[{"href":"https:\/\/liquidmaster.pl\/en\/wp-json\/wp\/v2\/product"}],"about":[{"href":"https:\/\/liquidmaster.pl\/en\/wp-json\/wp\/v2\/types\/product"}],"replies":[{"embeddable":true,"href":"https:\/\/liquidmaster.pl\/en\/wp-json\/wp\/v2\/comments?post=1891559"}],"wp:featuredmedia":[{"embeddable":true,"href":"https:\/\/liquidmaster.pl\/en\/wp-json\/wp\/v2\/media\/1850883"}],"wp:attachment":[{"href":"https:\/\/liquidmaster.pl\/en\/wp-json\/wp\/v2\/media?parent=1891559"}],"wp:term":[{"taxonomy":"product_brand","embeddable":true,"href":"https:\/\/liquidmaster.pl\/en\/wp-json\/wp\/v2\/product_brand?post=1891559"},{"taxonomy":"product_cat","embeddable":true,"href":"https:\/\/liquidmaster.pl\/en\/wp-json\/wp\/v2\/product_cat?post=1891559"},{"taxonomy":"product_tag","embeddable":true,"href":"https:\/\/liquidmaster.pl\/en\/wp-json\/wp\/v2\/product_tag?post=1891559"}],"curies":[{"name":"wp","href":"https:\/\/api.w.org\/{rel}","templated":true}]}}