{"id":1891551,"date":"2025-06-21T04:08:51","date_gmt":"2025-06-21T02:08:51","guid":{"rendered":"https:\/\/liquidmaster.pl\/detailing-house-scrub-pad-double-black-panther-dwustronny-pad-do-czyszczenia-wnetrza\/"},"modified":"2026-04-18T04:41:57","modified_gmt":"2026-04-18T02:41:57","slug":"detailing-house-scrub-pad-double-black-panther-dwustronny-pad-do-czyszczenia-wnetrza","status":"publish","type":"product","link":"https:\/\/liquidmaster.pl\/en\/detailing-house-scrub-pad-double-black-panther-dwustronny-pad-do-czyszczenia-wnetrza\/","title":{"rendered":"Detailing House Scrub Pad Double Black Panther \u2013 double-sided pad for interior cleaning"},"content":{"rendered":"<p>Pierwszy na rynku polskim podw\u00f3jny SCRUB PAD. Wysokiej jako\u015bci aplikator\/pad do czyszczenia wn\u0119trza. Sprawdzi si\u0119 przede wszystkim przy sk\u00f3rach jak r\u00f3wnie\u017c przy tapicerce, plastikach.<\/p>\n<p>Dwie takie same strony SCRUB.<\/p>\n<ul>\n<li>Sztuczne, delikatnie sztywniejsze w\u0142osie, stworzone z my\u015bl\u0105 o czyszczeniu wn\u0119trz aut.<\/li>\n<\/ul>\n<p>It safely, quickly, and effectively removes all types of dirt from cleaned surfaces. In many cases, it can replace a brush, broom, or magic sponge.<\/p>\n<p>Highly durable. For use with Leather Cleaner, Interior Cleaner, or APC.<\/p>\n<p>After cleaning a specific element, rinse the pad manually in clean, warm water or, in case of heavy soiling, in diluted APC.<\/p>","protected":false},"excerpt":{"rendered":"<p>Pierwszy na rynku polskim podw\u00f3jny SCRUB PAD. Wysokiej jako\u015bci aplikator\/pad do czyszczenia wn\u0119trza. Sprawdzi si\u0119 przede wszystkim przy sk\u00f3rach jak r\u00f3wnie\u017c przy tapicerce, plastikach. Dwie takie same strony SCRUB. Sztuczne, delikatnie sztywniejsze w\u0142osie, stworzone z my\u015bl\u0105 o czyszczeniu wn\u0119trz aut. Bezpiecznie, szybko i skutecznie usuwa wszelkie zabrudzenia z czyszczonych powierzchni. W wielu przypadkach jest w&hellip;&nbsp;<a href=\"https:\/\/liquidmaster.pl\/en\/detailing-house-scrub-pad-double-black-panther-dwustronny-pad-do-czyszczenia-wnetrza\/\" rel=\"bookmark\">Read More \u00bb<span class=\"screen-reader-text\">Detailing House Scrub Pad Double Black Panther \u2013 double-sided pad for interior cleaning<\/span><\/a><\/p>","protected":false},"featured_media":1850879,"comment_status":"open","ping_status":"open","template":"","meta":{"neve_meta_sidebar":"","neve_meta_container":"","neve_meta_enable_content_width":"","neve_meta_content_width":0,"neve_meta_title_alignment":"","neve_meta_author_avatar":"","neve_post_elements_order":"","neve_meta_disable_header":"","neve_meta_disable_footer":"","neve_meta_disable_title":"","_themeisle_gutenberg_block_has_review":false},"product_brand":[],"product_cat":[799,800,768],"product_tag":[286],"class_list":{"0":"post-1891551","1":"product","2":"type-product","3":"status-publish","4":"has-post-thumbnail","6":"product_cat-narzedzia-i-akcesoria","7":"product_cat-szczotki-pedzelki-i-narzedzia","8":"product_cat-wnetrze-auta","9":"product_tag-detailing-house","11":"first","12":"instock","13":"taxable","14":"shipping-taxable","15":"purchasable","16":"product-type-simple"},"_links":{"self":[{"href":"https:\/\/liquidmaster.pl\/en\/wp-json\/wp\/v2\/product\/1891551","targetHints":{"allow":["GET"]}}],"collection":[{"href":"https:\/\/liquidmaster.pl\/en\/wp-json\/wp\/v2\/product"}],"about":[{"href":"https:\/\/liquidmaster.pl\/en\/wp-json\/wp\/v2\/types\/product"}],"replies":[{"embeddable":true,"href":"https:\/\/liquidmaster.pl\/en\/wp-json\/wp\/v2\/comments?post=1891551"}],"wp:featuredmedia":[{"embeddable":true,"href":"https:\/\/liquidmaster.pl\/en\/wp-json\/wp\/v2\/media\/1850879"}],"wp:attachment":[{"href":"https:\/\/liquidmaster.pl\/en\/wp-json\/wp\/v2\/media?parent=1891551"}],"wp:term":[{"taxonomy":"product_brand","embeddable":true,"href":"https:\/\/liquidmaster.pl\/en\/wp-json\/wp\/v2\/product_brand?post=1891551"},{"taxonomy":"product_cat","embeddable":true,"href":"https:\/\/liquidmaster.pl\/en\/wp-json\/wp\/v2\/product_cat?post=1891551"},{"taxonomy":"product_tag","embeddable":true,"href":"https:\/\/liquidmaster.pl\/en\/wp-json\/wp\/v2\/product_tag?post=1891551"}],"curies":[{"name":"wp","href":"https:\/\/api.w.org\/{rel}","templated":true}]}}