{"id":1891547,"date":"2025-06-21T04:06:48","date_gmt":"2025-06-21T02:06:48","guid":{"rendered":"https:\/\/liquidmaster.pl\/anest-iwata-w300wb-1-2-600ml-smart-repair\/"},"modified":"2026-04-18T04:41:56","modified_gmt":"2026-04-18T02:41:56","slug":"anest-iwata-w300wb-1-2-600ml-smart-repair","status":"publish","type":"product","link":"https:\/\/liquidmaster.pl\/en\/anest-iwata-w300wb-12-600ml-smart-repair\/","title":{"rendered":"Anest Iwata W300wb 1.2 600ml smart repair"},"content":{"rendered":"<p class=\"p25\" style=\"box-sizing: border-box; overflow-wrap: break-word; margin-top: 0px; margin-bottom: 1rem; font-size: 25px; line-height: 40px;\">Asortyment p\u0142askich dysz W-300 jest idealny do pracy z detalami dzi\u0119ki kr\u00f3tszym wzorom i ni\u017cszym wydatkom cieczy i sprawia, \u017ce jest to doskona\u0142y i wszechstronny. Elementem oporowym jest W-300 WB, kt\u00f3ry jest wyposa\u017cony w nacinan\u0105 dysz\u0119. Technologia ta pomaga uzyska\u0107 zredukowan\u0105 sk\u00f3rk\u0119 pomara\u0144czow\u0105 na przezroczystych warstwach i bardziej p\u0142ask\u0105, pozbawion\u0105 plamek aplikacj\u0119 trudnych podk\u0142ad\u00f3w.\u200b\u00a0W-300 ma dwa rodzaje wzoru natrysku, pierwszy to W-300 WB z technologi\u0105 Split Nozzle. Ma d\u0142u\u017cszy, bardziej p\u0142aski wz\u00f3r z ciasnymi i sp\u00f3jnymi kroplami do zastosowa\u0144 premium. Drugi to wz\u00f3r elipsy z p\u0142ask\u0105 dysz\u0105, kt\u00f3ry jest mniejszy i bardziej eliptyczny, nadaje si\u0119 do mniejszych zastosowa\u0144 w og\u00f3lnych ga\u0142\u0119ziach przemys\u0142u\u00a0W-300 dzia\u0142a przy wydajno\u015bci przesy\u0142u zgodnej z wymaganiami powy\u017cej 65% przy zmniejszonym zalecanym ci\u015bnieniu roboczym 1,5 bara. Pomaga to zmniejszy\u0107 koszty i emisje w ruchliwym otoczeniu warsztatu.<\/p>\n<p class=\"p25\" style=\"box-sizing: border-box; overflow-wrap: break-word; margin-top: 0px; margin-bottom: 1rem; font-size: 25px; line-height: 40px;\">\u00a0<\/p>\n<p>\u00a0<\/p>","protected":false},"excerpt":{"rendered":"<p>Asortyment p\u0142askich dysz W-300 jest idealny do pracy z detalami dzi\u0119ki kr\u00f3tszym wzorom i ni\u017cszym wydatkom cieczy i sprawia, \u017ce jest to doskona\u0142y i wszechstronny. Elementem oporowym jest W-300 WB, kt\u00f3ry jest wyposa\u017cony w nacinan\u0105 dysz\u0119. Technologia ta pomaga uzyska\u0107 zredukowan\u0105 sk\u00f3rk\u0119 pomara\u0144czow\u0105 na przezroczystych warstwach i bardziej p\u0142ask\u0105, pozbawion\u0105 plamek aplikacj\u0119 trudnych podk\u0142ad\u00f3w.\u200b\u00a0W-300 ma&hellip;&nbsp;<a href=\"https:\/\/liquidmaster.pl\/en\/anest-iwata-w300wb-12-600ml-smart-repair\/\" rel=\"bookmark\">Read More \u00bb<span class=\"screen-reader-text\">Anest Iwata W300wb 1.2 600ml smart repair<\/span><\/a><\/p>","protected":false},"featured_media":1850877,"comment_status":"open","ping_status":"open","template":"","meta":{"neve_meta_sidebar":"","neve_meta_container":"","neve_meta_enable_content_width":"","neve_meta_content_width":0,"neve_meta_title_alignment":"","neve_meta_author_avatar":"","neve_post_elements_order":"","neve_meta_disable_header":"","neve_meta_disable_footer":"","neve_meta_disable_title":"","_themeisle_gutenberg_block_has_review":false},"product_brand":[],"product_cat":[757,1103,846],"product_tag":[1104],"class_list":{"0":"post-1891547","1":"product","2":"type-product","3":"status-publish","4":"has-post-thumbnail","6":"product_cat-akcesoria","7":"product_cat-pistolety-lakiernicze","8":"product_cat-reszta","9":"product_tag-anest-iwata","11":"first","12":"outofstock","13":"taxable","14":"shipping-taxable","15":"purchasable","16":"product-type-simple"},"_links":{"self":[{"href":"https:\/\/liquidmaster.pl\/en\/wp-json\/wp\/v2\/product\/1891547","targetHints":{"allow":["GET"]}}],"collection":[{"href":"https:\/\/liquidmaster.pl\/en\/wp-json\/wp\/v2\/product"}],"about":[{"href":"https:\/\/liquidmaster.pl\/en\/wp-json\/wp\/v2\/types\/product"}],"replies":[{"embeddable":true,"href":"https:\/\/liquidmaster.pl\/en\/wp-json\/wp\/v2\/comments?post=1891547"}],"wp:featuredmedia":[{"embeddable":true,"href":"https:\/\/liquidmaster.pl\/en\/wp-json\/wp\/v2\/media\/1850877"}],"wp:attachment":[{"href":"https:\/\/liquidmaster.pl\/en\/wp-json\/wp\/v2\/media?parent=1891547"}],"wp:term":[{"taxonomy":"product_brand","embeddable":true,"href":"https:\/\/liquidmaster.pl\/en\/wp-json\/wp\/v2\/product_brand?post=1891547"},{"taxonomy":"product_cat","embeddable":true,"href":"https:\/\/liquidmaster.pl\/en\/wp-json\/wp\/v2\/product_cat?post=1891547"},{"taxonomy":"product_tag","embeddable":true,"href":"https:\/\/liquidmaster.pl\/en\/wp-json\/wp\/v2\/product_tag?post=1891547"}],"curies":[{"name":"wp","href":"https:\/\/api.w.org\/{rel}","templated":true}]}}