{"id":1891545,"date":"2025-06-21T04:06:07","date_gmt":"2025-06-21T02:06:07","guid":{"rendered":"https:\/\/liquidmaster.pl\/anest-iwata-lph80-0-8-zestaw-kubkow-w-rozmiarze-70ml-250ml-malowanie-skor\/"},"modified":"2026-04-18T04:41:55","modified_gmt":"2026-04-18T02:41:55","slug":"anest-iwata-lph80-0-8-zestaw-kubkow-w-rozmiarze-70ml-250ml-malowanie-skor","status":"publish","type":"product","link":"https:\/\/liquidmaster.pl\/en\/anest-iwata-lph80-08-zestaw-kubkow-w-rozmiarze-70ml-250ml-malowanie-skor\/","title":{"rendered":"Anest Iwata LPH80 0.8 cup set in size 70ml + 250ml leather painting"},"content":{"rendered":"<p open=\"\" style=\"margin: 1em 0px; padding: 0px; border: 0px; outline: none 0px; caret-color: rgb(17, 17, 17); color: rgb(17, 17, 17); font-family: \">MINI Iwata LPH80 paint spray gun.<br \/>\nA compact mini gun from the Spot Repair series designed for small and quick repairs.<br \/>\nIt is characterized by good atomization thanks to HVLP sprayers and low dust formation during application.<br \/>\nThe body of the Iwata LPH80 pistol is covered with dark chrome and has Teflon seals as standard.\u00a0<br \/>\nIt can be used in conventional and water-based products.\u00a0<\/p>\n<p open=\"\" style=\"margin: 1em 0px; padding: 0px; border: 0px; outline: none 0px; caret-color: rgb(17, 17, 17); color: rgb(17, 17, 17); font-family: \">One of the lightest Spot Repair guns on the market weighs only 205g and features very good atomization with low compressed air requirements.\u00a0<br \/>\nLPH 80 to pistolet typu HVLP dostarczaj\u0105cy du\u017c\u0105 obj\u0119to\u015b\u0107 powietrza przy u\u017cyciu niskiego ci\u015bnienia, co pozwala zmniejszy\u0107 efekt \u201eodbijanie si\u0119&#8221; farby .\u00a0\u00a0<br \/>\nThe result is high-quality application and increased coverage, with the varnish or stain reaching every nook and cranny.<\/p>\n<p open=\"\" style=\"margin: 1em 0px; padding: 0px; border: 0px; outline: none 0px; caret-color: rgb(17, 17, 17); color: rgb(17, 17, 17); font-family: \">Advantages:<br \/>\nvery low material consumption<br \/>\nquiet and pleasant sound typical of ANEST IWATA<br \/>\nlight and anatomical gun body<br \/>\neasy-to-use control knobs for right and left-handed users<br \/>\nconical nozzle seal (minimum spare parts)<br \/>\nhigh-quality body allows for easy cleaning<br \/>\nclear design and easy operation<br \/>\ncompatible with 3M PPS system (adapter type 31)<\/p>\n<p open=\"\" style=\"margin: 1em 0px; padding: 0px; border: 0px; outline: none 0px; caret-color: rgb(17, 17, 17); color: rgb(17, 17, 17); font-family: \">Pistolet lakierniczy LPH 80 &#8211; danetechniczne:<br \/>\nAtomizer head: E4<br \/>\nWorking pressure: 1.0 bar<br \/>\nWyp\u0142yw farby(ml\/min): 10 &#8211; 75 *<br \/>\nAir consumption (l\/min): 60<br \/>\nSzeroko\u015b\u0107 strumienia(mm): 55 &#8211; 140\u00a0<\/p>\n<p open=\"\" style=\"margin: 1em 0px; padding: 0px; border: 0px; outline: none 0px; caret-color: rgb(17, 17, 17); color: rgb(17, 17, 17); font-family: \">\u00a0Nozzle: 0.8 mm<br \/>\nThe gun comes with a 250 ml and 70 ml cup.<\/p>","protected":false},"excerpt":{"rendered":"<p>MINI Pistolet lakierniczy Iwata LPH80. Kompaktowy mini pistolet z serii Spot Repair kt\u00f3rego przeznaczeniem s\u0105 ma\u0142e i szybkie naprawy. Odznacza si\u0119 dobr\u0105 atomizacj\u0105 dzi\u0119ku rozpylaczom HVLP i ma\u0142ym zapyleniem podczas aplikacji. Korpus pistoletu Iwata LPH80 pokryty jest ciemnym chromem oraz posiada teflonowe uszczelnienia w standardzie.\u00a0 Mo\u017cna go stosowa\u0107 w wyrobami konwencjonalnymi i wodorozcie\u0144czalnymi.\u00a0 Jeden z&hellip;&nbsp;<a href=\"https:\/\/liquidmaster.pl\/en\/anest-iwata-lph80-08-zestaw-kubkow-w-rozmiarze-70ml-250ml-malowanie-skor\/\" rel=\"bookmark\">Read More \u00bb<span class=\"screen-reader-text\">Anest Iwata LPH80 0.8 cup set in size 70ml + 250ml leather painting<\/span><\/a><\/p>","protected":false},"featured_media":1850876,"comment_status":"open","ping_status":"open","template":"","meta":{"neve_meta_sidebar":"","neve_meta_container":"","neve_meta_enable_content_width":"","neve_meta_content_width":0,"neve_meta_title_alignment":"","neve_meta_author_avatar":"","neve_post_elements_order":"","neve_meta_disable_header":"","neve_meta_disable_footer":"","neve_meta_disable_title":"","_themeisle_gutenberg_block_has_review":false},"product_brand":[],"product_cat":[757,1103,846],"product_tag":[1104],"class_list":{"0":"post-1891545","1":"product","2":"type-product","3":"status-publish","4":"has-post-thumbnail","6":"product_cat-akcesoria","7":"product_cat-pistolety-lakiernicze","8":"product_cat-reszta","9":"product_tag-anest-iwata","11":"first","12":"instock","13":"taxable","14":"shipping-taxable","15":"purchasable","16":"product-type-simple"},"_links":{"self":[{"href":"https:\/\/liquidmaster.pl\/en\/wp-json\/wp\/v2\/product\/1891545","targetHints":{"allow":["GET"]}}],"collection":[{"href":"https:\/\/liquidmaster.pl\/en\/wp-json\/wp\/v2\/product"}],"about":[{"href":"https:\/\/liquidmaster.pl\/en\/wp-json\/wp\/v2\/types\/product"}],"replies":[{"embeddable":true,"href":"https:\/\/liquidmaster.pl\/en\/wp-json\/wp\/v2\/comments?post=1891545"}],"wp:featuredmedia":[{"embeddable":true,"href":"https:\/\/liquidmaster.pl\/en\/wp-json\/wp\/v2\/media\/1850876"}],"wp:attachment":[{"href":"https:\/\/liquidmaster.pl\/en\/wp-json\/wp\/v2\/media?parent=1891545"}],"wp:term":[{"taxonomy":"product_brand","embeddable":true,"href":"https:\/\/liquidmaster.pl\/en\/wp-json\/wp\/v2\/product_brand?post=1891545"},{"taxonomy":"product_cat","embeddable":true,"href":"https:\/\/liquidmaster.pl\/en\/wp-json\/wp\/v2\/product_cat?post=1891545"},{"taxonomy":"product_tag","embeddable":true,"href":"https:\/\/liquidmaster.pl\/en\/wp-json\/wp\/v2\/product_tag?post=1891545"}],"curies":[{"name":"wp","href":"https:\/\/api.w.org\/{rel}","templated":true}]}}