{"id":1891543,"date":"2025-06-21T04:04:49","date_gmt":"2025-06-21T02:04:49","guid":{"rendered":"https:\/\/liquidmaster.pl\/anest-iwata-az4-hte-s-1-2-kubek-200ml-smart-repair\/"},"modified":"2026-04-18T04:41:55","modified_gmt":"2026-04-18T02:41:55","slug":"anest-iwata-az4-hte-s-1-2-kubek-200ml-smart-repair","status":"publish","type":"product","link":"https:\/\/liquidmaster.pl\/en\/anest-iwata-az4-hte-s-12-kubek-200ml-smart-repair\/","title":{"rendered":"Anest Iwata AZ4 HTE-S 1.2 Mug 200ml smart repair"},"content":{"rendered":"<p line-height:=\"\" open=\"\" style=\"margin: 0cm 0cm 0pt; padding: 0px; border: 0px; outline: none 0px; caret-color: rgb(17, 17, 17); color: rgb(17, 17, 17); font-family: \">IWATA Impact Junior HTE-S paint gun, 200ml cup, MINI series, with 1.2mm nozzle.\u00a0<\/p>\n<p line-height:=\"\" open=\"\" style=\"margin: 0cm 0cm 0pt; padding: 0px; border: 0px; outline: none 0px; caret-color: rgb(17, 17, 17); color: rgb(17, 17, 17); font-family: \">\nThe Air-Gun&#039;s design is reminiscent of the previous AZ3 IMPACT model. This model features a modern body and parameters.<\/p>\n<p line-height:=\"\" open=\"\" style=\"margin: 0cm 0cm 0pt; padding: 0px; border: 0px; outline: none 0px; caret-color: rgb(17, 17, 17); color: rgb(17, 17, 17); font-family: \">\u00a0<\/p>\n<p line-height:=\"\" open=\"\" style=\"margin: 0cm 0cm 0pt; padding: 0px; border: 0px; outline: none 0px; caret-color: rgb(17, 17, 17); color: rgb(17, 17, 17); font-family: \">The Iwata Air-Gunsa AZ4 JUNIOR paint gun is made of a high-quality BLACK COATED body.<\/p>\n<p line-height:=\"\" open=\"\" style=\"margin: 0cm 0cm 0pt; padding: 0px; border: 0px; outline: none 0px; caret-color: rgb(17, 17, 17); color: rgb(17, 17, 17); font-family: \">It has an ergonomic shape. The gun is perfectly balanced and lightweight. Cups of various capacities can be used. Designed for acrylic and polyurethane paints, primers, clear coats, stains, and patinas.<\/p>\n<p line-height:=\"\" open=\"\" style=\"margin: 0cm 0cm 0pt; padding: 0px; border: 0px; outline: none 0px; caret-color: rgb(17, 17, 17); color: rgb(17, 17, 17); font-family: \">\u00a0<\/p>\n<p line-height:=\"\" open=\"\" style=\"margin: 0cm 0cm 0pt; padding: 0px; border: 0px; outline: none 0px; caret-color: rgb(17, 17, 17); color: rgb(17, 17, 17); font-family: \">The AZ4 JUNIOR spray gun features the latest spray heads, significantly improving atomization at low pressure and low dust. This IWATA ANEST spray gun is designed for use with stains, varnishes, primers, undercoats, and paints.\u00a0<\/p>\n<p>Advantages of the gun:<\/p>\n<p line-height:=\"\" open=\"\" style=\"margin: 0cm 0cm 0pt; padding: 0px; border: 0px; outline: none 0px; caret-color: rgb(17, 17, 17); color: rgb(17, 17, 17); font-family: \">\u00a0<\/p>\n<p line-height:=\"\" open=\"\" style=\"margin: 0cm 0cm 0pt; padding: 0px; border: 0px; outline: none 0px; caret-color: rgb(17, 17, 17); color: rgb(17, 17, 17); font-family: \">High-quality ergonomic design<\/p>\n<p line-height:=\"\" open=\"\" style=\"margin: 0cm 0cm 0pt; padding: 0px; border: 0px; outline: none 0px; caret-color: rgb(17, 17, 17); color: rgb(17, 17, 17); font-family: \">Very good balance<\/p>\n<p line-height:=\"\" open=\"\" style=\"margin: 0cm 0cm 0pt; padding: 0px; border: 0px; outline: none 0px; caret-color: rgb(17, 17, 17); color: rgb(17, 17, 17); font-family: \">Suitable for water- and solvent-based materials<\/p>\n<p line-height:=\"\" open=\"\" style=\"margin: 0cm 0cm 0pt; padding: 0px; border: 0px; outline: none 0px; caret-color: rgb(17, 17, 17); color: rgb(17, 17, 17); font-family: \">Dedicated to the automotive industry<\/p>\n<p line-height:=\"\" open=\"\" style=\"margin: 0cm 0cm 0pt; padding: 0px; border: 0px; outline: none 0px; caret-color: rgb(17, 17, 17); color: rgb(17, 17, 17); font-family: \">\u00a0<\/p>\n<p line-height:=\"\" open=\"\" style=\"margin: 0cm 0cm 0pt; padding: 0px; border: 0px; outline: none 0px; caret-color: rgb(17, 17, 17); color: rgb(17, 17, 17); font-family: \">Technical data:<\/p>\n<p line-height:=\"\" open=\"\" style=\"margin: 0cm 0cm 0pt; padding: 0px; border: 0px; outline: none 0px; caret-color: rgb(17, 17, 17); color: rgb(17, 17, 17); font-family: \">Inlet pressure: 1 \u2013 2.5 bar<\/p>\n<p line-height:=\"\" open=\"\" style=\"margin: 0cm 0cm 0pt; padding: 0px; border: 0px; outline: none 0px; caret-color: rgb(17, 17, 17); color: rgb(17, 17, 17); font-family: \">Available with tank: 200 ml<\/p>\n<p line-height:=\"\" open=\"\" style=\"margin: 0cm 0cm 0pt; padding: 0px; border: 0px; outline: none 0px; caret-color: rgb(17, 17, 17); color: rgb(17, 17, 17); font-family: \">Available nozzle size 1.2 mm<\/p>\n<p line-height:=\"\" open=\"\" style=\"margin: 0cm 0cm 0pt; padding: 0px; border: 0px; outline: none 0px; caret-color: rgb(17, 17, 17); color: rgb(17, 17, 17); font-family: \">Jet width from 120-185 mm<\/p>\n<p line-height:=\"\" open=\"\" style=\"margin: 0cm 0cm 0pt; padding: 0px; border: 0px; outline: none 0px; caret-color: rgb(17, 17, 17); color: rgb(17, 17, 17); font-family: \">Air connection: G1\/4\u2033<\/p>\n<p line-height:=\"\" open=\"\" style=\"margin: 0cm 0cm 0pt; padding: 0px; border: 0px; outline: none 0px; caret-color: rgb(17, 17, 17); color: rgb(17, 17, 17); font-family: \">Weight without cup: 395 g<\/p>\n<p line-height:=\"\" open=\"\" style=\"margin: 0cm 0cm 0pt; padding: 0px; border: 0px; outline: none 0px; caret-color: rgb(17, 17, 17); color: rgb(17, 17, 17); font-family: \">Weight with 200 ml cup 495 g<\/p>\n<p line-height:=\"\" open=\"\" style=\"margin: 0cm 0cm 0pt; padding: 0px; border: 0px; outline: none 0px; caret-color: rgb(17, 17, 17); color: rgb(17, 17, 17); font-family: \">Weight with 600 ml cup 545 g<\/p>\n<p line-height:=\"\" open=\"\" style=\"margin: 0cm 0cm 0pt; padding: 0px; border: 0px; outline: none 0px; caret-color: rgb(17, 17, 17); color: rgb(17, 17, 17); font-family: \">Weight with cup 70 ml 435 g<\/p>\n<p line-height:=\"\" open=\"\" style=\"margin: 0cm 0cm 0pt; padding: 0px; border: 0px; outline: none 0px; caret-color: rgb(17, 17, 17); color: rgb(17, 17, 17); font-family: \">Noise level: 74 dB<\/p>\n<p line-height:=\"\" open=\"\" style=\"margin: 0cm 0cm 0pt; padding: 0px; border: 0px; outline: none 0px; caret-color: rgb(17, 17, 17); color: rgb(17, 17, 17); font-family: \">Maximum operating temperature: 5- 43 \u00b0C<\/p>\n<p line-height:=\"\" open=\"\" style=\"margin: 0cm 0cm 0pt; padding: 0px; border: 0px; outline: none 0px; caret-color: rgb(17, 17, 17); color: rgb(17, 17, 17); font-family: \">\u00a0<\/p>\n<p line-height:=\"\" open=\"\" style=\"margin: 0cm 0cm 0pt; padding: 0px; border: 0px; outline: none 0px; caret-color: rgb(17, 17, 17); color: rgb(17, 17, 17); font-family: \">Application:<\/p>\n<p line-height:=\"\" open=\"\" style=\"margin: 0cm 0cm 0pt; padding: 0px; border: 0px; outline: none 0px; caret-color: rgb(17, 17, 17); color: rgb(17, 17, 17); font-family: \">\u00a0<\/p>\n<p line-height:=\"\" open=\"\" style=\"margin: 0cm 0cm 0pt; padding: 0px; border: 0px; outline: none 0px; caret-color: rgb(17, 17, 17); color: rgb(17, 17, 17); font-family: \">Touch-ups and painting of smaller elements<\/p>\n<p line-height:=\"\" open=\"\" style=\"margin: 0cm 0cm 0pt; padding: 0px; border: 0px; outline: none 0px; caret-color: rgb(17, 17, 17); color: rgb(17, 17, 17); font-family: \">Motorcycle painting\u00a0<\/p>\n<p line-height:=\"\" open=\"\" style=\"margin: 0cm 0cm 0pt; padding: 0px; border: 0px; outline: none 0px; caret-color: rgb(17, 17, 17); color: rgb(17, 17, 17); font-family: \">Painting rims\u00a0<br \/>\n\u00a0<\/p>","protected":false},"excerpt":{"rendered":"<p>Pistolet lakierniczy IWATA Impact Junior HTE-S kubek 200ml serii MINI z dysz\u0105 1,2mm.\u00a0 Konstrukcja Air-Gunsa nawi\u0105zuj\u0105ca do poprzedniego modelu AZ3 IMPACT. Model ten charakteryzuje si\u0119 nowoczesnym korpusem oraz parametrami. \u00a0 Pistolet lakierniczy Iwata Air-Gunsa AZ4 JUNIOR zosta\u0142 wykonany z wysokiej jako\u015bci korpusu CZARYNY POWLEKANY. posiada ergonomiczny kszta\u0142t.\u00a0Doskonale wywa\u017cony i lekki pistolet.\u00a0Istnieje mo\u017cliwo\u015b\u0107 zastosowania kubk\u00f3w o&hellip;&nbsp;<a href=\"https:\/\/liquidmaster.pl\/en\/anest-iwata-az4-hte-s-12-kubek-200ml-smart-repair\/\" rel=\"bookmark\">Read More \u00bb<span class=\"screen-reader-text\">Anest Iwata AZ4 HTE-S 1.2 Mug 200ml smart repair<\/span><\/a><\/p>","protected":false},"featured_media":1850875,"comment_status":"open","ping_status":"open","template":"","meta":{"neve_meta_sidebar":"","neve_meta_container":"","neve_meta_enable_content_width":"","neve_meta_content_width":0,"neve_meta_title_alignment":"","neve_meta_author_avatar":"","neve_post_elements_order":"","neve_meta_disable_header":"","neve_meta_disable_footer":"","neve_meta_disable_title":"","_themeisle_gutenberg_block_has_review":false},"product_brand":[],"product_cat":[757,1103,846],"product_tag":[1104],"class_list":{"0":"post-1891543","1":"product","2":"type-product","3":"status-publish","4":"has-post-thumbnail","6":"product_cat-akcesoria","7":"product_cat-pistolety-lakiernicze","8":"product_cat-reszta","9":"product_tag-anest-iwata","11":"first","12":"outofstock","13":"taxable","14":"shipping-taxable","15":"purchasable","16":"product-type-simple"},"_links":{"self":[{"href":"https:\/\/liquidmaster.pl\/en\/wp-json\/wp\/v2\/product\/1891543","targetHints":{"allow":["GET"]}}],"collection":[{"href":"https:\/\/liquidmaster.pl\/en\/wp-json\/wp\/v2\/product"}],"about":[{"href":"https:\/\/liquidmaster.pl\/en\/wp-json\/wp\/v2\/types\/product"}],"replies":[{"embeddable":true,"href":"https:\/\/liquidmaster.pl\/en\/wp-json\/wp\/v2\/comments?post=1891543"}],"wp:featuredmedia":[{"embeddable":true,"href":"https:\/\/liquidmaster.pl\/en\/wp-json\/wp\/v2\/media\/1850875"}],"wp:attachment":[{"href":"https:\/\/liquidmaster.pl\/en\/wp-json\/wp\/v2\/media?parent=1891543"}],"wp:term":[{"taxonomy":"product_brand","embeddable":true,"href":"https:\/\/liquidmaster.pl\/en\/wp-json\/wp\/v2\/product_brand?post=1891543"},{"taxonomy":"product_cat","embeddable":true,"href":"https:\/\/liquidmaster.pl\/en\/wp-json\/wp\/v2\/product_cat?post=1891543"},{"taxonomy":"product_tag","embeddable":true,"href":"https:\/\/liquidmaster.pl\/en\/wp-json\/wp\/v2\/product_tag?post=1891543"}],"curies":[{"name":"wp","href":"https:\/\/api.w.org\/{rel}","templated":true}]}}