{"id":1891539,"date":"2025-06-21T04:02:50","date_gmt":"2025-06-21T02:02:50","guid":{"rendered":"https:\/\/liquidmaster.pl\/adbl-wash-and-clay-500ml-szampon-3w1-do-mycia-i-glinkowania\/"},"modified":"2026-04-20T08:22:15","modified_gmt":"2026-04-20T06:22:15","slug":"adbl-wash-and-clay-500ml-szampon-3w1-do-mycia-i-glinkowania","status":"publish","type":"product","link":"https:\/\/liquidmaster.pl\/en\/adbl-wash-and-clay-500ml-szampon-3w1-do-mycia-i-glinkowania\/","title":{"rendered":"ADBL Wash and Clay 500ml \u2013 3-in-1 shampoo for washing and claying"},"content":{"rendered":"<p>A revolutionary 3-in-1 shampoo for washing and claying. Highly concentrated and efficient, it can be used as a shampoo, a claying shampoo, or as a lubricant. The carefully selected, pH-neutral formula is safe for surfaces, effectively removing dirt, and its surfactants and polymers provide high slip, preventing micro-scratches. Use as a lubricant at a 1:10 dilution with the ADBL Clay Sponge or ADBL Clay Bar, or as a claying shampoo at a dose of 50 ml per 10 liters of water with the ADBL Clay Towel or ADBL Clay Mitt.<\/p>\n<ul>\n<li>High concentration ensures high efficiency<\/li>\n<li>Pleasant perfumed scent<\/li>\n<li>High slipperiness<\/li>\n<\/ul>\n<p>Usage:<\/p>\n<p>As a clay shampoo:<\/p>\n<li>Wash your car by hand using the two-bucket method, pouring 50 ml of product per 10 liters of water into a bucket.<\/li>\n<li>Rinse the car, do not dry it.<\/li>\n<li>Prepare a new solution, pour 50 ml of the product into a bucket per 10 liters of water.<\/li>\n<li>Clay your car with a Clay Mitt using shampoo as a lubricant.<\/li>\n<li>Rinse and dry the car.<\/li>\n<p>As a lubricant:<\/p>\n<li>Wash your car thoroughly before claying.<\/li>\n<li>Prepare a solution at a concentration of 1:10.<\/li>\n<li>Apply the product directly to the surface using a spray bottle or atomizer.<\/li>\n<li>Work the clay in light, gentle motions. If you feel you&#039;re losing slip, top up the product by spraying with a diluted solution.<\/li>\n<li>After cleaning the surface, rinse and dry the car.\u00a0 \u00a0<\/li>\n<p>Capacity: 500 ml<\/p>","protected":false},"excerpt":{"rendered":"<p>Rewolucyjny szampon 3w1 do mycia oraz glinkowania. Wysoko skoncentrowany i wydajny mo\u017ce s\u0142u\u017cy\u0107 wy\u0142\u0105cznie jako szampon, szampon do glinkowania lub jako sam lubrykant. Starannie dobrana receptura o naturalnym pH jest bezpieczna dla powierzchni, skutecznie usuwa zabrudzenia, a zawarte w niej surfaktanty i polimery zapewniaj\u0105 wysoki po\u015blizg, zapobiegaj\u0105c powstawaniu mikro zarysowa\u0144. Jako lubrykant do zastosowania w&hellip;&nbsp;<a href=\"https:\/\/liquidmaster.pl\/en\/adbl-wash-and-clay-500ml-szampon-3w1-do-mycia-i-glinkowania\/\" rel=\"bookmark\">Read More \u00bb<span class=\"screen-reader-text\">ADBL Wash and Clay 500ml \u2013 3-in-1 shampoo for washing and claying<\/span><\/a><\/p>","protected":false},"featured_media":1850873,"comment_status":"open","ping_status":"open","template":"","meta":{"neve_meta_sidebar":"","neve_meta_container":"","neve_meta_enable_content_width":"","neve_meta_content_width":0,"neve_meta_title_alignment":"","neve_meta_author_avatar":"","neve_post_elements_order":"","neve_meta_disable_header":"","neve_meta_disable_footer":"","neve_meta_disable_title":"","_themeisle_gutenberg_block_has_review":false},"product_brand":[],"product_cat":[734,733,740],"product_tag":[258],"class_list":{"0":"post-1891539","1":"product","2":"type-product","3":"status-publish","4":"has-post-thumbnail","6":"product_cat-mycie-i-osuszanie","7":"product_cat-na-zewnatrz","8":"product_cat-szampony-mycie-i-osuszanie","9":"product_tag-adbl","11":"first","12":"instock","13":"taxable","14":"shipping-taxable","15":"purchasable","16":"product-type-simple"},"_links":{"self":[{"href":"https:\/\/liquidmaster.pl\/en\/wp-json\/wp\/v2\/product\/1891539","targetHints":{"allow":["GET"]}}],"collection":[{"href":"https:\/\/liquidmaster.pl\/en\/wp-json\/wp\/v2\/product"}],"about":[{"href":"https:\/\/liquidmaster.pl\/en\/wp-json\/wp\/v2\/types\/product"}],"replies":[{"embeddable":true,"href":"https:\/\/liquidmaster.pl\/en\/wp-json\/wp\/v2\/comments?post=1891539"}],"wp:featuredmedia":[{"embeddable":true,"href":"https:\/\/liquidmaster.pl\/en\/wp-json\/wp\/v2\/media\/1850873"}],"wp:attachment":[{"href":"https:\/\/liquidmaster.pl\/en\/wp-json\/wp\/v2\/media?parent=1891539"}],"wp:term":[{"taxonomy":"product_brand","embeddable":true,"href":"https:\/\/liquidmaster.pl\/en\/wp-json\/wp\/v2\/product_brand?post=1891539"},{"taxonomy":"product_cat","embeddable":true,"href":"https:\/\/liquidmaster.pl\/en\/wp-json\/wp\/v2\/product_cat?post=1891539"},{"taxonomy":"product_tag","embeddable":true,"href":"https:\/\/liquidmaster.pl\/en\/wp-json\/wp\/v2\/product_tag?post=1891539"}],"curies":[{"name":"wp","href":"https:\/\/api.w.org\/{rel}","templated":true}]}}