{"id":1891533,"date":"2025-06-21T04:00:07","date_gmt":"2025-06-21T02:00:07","guid":{"rendered":"https:\/\/liquidmaster.pl\/adbl-tire-coat-1l-dressing-do-opon\/"},"modified":"2026-04-18T04:41:52","modified_gmt":"2026-04-18T02:41:52","slug":"adbl-tire-coat-1l-dressing-do-opon","status":"publish","type":"product","link":"https:\/\/liquidmaster.pl\/en\/adbl-tire-coat-1l-dressing-do-opon\/","title":{"rendered":"ADBL Tire Coat 1L \u2013 tire dressing"},"content":{"rendered":"<p>Profesjonalny preparat do opon przywracaj\u0105cy powierzchniom fabryczny wygl\u0105d. \u0141atwy w aplikacji, przyciemnia i wyr\u00f3wnuje koloryt, nadaj\u0105c matowe lub satynowe wyko\u0144czenie w zale\u017cno\u015bci od rodzaju powierzchni. Zapewnia wysok\u0105 hydrofobowo\u015b\u0107, chroni\u0105c przed osiadaniem brudu.\u00a0 Najwy\u017cszej jako\u015bci kompozycja polimer\u00f3w i zwi\u0105zk\u00f3w krzemoorganicznych zapewnia trwa\u0142y efekt, utrzymuj\u0105cy si\u0119 na powierzchni do kilku tysi\u0119cy kilometr\u00f3w.<\/p>\n<ul>\n<li>Very efficient<\/li>\n<li>Hydrophobic effect<\/li>\n<li>Idealnie si\u0119 rozprowadza, niezale\u017cnie od typu opony<\/li>\n<li>Nice smell<\/li>\n<li>Mo\u017cliwo\u015b\u0107 warstwowania<\/li>\n<li>High durability<\/li>\n<\/ul>\n<p>Usage:<\/p>\n<li>Aplikuj na czyst\u0105, osuszon\u0105 opon\u0119.<\/li>\n<li>Apply a small amount of the product to the applicator.<\/li>\n<li>Rozprowad\u017a r\u00f3wnomiernie na powierzchni\u0119 opony.<\/li>\n<li>Pozostaw do wyschni\u0119cia na oko\u0142o 30 minut.<\/li>\n<li>Nadmiar produktu usu\u0144 mikrofibr\u0105.<\/li>\n<li>W przypadku ch\u0119ci po\u0142o\u017cenia kolejnej warstwy produktu, odczekaj min. 12 godzin.<\/li>\n<p>Capacity: 1L<\/p>","protected":false},"excerpt":{"rendered":"<p>Profesjonalny preparat do opon przywracaj\u0105cy powierzchniom fabryczny wygl\u0105d. \u0141atwy w aplikacji, przyciemnia i wyr\u00f3wnuje koloryt, nadaj\u0105c matowe lub satynowe wyko\u0144czenie w zale\u017cno\u015bci od rodzaju powierzchni. Zapewnia wysok\u0105 hydrofobowo\u015b\u0107, chroni\u0105c przed osiadaniem brudu.\u00a0 Najwy\u017cszej jako\u015bci kompozycja polimer\u00f3w i zwi\u0105zk\u00f3w krzemoorganicznych zapewnia trwa\u0142y efekt, utrzymuj\u0105cy si\u0119 na powierzchni do kilku tysi\u0119cy kilometr\u00f3w. Bardzo wydajny Efekt hydrofobowy Idealnie&hellip;&nbsp;<a href=\"https:\/\/liquidmaster.pl\/en\/adbl-tire-coat-1l-dressing-do-opon\/\" rel=\"bookmark\">Read More \u00bb<span class=\"screen-reader-text\">ADBL Tire Coat 1L \u2013 tire dressing<\/span><\/a><\/p>","protected":false},"featured_media":1850870,"comment_status":"open","ping_status":"open","template":"","meta":{"neve_meta_sidebar":"","neve_meta_container":"","neve_meta_enable_content_width":"","neve_meta_content_width":0,"neve_meta_title_alignment":"","neve_meta_author_avatar":"","neve_post_elements_order":"","neve_meta_disable_header":"","neve_meta_disable_footer":"","neve_meta_disable_title":"","_themeisle_gutenberg_block_has_review":false},"product_brand":[],"product_cat":[765,745,733],"product_tag":[258],"class_list":{"0":"post-1891533","1":"product","2":"type-product","3":"status-publish","4":"has-post-thumbnail","6":"product_cat-dressingi","7":"product_cat-kola-i-opony","8":"product_cat-na-zewnatrz","9":"product_tag-adbl","11":"first","12":"instock","13":"taxable","14":"shipping-taxable","15":"purchasable","16":"product-type-simple"},"_links":{"self":[{"href":"https:\/\/liquidmaster.pl\/en\/wp-json\/wp\/v2\/product\/1891533","targetHints":{"allow":["GET"]}}],"collection":[{"href":"https:\/\/liquidmaster.pl\/en\/wp-json\/wp\/v2\/product"}],"about":[{"href":"https:\/\/liquidmaster.pl\/en\/wp-json\/wp\/v2\/types\/product"}],"replies":[{"embeddable":true,"href":"https:\/\/liquidmaster.pl\/en\/wp-json\/wp\/v2\/comments?post=1891533"}],"wp:featuredmedia":[{"embeddable":true,"href":"https:\/\/liquidmaster.pl\/en\/wp-json\/wp\/v2\/media\/1850870"}],"wp:attachment":[{"href":"https:\/\/liquidmaster.pl\/en\/wp-json\/wp\/v2\/media?parent=1891533"}],"wp:term":[{"taxonomy":"product_brand","embeddable":true,"href":"https:\/\/liquidmaster.pl\/en\/wp-json\/wp\/v2\/product_brand?post=1891533"},{"taxonomy":"product_cat","embeddable":true,"href":"https:\/\/liquidmaster.pl\/en\/wp-json\/wp\/v2\/product_cat?post=1891533"},{"taxonomy":"product_tag","embeddable":true,"href":"https:\/\/liquidmaster.pl\/en\/wp-json\/wp\/v2\/product_tag?post=1891533"}],"curies":[{"name":"wp","href":"https:\/\/api.w.org\/{rel}","templated":true}]}}