{"id":1890706,"date":"2025-06-21T00:08:47","date_gmt":"2025-06-20T22:08:47","guid":{"rendered":"https:\/\/liquidmaster.pl\/panasonic-ladowarka-14-4v-28-8v\/"},"modified":"2026-04-18T04:39:57","modified_gmt":"2026-04-18T02:39:57","slug":"panasonic-ladowarka-14-4v-28-8v","status":"publish","type":"product","link":"https:\/\/liquidmaster.pl\/en\/panasonic-ladowarka-144v-288v\/","title":{"rendered":"Panasonic \u0141adowarka 14.4V-28.8V"},"content":{"rendered":"<p>\u00a0<\/p>\n<p>Uniwersalna \u0142adowarka do wszystkich baterii Li-on Panasonic od 10,8V do 28,8V. Niski pr\u0105d \u0142adowania (max. 4A) i rozbudowana elektronika kontrolna gwarantuj\u0105 optymalne dla \u017cywotno\u015bci baterii parametry \u0142adowania. Urzadzenie optymalizuje czas \u0142adowania akumulator\u00f3w r\u00f3wnocze\u015bnie dbaj\u0105c o to, \u017ceby ich nadmiernie nie nagrzewa\u0107 i nie prze\u0142adowa\u0107.<\/p>","protected":false},"excerpt":{"rendered":"<p>\u00a0 Uniwersalna \u0142adowarka do wszystkich baterii Li-on Panasonic od 10,8V do 28,8V. Niski pr\u0105d \u0142adowania (max. 4A) i rozbudowana elektronika kontrolna gwarantuj\u0105 optymalne dla \u017cywotno\u015bci baterii parametry \u0142adowania. Urzadzenie optymalizuje czas \u0142adowania akumulator\u00f3w r\u00f3wnocze\u015bnie dbaj\u0105c o to, \u017ceby ich nadmiernie nie nagrzewa\u0107 i nie prze\u0142adowa\u0107.<\/p>","protected":false},"featured_media":1890708,"comment_status":"open","ping_status":"open","template":"","meta":{"neve_meta_sidebar":"","neve_meta_container":"","neve_meta_enable_content_width":"","neve_meta_content_width":0,"neve_meta_title_alignment":"","neve_meta_author_avatar":"","neve_post_elements_order":"","neve_meta_disable_header":"","neve_meta_disable_footer":"","neve_meta_disable_title":"","_themeisle_gutenberg_block_has_review":false},"product_brand":[],"product_cat":[757,908,846],"product_tag":[345],"class_list":{"0":"post-1890706","1":"product","2":"type-product","3":"status-publish","4":"has-post-thumbnail","6":"product_cat-akcesoria","7":"product_cat-narzedzia","8":"product_cat-reszta","9":"product_tag-pozostali","11":"first","12":"outofstock","13":"taxable","14":"shipping-taxable","15":"purchasable","16":"product-type-simple"},"_links":{"self":[{"href":"https:\/\/liquidmaster.pl\/en\/wp-json\/wp\/v2\/product\/1890706","targetHints":{"allow":["GET"]}}],"collection":[{"href":"https:\/\/liquidmaster.pl\/en\/wp-json\/wp\/v2\/product"}],"about":[{"href":"https:\/\/liquidmaster.pl\/en\/wp-json\/wp\/v2\/types\/product"}],"replies":[{"embeddable":true,"href":"https:\/\/liquidmaster.pl\/en\/wp-json\/wp\/v2\/comments?post=1890706"}],"wp:featuredmedia":[{"embeddable":true,"href":"https:\/\/liquidmaster.pl\/en\/wp-json\/wp\/v2\/media\/1890708"}],"wp:attachment":[{"href":"https:\/\/liquidmaster.pl\/en\/wp-json\/wp\/v2\/media?parent=1890706"}],"wp:term":[{"taxonomy":"product_brand","embeddable":true,"href":"https:\/\/liquidmaster.pl\/en\/wp-json\/wp\/v2\/product_brand?post=1890706"},{"taxonomy":"product_cat","embeddable":true,"href":"https:\/\/liquidmaster.pl\/en\/wp-json\/wp\/v2\/product_cat?post=1890706"},{"taxonomy":"product_tag","embeddable":true,"href":"https:\/\/liquidmaster.pl\/en\/wp-json\/wp\/v2\/product_tag?post=1890706"}],"curies":[{"name":"wp","href":"https:\/\/api.w.org\/{rel}","templated":true}]}}